{"id":3435,"date":"2023-05-17T13:20:47","date_gmt":"2023-05-17T13:20:47","guid":{"rendered":"https:\/\/hospitality.es\/?page_id=3435"},"modified":"2023-08-31T15:43:48","modified_gmt":"2023-08-31T15:43:48","slug":"sustainability","status":"publish","type":"page","link":"https:\/\/hospitality.es\/en\/sustainability\/","title":{"rendered":"SUSTAINABILITY"},"content":{"rendered":"<div data-elementor-type=\"wp-page\" data-elementor-id=\"3435\" class=\"elementor elementor-3435\">\n\t\t\t\t\t\t<section class=\"elementor-section elementor-top-section elementor-element elementor-element-025c92a elementor-section-boxed elementor-section-height-default elementor-section-height-default\" data-id=\"025c92a\" data-element_type=\"section\" data-e-type=\"section\" data-settings=\"{&quot;background_background&quot;:&quot;classic&quot;}\">\n\t\t\t\t\t\t\t<div class=\"elementor-background-overlay\"><\/div>\n\t\t\t\t\t\t\t<div class=\"elementor-container elementor-column-gap-extended\">\n\t\t\t\t\t<div class=\"elementor-column elementor-col-100 elementor-top-column elementor-element elementor-element-b60e745\" data-id=\"b60e745\" data-element_type=\"column\" data-e-type=\"column\">\n\t\t\t<div class=\"elementor-widget-wrap elementor-element-populated\">\n\t\t\t\t\t\t<div class=\"elementor-element elementor-element-2c21a71 elementor-widget elementor-widget-zapedah-title\" data-id=\"2c21a71\" data-element_type=\"widget\" data-e-type=\"widget\" data-widget_type=\"zapedah-title.default\">\n\t\t\t\t<div class=\"elementor-widget-container\">\n\t\t\t\t\t<h2 class=\"content-title\"><font color=\"#ffffff\">SUSTAINABILITY<\/font>.<\/h2>\t\t\t\t<\/div>\n\t\t\t\t<\/div>\n\t\t\t\t\t<\/div>\n\t\t<\/div>\n\t\t\t\t\t<\/div>\n\t\t<\/section>\n\t\t\t\t<section class=\"elementor-section elementor-inner-section elementor-element elementor-element-668c438f elementor-section-boxed elementor-section-height-default elementor-section-height-default\" data-id=\"668c438f\" data-element_type=\"section\" data-e-type=\"section\" data-settings=\"{&quot;background_background&quot;:&quot;classic&quot;}\">\n\t\t\t\t\t\t<div class=\"elementor-container elementor-column-gap-extended\">\n\t\t\t\t\t<div class=\"elementor-column elementor-col-33 elementor-inner-column elementor-element elementor-element-2fd79b8\" data-id=\"2fd79b8\" data-element_type=\"column\" data-e-type=\"column\">\n\t\t\t<div class=\"elementor-widget-wrap elementor-element-populated\">\n\t\t\t\t\t\t<div class=\"elementor-element elementor-element-fa46939 animated-fast elementor-widget elementor-widget-zapedah-title\" data-id=\"fa46939\" data-element_type=\"widget\" data-e-type=\"widget\" data-settings=\"{&quot;_animation&quot;:&quot;none&quot;,&quot;_animation_tablet&quot;:&quot;none&quot;}\" data-widget_type=\"zapedah-title.default\">\n\t\t\t\t<div class=\"elementor-widget-container\">\n\t\t\t\t\t<h2 class=\"content-title\">Corporate Social <b>Responsibility.<\/b><\/h2>\t\t\t\t<\/div>\n\t\t\t\t<\/div>\n\t\t\t\t\t<\/div>\n\t\t<\/div>\n\t\t\t\t<div class=\"elementor-column elementor-col-66 elementor-inner-column elementor-element elementor-element-4f56e813 elementor-invisible\" data-id=\"4f56e813\" data-element_type=\"column\" data-e-type=\"column\" data-settings=\"{&quot;animation&quot;:&quot;fadeInRight&quot;}\">\n\t\t\t<div class=\"elementor-widget-wrap\">\n\t\t\t\t\t\t\t<\/div>\n\t\t<\/div>\n\t\t\t\t\t<\/div>\n\t\t<\/section>\n\t\t\t\t<section class=\"elementor-section elementor-top-section elementor-element elementor-element-ca91a4b elementor-section-boxed elementor-section-height-default elementor-section-height-default\" data-id=\"ca91a4b\" data-element_type=\"section\" data-e-type=\"section\">\n\t\t\t\t\t\t<div class=\"elementor-container elementor-column-gap-default\">\n\t\t\t\t\t<div class=\"elementor-column elementor-col-50 elementor-top-column elementor-element elementor-element-8d68ec4\" data-id=\"8d68ec4\" data-element_type=\"column\" data-e-type=\"column\">\n\t\t\t<div class=\"elementor-widget-wrap elementor-element-populated\">\n\t\t\t\t\t\t<div class=\"elementor-element elementor-element-ed708c1 elementor-widget elementor-widget-zapedah-texticon\" data-id=\"ed708c1\" data-element_type=\"widget\" data-e-type=\"widget\" data-widget_type=\"zapedah-texticon.default\">\n\t\t\t\t<div class=\"elementor-widget-container\">\n\t\t\t\t\t\r\n<div class=\"box-with-icon\">\r\n    <i class=\"zapedah-icon fas fa-angle-right\"><\/i>\r\n\r\n\r\n    <h3 class=\"icon-title\">Who?<\/h3>\r\n\r\n        <p class=\"box-sub-title icon-subtitle\">What makes Hospitality great is our team. We are working hard to raise awareness among our team so that we all align with our principles, focusing on sustainability as a priority matter. A series of training courses in sustainability, sustainable gastronomy, climate impact, carbon footprint reduction and offsetting, amongst others, will take place in early 2023 as a part of the sustainability strategy we are building, guided by a specialist consultancy company.<\/p>\r\n    \r\n\t    <p class=\"bg-text\">  <\/p>\r\n    \r\n    <div class=\"icon-text\"><\/div>\r\n\r\n\r\n\r\n    \r\n\r\n<\/div>\r\n<!--\/.box-small-icon-->\r\n\r\n\r\n\r\n\t\t\t\t<\/div>\n\t\t\t\t<\/div>\n\t\t\t\t\t<\/div>\n\t\t<\/div>\n\t\t\t\t<div class=\"elementor-column elementor-col-50 elementor-top-column elementor-element elementor-element-82722f5\" data-id=\"82722f5\" data-element_type=\"column\" data-e-type=\"column\">\n\t\t\t<div class=\"elementor-widget-wrap elementor-element-populated\">\n\t\t\t\t\t\t<div class=\"elementor-element elementor-element-c4de21b elementor-widget elementor-widget-zapedah-texticon\" data-id=\"c4de21b\" data-element_type=\"widget\" data-e-type=\"widget\" data-widget_type=\"zapedah-texticon.default\">\n\t\t\t\t<div class=\"elementor-widget-container\">\n\t\t\t\t\t\r\n<div class=\"box-with-icon\">\r\n    <i class=\"zapedah-icon fas fa-angle-right\"><\/i>\r\n\r\n\r\n    <h3 class=\"icon-title\">What?<\/h3>\r\n\r\n        <p class=\"box-sub-title icon-subtitle\">We are making significant progress in terms of sustainability. Knowing our company from its core to be able to adopt sustainability through a 360\u00ba scan identifying and materialising critical areas was our first step. We are developing our sustainability strategy; consequently, we are establishing objectives and policies that help us comply. We also consider the training of our team a cornerstone of our efforts in sustainability.<\/p>\r\n    \r\n\t    <p class=\"bg-text\">  <\/p>\r\n    \r\n    <div class=\"icon-text\"><\/div>\r\n\r\n\r\n\r\n    \r\n\r\n<\/div>\r\n<!--\/.box-small-icon-->\r\n\r\n\r\n\r\n\t\t\t\t<\/div>\n\t\t\t\t<\/div>\n\t\t\t\t\t<\/div>\n\t\t<\/div>\n\t\t\t\t\t<\/div>\n\t\t<\/section>\n\t\t\t\t<section class=\"elementor-section elementor-top-section elementor-element elementor-element-97c7baa elementor-section-boxed elementor-section-height-default elementor-section-height-default\" data-id=\"97c7baa\" data-element_type=\"section\" data-e-type=\"section\">\n\t\t\t\t\t\t<div class=\"elementor-container elementor-column-gap-default\">\n\t\t\t\t\t<div class=\"elementor-column elementor-col-50 elementor-top-column elementor-element elementor-element-d5a2c71\" data-id=\"d5a2c71\" data-element_type=\"column\" data-e-type=\"column\">\n\t\t\t<div class=\"elementor-widget-wrap elementor-element-populated\">\n\t\t\t\t\t\t<div class=\"elementor-element elementor-element-cff8b92 elementor-widget elementor-widget-zapedah-texticon\" data-id=\"cff8b92\" data-element_type=\"widget\" data-e-type=\"widget\" data-widget_type=\"zapedah-texticon.default\">\n\t\t\t\t<div class=\"elementor-widget-container\">\n\t\t\t\t\t\r\n<div class=\"box-with-icon\">\r\n    <i class=\"zapedah-icon fas fa-angle-right\"><\/i>\r\n\r\n\r\n    <h3 class=\"icon-title\">When?<\/h3>\r\n\r\n        <p class=\"box-sub-title icon-subtitle\">Now. We recognise the need of our stakeholders for a proactive change towards a more sustainable business. Therefore, since last year, we decided to concretise our efforts on sustainability and act towards an increasingly conscious and responsible company.<\/p>\r\n    \r\n\t    <p class=\"bg-text\">  <\/p>\r\n    \r\n    <div class=\"icon-text\"><\/div>\r\n\r\n\r\n\r\n    \r\n\r\n<\/div>\r\n<!--\/.box-small-icon-->\r\n\r\n\r\n\r\n\t\t\t\t<\/div>\n\t\t\t\t<\/div>\n\t\t\t\t\t<\/div>\n\t\t<\/div>\n\t\t\t\t<div class=\"elementor-column elementor-col-50 elementor-top-column elementor-element elementor-element-ce5cc31\" data-id=\"ce5cc31\" data-element_type=\"column\" data-e-type=\"column\">\n\t\t\t<div class=\"elementor-widget-wrap elementor-element-populated\">\n\t\t\t\t\t\t<div class=\"elementor-element elementor-element-87626c8 elementor-widget elementor-widget-zapedah-texticon\" data-id=\"87626c8\" data-element_type=\"widget\" data-e-type=\"widget\" data-widget_type=\"zapedah-texticon.default\">\n\t\t\t\t<div class=\"elementor-widget-container\">\n\t\t\t\t\t\r\n<div class=\"box-with-icon\">\r\n    <i class=\"zapedah-icon fas fa-angle-right\"><\/i>\r\n\r\n\r\n    <h3 class=\"icon-title\">Where?<\/h3>\r\n\r\n        <p class=\"box-sub-title icon-subtitle\">From our headquarters and kitchens in Granollers to our units and hospitality services that move across the continents, our message is clear: We want to offer now the best service we can, thinking of being able to serve in the future.<\/p>\r\n    \r\n\t    <p class=\"bg-text\">  <\/p>\r\n    \r\n    <div class=\"icon-text\"><\/div>\r\n\r\n\r\n\r\n    \r\n\r\n<\/div>\r\n<!--\/.box-small-icon-->\r\n\r\n\r\n\r\n\t\t\t\t<\/div>\n\t\t\t\t<\/div>\n\t\t\t\t\t<\/div>\n\t\t<\/div>\n\t\t\t\t\t<\/div>\n\t\t<\/section>\n\t\t\t\t<section class=\"elementor-section elementor-top-section elementor-element elementor-element-8286074 elementor-section-boxed elementor-section-height-default elementor-section-height-default\" data-id=\"8286074\" data-element_type=\"section\" data-e-type=\"section\">\n\t\t\t\t\t\t<div class=\"elementor-container elementor-column-gap-default\">\n\t\t\t\t\t<div class=\"elementor-column elementor-col-50 elementor-top-column elementor-element elementor-element-c08873c\" data-id=\"c08873c\" data-element_type=\"column\" data-e-type=\"column\">\n\t\t\t<div class=\"elementor-widget-wrap elementor-element-populated\">\n\t\t\t\t\t\t<div class=\"elementor-element elementor-element-641f684 elementor-widget elementor-widget-zapedah-texticon\" data-id=\"641f684\" data-element_type=\"widget\" data-e-type=\"widget\" data-widget_type=\"zapedah-texticon.default\">\n\t\t\t\t<div class=\"elementor-widget-container\">\n\t\t\t\t\t\r\n<div class=\"box-with-icon\">\r\n    <i class=\"zapedah-icon fas fa-angle-right\"><\/i>\r\n\r\n\r\n    <h3 class=\"icon-title\">Why?<\/h3>\r\n\r\n        <p class=\"box-sub-title icon-subtitle\">Spirit of service, perfection in execution, efficiency and passion for our work is our philosophy. That is why since 1992, we have remained a benchmark company in mobile corporate hospitality services. This time, we are taking a step forward and becoming increasingly sustainable to continue the legacy of Javier and Gin\u00e9s.<\/p>\r\n    \r\n\t    <p class=\"bg-text\">  <\/p>\r\n    \r\n    <div class=\"icon-text\"><\/div>\r\n\r\n\r\n\r\n    \r\n\r\n<\/div>\r\n<!--\/.box-small-icon-->\r\n\r\n\r\n\r\n\t\t\t\t<\/div>\n\t\t\t\t<\/div>\n\t\t\t\t\t<\/div>\n\t\t<\/div>\n\t\t\t\t<div class=\"elementor-column elementor-col-50 elementor-top-column elementor-element elementor-element-bd3fd23\" data-id=\"bd3fd23\" data-element_type=\"column\" data-e-type=\"column\">\n\t\t\t<div class=\"elementor-widget-wrap\">\n\t\t\t\t\t\t\t<\/div>\n\t\t<\/div>\n\t\t\t\t\t<\/div>\n\t\t<\/section>\n\t\t\t\t<section class=\"elementor-section elementor-top-section elementor-element elementor-element-64fdb24 elementor-section-boxed elementor-section-height-default elementor-section-height-default\" data-id=\"64fdb24\" data-element_type=\"section\" data-e-type=\"section\" id=\"gastro\" data-settings=\"{&quot;background_background&quot;:&quot;classic&quot;}\">\n\t\t\t\t\t\t<div class=\"elementor-container elementor-column-gap-extended\">\n\t\t\t\t\t<div class=\"elementor-column elementor-col-100 elementor-top-column elementor-element elementor-element-7e88315\" data-id=\"7e88315\" data-element_type=\"column\" data-e-type=\"column\">\n\t\t\t<div class=\"elementor-widget-wrap elementor-element-populated\">\n\t\t\t\t\t\t<div class=\"elementor-element elementor-element-093c282 elementor-widget elementor-widget-zapedah-title\" data-id=\"093c282\" data-element_type=\"widget\" data-e-type=\"widget\" data-widget_type=\"zapedah-title.default\">\n\t\t\t\t<div class=\"elementor-widget-container\">\n\t\t\t\t\t<h2 class=\"content-title\"><b>Gastronom\u00eda sostenible.<\/b><\/h2>\t\t\t\t<\/div>\n\t\t\t\t<\/div>\n\t\t\t\t<div class=\"elementor-element elementor-element-2a2ebeb elementor-widget elementor-widget-text-editor\" data-id=\"2a2ebeb\" data-element_type=\"widget\" data-e-type=\"widget\" id=\"gastro\" data-widget_type=\"text-editor.default\">\n\t\t\t\t<div class=\"elementor-widget-container\">\n\t\t\t\t\t\t\t\t\t<p>An essential part of our hospitality offer is the gastronomic experience. We recognise the need to present gastronomic proposals full of flavour, smell, character, and visually appetising but also responsible. In this sense, and as a conclusion of a recent study by our executive chef, more than 60% of the product used in our gastronomic offer is from proximity. This study also showed us that close to 10% of the product is of local origin wherever we provide services. Impacting positively the communities we visit.<\/p><p>On the other hand, we are very proud to be able to present proposals that contain a high component of Mediterranean gastronomy, that is, the cuisine of our roots. We intend to show our clients the rescue of all that culinary wisdom of the region. We are increasingly aware of the importance of gastronomy in our climate ambitions. We are already in conversations with our suppliers to increase these local and proximity product percentages and thus be able to contribute to the Global Goals actively. We have also participated in food surplus distribution programs within the framework of the KISS programs of our client FIM (F\u00e9d\u00e9ration Internationale de Motocyclisme) in coordination with recognised circuits.<\/p>\t\t\t\t\t\t\t\t<\/div>\n\t\t\t\t<\/div>\n\t\t\t\t\t<\/div>\n\t\t<\/div>\n\t\t\t\t\t<\/div>\n\t\t<\/section>\n\t\t\t\t<section class=\"elementor-section elementor-top-section elementor-element elementor-element-074fe67 elementor-section-boxed elementor-section-height-default elementor-section-height-default\" data-id=\"074fe67\" data-element_type=\"section\" data-e-type=\"section\" data-settings=\"{&quot;background_background&quot;:&quot;classic&quot;}\">\n\t\t\t\t\t\t<div class=\"elementor-container elementor-column-gap-wider\">\n\t\t\t\t\t<div class=\"elementor-column elementor-col-100 elementor-top-column elementor-element elementor-element-7938e57\" data-id=\"7938e57\" data-element_type=\"column\" data-e-type=\"column\">\n\t\t\t<div class=\"elementor-widget-wrap elementor-element-populated\">\n\t\t\t\t\t\t<div class=\"elementor-element elementor-element-b469919 elementor-widget elementor-widget-zapedah-title\" data-id=\"b469919\" data-element_type=\"widget\" data-e-type=\"widget\" id=\"motorsport\" data-widget_type=\"zapedah-title.default\">\n\t\t\t\t<div class=\"elementor-widget-container\">\n\t\t\t\t\t<h2 class=\"content-title\"><b>Responsible logistics<b><span>.<\/span><\/h2>\t\t\t\t<\/div>\n\t\t\t\t<\/div>\n\t\t\t\t<div class=\"elementor-element elementor-element-36b6aff elementor-widget elementor-widget-text-editor\" data-id=\"36b6aff\" data-element_type=\"widget\" data-e-type=\"widget\" data-widget_type=\"text-editor.default\">\n\t\t\t\t<div class=\"elementor-widget-container\">\n\t\t\t\t\t\t\t\t\t<p>Logistics is another fundamental component of our business. We are aware that the transfer of units and staff impacts the environment. Our logistics department works hard to find viable routes in the three spheres of sustainability. In the environmental aspect, courses are sought that are more efficient; Carpooling is another component we use because it is an efficient way to commute and has several environmental benefits. In the social aspect, we actively take care of the driving schedules of the staff as well as the most viable transfer options for them.<\/p><p>On the economic side, a balance is maintained between the cost versus the benefit in such a way that it is a win-win situation. Much work is needed, and we will begin (starting in 2023) to offset our carbon footprint from some of our projects.<\/p>\t\t\t\t\t\t\t\t<\/div>\n\t\t\t\t<\/div>\n\t\t\t\t\t<\/div>\n\t\t<\/div>\n\t\t\t\t\t<\/div>\n\t\t<\/section>\n\t\t\t\t<section class=\"elementor-section elementor-top-section elementor-element elementor-element-ebc7265 elementor-section-boxed elementor-section-height-default elementor-section-height-default\" data-id=\"ebc7265\" data-element_type=\"section\" data-e-type=\"section\" data-settings=\"{&quot;background_background&quot;:&quot;classic&quot;}\">\n\t\t\t\t\t\t<div class=\"elementor-container elementor-column-gap-extended\">\n\t\t\t\t\t<div class=\"elementor-column elementor-col-100 elementor-top-column elementor-element elementor-element-4da37cc\" data-id=\"4da37cc\" data-element_type=\"column\" data-e-type=\"column\">\n\t\t\t<div class=\"elementor-widget-wrap elementor-element-populated\">\n\t\t\t\t\t\t<div class=\"elementor-element elementor-element-9065646 elementor-widget elementor-widget-zapedah-title\" data-id=\"9065646\" data-element_type=\"widget\" data-e-type=\"widget\" data-widget_type=\"zapedah-title.default\">\n\t\t\t\t<div class=\"elementor-widget-container\">\n\t\t\t\t\t<h2 class=\"content-title\"><b>Clima.<\/b><\/h2>\t\t\t\t<\/div>\n\t\t\t\t<\/div>\n\t\t\t\t<div class=\"elementor-element elementor-element-848176b elementor-widget elementor-widget-text-editor\" data-id=\"848176b\" data-element_type=\"widget\" data-e-type=\"widget\" data-widget_type=\"text-editor.default\">\n\t\t\t\t<div class=\"elementor-widget-container\">\n\t\t\t\t\t\t\t\t\t<p>Our climate ambitions are being set. One of the most important aspects is that from management to operators, we understand the need for a proactive change that benefits the planet. We are on the road to becoming a purpose-driven company and are very interested in collaborating and contributing to carbon neutralisation projects related to the ocean and biodiversity. It is a work in progress, and we want you to know that we will soon bring excellent news.<\/p>\t\t\t\t\t\t\t\t<\/div>\n\t\t\t\t<\/div>\n\t\t\t\t\t<\/div>\n\t\t<\/div>\n\t\t\t\t\t<\/div>\n\t\t<\/section>\n\t\t\t\t<section class=\"elementor-section elementor-top-section elementor-element elementor-element-d457dfe elementor-section-boxed elementor-section-height-default elementor-section-height-default\" data-id=\"d457dfe\" data-element_type=\"section\" data-e-type=\"section\" data-settings=\"{&quot;background_background&quot;:&quot;classic&quot;}\">\n\t\t\t\t\t\t<div class=\"elementor-container elementor-column-gap-wider\">\n\t\t\t\t\t<div class=\"elementor-column elementor-col-100 elementor-top-column elementor-element elementor-element-c6ac8d1\" data-id=\"c6ac8d1\" data-element_type=\"column\" data-e-type=\"column\">\n\t\t\t<div class=\"elementor-widget-wrap elementor-element-populated\">\n\t\t\t\t\t\t<div class=\"elementor-element elementor-element-9aed9ce elementor-widget elementor-widget-zapedah-title\" data-id=\"9aed9ce\" data-element_type=\"widget\" data-e-type=\"widget\" data-widget_type=\"zapedah-title.default\">\n\t\t\t\t<div class=\"elementor-widget-container\">\n\t\t\t\t\t<h2 class=\"content-title\"><b>SDGs<\/b><span>.<\/span><\/h2>\t\t\t\t<\/div>\n\t\t\t\t<\/div>\n\t\t\t\t<div class=\"elementor-element elementor-element-9510800 elementor-widget elementor-widget-text-editor\" data-id=\"9510800\" data-element_type=\"widget\" data-e-type=\"widget\" data-widget_type=\"text-editor.default\">\n\t\t\t\t<div class=\"elementor-widget-container\">\n\t\t\t\t\t\t\t\t\t<p>The Sustainable Development Goals (SDGs) aim to transform our world. They are a call to action to contribute to the planet's regeneration actively. Our company must, through the sustainability strategy we are developing, align with these Global Goals. It is time to concretize the isolated actions and mark a north that guides our work.<\/p>\t\t\t\t\t\t\t\t<\/div>\n\t\t\t\t<\/div>\n\t\t\t\t\t<\/div>\n\t\t<\/div>\n\t\t\t\t\t<\/div>\n\t\t<\/section>\n\t\t\t\t<\/div>","protected":false},"excerpt":{"rendered":"<p>Sostenibilidad. Responsabilidad Social Corporativa. \u00bfQui\u00e9n? Lo que hace grande a Hospitality es nuestro equipo. Hemos trabajando duro para crear conciencia entre nuestro equipo para que que todos nos alineemos con nuestros principios, centr\u00e1ndonos en la sostenibilidad como tema prioritario. Mediante una serie de entrenamientos y cursos de sostenibilidad, gastronom\u00eda sostenible, impacto clim\u00e1tico, reducci\u00f3n de la huella de carbono y la &hellip;<\/p>","protected":false},"author":1,"featured_media":3470,"parent":0,"menu_order":0,"comment_status":"closed","ping_status":"closed","template":"blank-builder.php","meta":{"footnotes":""},"class_list":["post-3435","page","type-page","status-publish","has-post-thumbnail","hentry"],"_links":{"self":[{"href":"https:\/\/hospitality.es\/en\/wp-json\/wp\/v2\/pages\/3435","targetHints":{"allow":["GET"]}}],"collection":[{"href":"https:\/\/hospitality.es\/en\/wp-json\/wp\/v2\/pages"}],"about":[{"href":"https:\/\/hospitality.es\/en\/wp-json\/wp\/v2\/types\/page"}],"author":[{"embeddable":true,"href":"https:\/\/hospitality.es\/en\/wp-json\/wp\/v2\/users\/1"}],"replies":[{"embeddable":true,"href":"https:\/\/hospitality.es\/en\/wp-json\/wp\/v2\/comments?post=3435"}],"version-history":[{"count":0,"href":"https:\/\/hospitality.es\/en\/wp-json\/wp\/v2\/pages\/3435\/revisions"}],"wp:featuredmedia":[{"embeddable":true,"href":"https:\/\/hospitality.es\/en\/wp-json\/wp\/v2\/media\/3470"}],"wp:attachment":[{"href":"https:\/\/hospitality.es\/en\/wp-json\/wp\/v2\/media?parent=3435"}],"curies":[{"name":"wp","href":"https:\/\/api.w.org\/{rel}","templated":true}]}}