{"id":4627,"date":"2023-09-06T14:39:26","date_gmt":"2023-09-06T14:39:26","guid":{"rendered":"https:\/\/hospitality.es\/?page_id=4627"},"modified":"2024-12-10T10:34:31","modified_gmt":"2024-12-10T10:34:31","slug":"truck-covers","status":"publish","type":"page","link":"https:\/\/hospitality.es\/en\/truck-covers\/","title":{"rendered":"Truck Covers"},"content":{"rendered":"<div data-elementor-type=\"wp-page\" data-elementor-id=\"4627\" class=\"elementor elementor-4627\">\n\t\t\t\t\t\t<section class=\"elementor-section elementor-top-section elementor-element elementor-element-8a6384a elementor-section-boxed elementor-section-height-default elementor-section-height-default\" data-id=\"8a6384a\" data-element_type=\"section\" data-e-type=\"section\" data-settings=\"{&quot;background_background&quot;:&quot;classic&quot;}\">\n\t\t\t\t\t\t\t<div class=\"elementor-background-overlay\"><\/div>\n\t\t\t\t\t\t\t<div class=\"elementor-container elementor-column-gap-extended\">\n\t\t\t\t\t<div class=\"elementor-column elementor-col-100 elementor-top-column elementor-element elementor-element-9c7ba51\" data-id=\"9c7ba51\" data-element_type=\"column\" data-e-type=\"column\">\n\t\t\t<div class=\"elementor-widget-wrap elementor-element-populated\">\n\t\t\t\t\t\t<div class=\"elementor-element elementor-element-805bf15 elementor-widget elementor-widget-text-editor\" data-id=\"805bf15\" data-element_type=\"widget\" data-e-type=\"widget\" data-widget_type=\"text-editor.default\">\n\t\t\t\t<div class=\"elementor-widget-container\">\n\t\t\t\t\t\t\t\t\t<p>hospitality<\/p>\t\t\t\t\t\t\t\t<\/div>\n\t\t\t\t<\/div>\n\t\t\t\t<div class=\"elementor-element elementor-element-5679f91 elementor-widget elementor-widget-zapedah-title\" data-id=\"5679f91\" data-element_type=\"widget\" data-e-type=\"widget\" data-widget_type=\"zapedah-title.default\">\n\t\t\t\t<div class=\"elementor-widget-container\">\n\t\t\t\t\t<h2 class=\"content-title\"><font color=\"#ffffff\">Truck Covers<\/font>.<\/h2>\t\t\t\t<\/div>\n\t\t\t\t<\/div>\n\t\t\t\t\t<\/div>\n\t\t<\/div>\n\t\t\t\t\t<\/div>\n\t\t<\/section>\n\t\t\t\t<section class=\"elementor-section elementor-top-section elementor-element elementor-element-011efc4 elementor-section-boxed elementor-section-height-default elementor-section-height-default\" data-id=\"011efc4\" data-element_type=\"section\" data-e-type=\"section\" data-settings=\"{&quot;background_background&quot;:&quot;classic&quot;}\">\n\t\t\t\t\t\t<div class=\"elementor-container elementor-column-gap-extended\">\n\t\t\t\t\t<div class=\"elementor-column elementor-col-100 elementor-top-column elementor-element elementor-element-e47ebf1\" data-id=\"e47ebf1\" data-element_type=\"column\" data-e-type=\"column\">\n\t\t\t<div class=\"elementor-widget-wrap elementor-element-populated\">\n\t\t\t\t\t\t<div class=\"elementor-element elementor-element-2dd543a elementor-widget elementor-widget-zapedah-title\" data-id=\"2dd543a\" data-element_type=\"widget\" data-e-type=\"widget\" data-widget_type=\"zapedah-title.default\">\n\t\t\t\t<div class=\"elementor-widget-container\">\n\t\t\t\t\t<h2 class=\"content-title\">Custom <b>trail<\/b> covers<span>.<\/span><\/h2>\t\t\t\t<\/div>\n\t\t\t\t<\/div>\n\t\t\t\t<div class=\"elementor-element elementor-element-d571569 elementor-widget elementor-widget-text-editor\" data-id=\"d571569\" data-element_type=\"widget\" data-e-type=\"widget\" data-widget_type=\"text-editor.default\">\n\t\t\t\t<div class=\"elementor-widget-container\">\n\t\t\t\t\t\t\t\t\t<div class=\"elementor-element elementor-element-f57f0b2 animated-fast elementor-widget elementor-widget-text-editor\" data-id=\"f57f0b2\" data-element_type=\"widget\" data-settings=\"{&quot;_animation&quot;:&quot;none&quot;,&quot;_animation_tablet&quot;:&quot;none&quot;,&quot;_animation_delay&quot;:200}\" data-widget_type=\"text-editor.default\"><div class=\"elementor-widget-container\"><p>Get ready for competition in any weather with our exclusive custom-fit racing trailer covers! At Hospitality, we understand the importance of keeping your equipment in perfect condition, no matter what inclement weather comes your way.<\/p><p>Our custom covers are designed with total protection for your trailer and its valuable cargo in mind. It doesn't matter if you are facing rain, snow, wind or scorching sun; Our cases are made from the toughest, most durable materials to ensure your gear is always ready for action.<\/p><\/div><\/div>\t\t\t\t\t\t\t\t<\/div>\n\t\t\t\t<\/div>\n\t\t\t\t<div class=\"elementor-element elementor-element-a5e617e elementor-widget elementor-widget-heading\" data-id=\"a5e617e\" data-element_type=\"widget\" data-e-type=\"widget\" data-widget_type=\"heading.default\">\n\t\t\t\t<div class=\"elementor-widget-container\">\n\t\t\t\t\t<h2 class=\"elementor-heading-title elementor-size-default\">What makes our covers so special?\n\n<\/h2>\t\t\t\t<\/div>\n\t\t\t\t<\/div>\n\t\t\t\t<div class=\"elementor-element elementor-element-2c0f5ff elementor-widget elementor-widget-text-editor\" data-id=\"2c0f5ff\" data-element_type=\"widget\" data-e-type=\"widget\" data-widget_type=\"text-editor.default\">\n\t\t\t\t<div class=\"elementor-widget-container\">\n\t\t\t\t\t\t\t\t\t<ul><li><p><strong>Precise Measurements:<\/strong> Each cover fits perfectly to the dimensions of your trailer, ensuring a custom fit and optimal protection.<\/p><\/li><li><p><strong>Extreme resistance:<\/strong> We use high quality materials that are resistant to water, dust and UV rays, to keep your equipment safe from any outside threat.<\/p><\/li><li><p><strong>Ease of Use:<\/strong> Our covers are easy to install and remove, allowing you to get ready for competition in minutes.<\/p><\/li><li><p><strong>Unparalleled Durability:<\/strong> Designed to withstand constant wear and tear, our covers are built to last season after season.<\/p><\/li><\/ul>\t\t\t\t\t\t\t\t<\/div>\n\t\t\t\t<\/div>\n\t\t\t\t\t<\/div>\n\t\t<\/div>\n\t\t\t\t\t<\/div>\n\t\t<\/section>\n\t\t\t\t<section class=\"elementor-section elementor-top-section elementor-element elementor-element-213683e elementor-section-boxed elementor-section-height-default elementor-section-height-default\" data-id=\"213683e\" data-element_type=\"section\" data-e-type=\"section\" data-settings=\"{&quot;background_background&quot;:&quot;classic&quot;}\">\n\t\t\t\t\t\t<div class=\"elementor-container elementor-column-gap-default\">\n\t\t\t\t\t<div class=\"elementor-column elementor-col-50 elementor-top-column elementor-element elementor-element-a1c03c8\" data-id=\"a1c03c8\" data-element_type=\"column\" data-e-type=\"column\">\n\t\t\t<div class=\"elementor-widget-wrap elementor-element-populated\">\n\t\t\t\t\t\t<div class=\"elementor-element elementor-element-834f2da elementor-widget elementor-widget-image\" data-id=\"834f2da\" data-element_type=\"widget\" data-e-type=\"widget\" data-widget_type=\"image.default\">\n\t\t\t\t<div class=\"elementor-widget-container\">\n\t\t\t\t\t\t\t\t\t\t\t\t\t\t\t<img fetchpriority=\"high\" decoding=\"async\" width=\"1024\" height=\"614\" src=\"https:\/\/hospitality.es\/wp-content\/uploads\/2023\/08\/truck2-1024x614.jpg\" class=\"attachment-large size-large wp-image-4306\" alt=\"\" srcset=\"https:\/\/hospitality.es\/wp-content\/uploads\/2023\/08\/truck2-1024x614.jpg 1024w, https:\/\/hospitality.es\/wp-content\/uploads\/2023\/08\/truck2-300x180.jpg 300w, https:\/\/hospitality.es\/wp-content\/uploads\/2023\/08\/truck2-768x461.jpg 768w, https:\/\/hospitality.es\/wp-content\/uploads\/2023\/08\/truck2-1536x922.jpg 1536w, https:\/\/hospitality.es\/wp-content\/uploads\/2023\/08\/truck2-18x12.jpg 18w, https:\/\/hospitality.es\/wp-content\/uploads\/2023\/08\/truck2-500x300.jpg 500w, https:\/\/hospitality.es\/wp-content\/uploads\/2023\/08\/truck2.jpg 2000w\" sizes=\"(max-width: 1024px) 100vw, 1024px\" \/>\t\t\t\t\t\t\t\t\t\t\t\t\t\t\t<\/div>\n\t\t\t\t<\/div>\n\t\t\t\t\t<\/div>\n\t\t<\/div>\n\t\t\t\t<div class=\"elementor-column elementor-col-50 elementor-top-column elementor-element elementor-element-405b257\" data-id=\"405b257\" data-element_type=\"column\" data-e-type=\"column\">\n\t\t\t<div class=\"elementor-widget-wrap elementor-element-populated\">\n\t\t\t\t\t\t<div class=\"elementor-element elementor-element-020fde9 elementor-widget elementor-widget-image\" data-id=\"020fde9\" data-element_type=\"widget\" data-e-type=\"widget\" data-widget_type=\"image.default\">\n\t\t\t\t<div class=\"elementor-widget-container\">\n\t\t\t\t\t\t\t\t\t\t\t\t\t\t\t<img decoding=\"async\" width=\"1024\" height=\"614\" src=\"https:\/\/hospitality.es\/wp-content\/uploads\/2023\/10\/truck-sro2-1024x614.jpg\" class=\"attachment-large size-large wp-image-4678\" alt=\"\" srcset=\"https:\/\/hospitality.es\/wp-content\/uploads\/2023\/10\/truck-sro2-1024x614.jpg 1024w, https:\/\/hospitality.es\/wp-content\/uploads\/2023\/10\/truck-sro2-300x180.jpg 300w, https:\/\/hospitality.es\/wp-content\/uploads\/2023\/10\/truck-sro2-768x461.jpg 768w, https:\/\/hospitality.es\/wp-content\/uploads\/2023\/10\/truck-sro2-1536x922.jpg 1536w, https:\/\/hospitality.es\/wp-content\/uploads\/2023\/10\/truck-sro2-18x12.jpg 18w, https:\/\/hospitality.es\/wp-content\/uploads\/2023\/10\/truck-sro2-500x300.jpg 500w, https:\/\/hospitality.es\/wp-content\/uploads\/2023\/10\/truck-sro2.jpg 2000w\" sizes=\"(max-width: 1024px) 100vw, 1024px\" \/>\t\t\t\t\t\t\t\t\t\t\t\t\t\t\t<\/div>\n\t\t\t\t<\/div>\n\t\t\t\t\t<\/div>\n\t\t<\/div>\n\t\t\t\t\t<\/div>\n\t\t<\/section>\n\t\t\t\t<section class=\"elementor-section elementor-top-section elementor-element elementor-element-69fbecd elementor-section-boxed elementor-section-height-default elementor-section-height-default\" data-id=\"69fbecd\" data-element_type=\"section\" data-e-type=\"section\" data-settings=\"{&quot;background_background&quot;:&quot;classic&quot;}\">\n\t\t\t\t\t\t<div class=\"elementor-container elementor-column-gap-default\">\n\t\t\t\t\t<div class=\"elementor-column elementor-col-50 elementor-top-column elementor-element elementor-element-377208b\" data-id=\"377208b\" data-element_type=\"column\" data-e-type=\"column\">\n\t\t\t<div class=\"elementor-widget-wrap elementor-element-populated\">\n\t\t\t\t\t\t<div class=\"elementor-element elementor-element-90896e6 elementor-widget elementor-widget-image\" data-id=\"90896e6\" data-element_type=\"widget\" data-e-type=\"widget\" data-widget_type=\"image.default\">\n\t\t\t\t<div class=\"elementor-widget-container\">\n\t\t\t\t\t\t\t\t\t\t\t\t\t\t\t<img decoding=\"async\" width=\"1024\" height=\"614\" src=\"https:\/\/hospitality.es\/wp-content\/uploads\/2023\/08\/truck-1024x614.jpg\" class=\"attachment-large size-large wp-image-4305\" alt=\"\" srcset=\"https:\/\/hospitality.es\/wp-content\/uploads\/2023\/08\/truck-1024x614.jpg 1024w, https:\/\/hospitality.es\/wp-content\/uploads\/2023\/08\/truck-300x180.jpg 300w, https:\/\/hospitality.es\/wp-content\/uploads\/2023\/08\/truck-768x461.jpg 768w, https:\/\/hospitality.es\/wp-content\/uploads\/2023\/08\/truck-1536x922.jpg 1536w, https:\/\/hospitality.es\/wp-content\/uploads\/2023\/08\/truck-18x12.jpg 18w, https:\/\/hospitality.es\/wp-content\/uploads\/2023\/08\/truck-500x300.jpg 500w, https:\/\/hospitality.es\/wp-content\/uploads\/2023\/08\/truck.jpg 2000w\" sizes=\"(max-width: 1024px) 100vw, 1024px\" \/>\t\t\t\t\t\t\t\t\t\t\t\t\t\t\t<\/div>\n\t\t\t\t<\/div>\n\t\t\t\t\t<\/div>\n\t\t<\/div>\n\t\t\t\t<div class=\"elementor-column elementor-col-50 elementor-top-column elementor-element elementor-element-366c2ac\" data-id=\"366c2ac\" data-element_type=\"column\" data-e-type=\"column\">\n\t\t\t<div class=\"elementor-widget-wrap elementor-element-populated\">\n\t\t\t\t\t\t<div class=\"elementor-element elementor-element-67052a7 elementor-widget elementor-widget-image\" data-id=\"67052a7\" data-element_type=\"widget\" data-e-type=\"widget\" data-widget_type=\"image.default\">\n\t\t\t\t<div class=\"elementor-widget-container\">\n\t\t\t\t\t\t\t\t\t\t\t\t\t\t\t<img loading=\"lazy\" decoding=\"async\" width=\"1024\" height=\"614\" src=\"https:\/\/hospitality.es\/wp-content\/uploads\/2023\/10\/truck-sro-1024x614.jpg\" class=\"attachment-large size-large wp-image-4679\" alt=\"\" srcset=\"https:\/\/hospitality.es\/wp-content\/uploads\/2023\/10\/truck-sro-1024x614.jpg 1024w, https:\/\/hospitality.es\/wp-content\/uploads\/2023\/10\/truck-sro-300x180.jpg 300w, https:\/\/hospitality.es\/wp-content\/uploads\/2023\/10\/truck-sro-768x461.jpg 768w, https:\/\/hospitality.es\/wp-content\/uploads\/2023\/10\/truck-sro-1536x922.jpg 1536w, https:\/\/hospitality.es\/wp-content\/uploads\/2023\/10\/truck-sro-18x12.jpg 18w, https:\/\/hospitality.es\/wp-content\/uploads\/2023\/10\/truck-sro-500x300.jpg 500w, https:\/\/hospitality.es\/wp-content\/uploads\/2023\/10\/truck-sro.jpg 2000w\" sizes=\"(max-width: 1024px) 100vw, 1024px\" \/>\t\t\t\t\t\t\t\t\t\t\t\t\t\t\t<\/div>\n\t\t\t\t<\/div>\n\t\t\t\t\t<\/div>\n\t\t<\/div>\n\t\t\t\t\t<\/div>\n\t\t<\/section>\n\t\t\t\t<section class=\"elementor-section elementor-top-section elementor-element elementor-element-f3e8b39 elementor-section-boxed elementor-section-height-default elementor-section-height-default\" data-id=\"f3e8b39\" data-element_type=\"section\" data-e-type=\"section\">\n\t\t\t\t\t\t<div class=\"elementor-container elementor-column-gap-default\">\n\t\t\t\t\t<div class=\"elementor-column elementor-col-100 elementor-top-column elementor-element elementor-element-fbda2a8\" data-id=\"fbda2a8\" data-element_type=\"column\" data-e-type=\"column\">\n\t\t\t<div class=\"elementor-widget-wrap elementor-element-populated\">\n\t\t\t\t\t\t<div class=\"elementor-element elementor-element-74d8842 elementor-widget elementor-widget-text-editor\" data-id=\"74d8842\" data-element_type=\"widget\" data-e-type=\"widget\" data-widget_type=\"text-editor.default\">\n\t\t\t\t<div class=\"elementor-widget-container\">\n\t\t\t\t\t\t\t\t\t<p>Don't let unpredictable weather stop you. Protect your investment and ensure your equipment is always in optimal condition with our custom-made racing trailer covers. At Hospitality, we are proud to offer superior quality solutions for true racing enthusiasts.<\/p><p>Contact us today for more information and ensure your team is always ready to succeed in any race!<\/p>\t\t\t\t\t\t\t\t<\/div>\n\t\t\t\t<\/div>\n\t\t\t\t<div class=\"elementor-element elementor-element-e00b82a elementor-widget elementor-widget-zapedah-button-text\" data-id=\"e00b82a\" data-element_type=\"widget\" data-e-type=\"widget\" data-widget_type=\"zapedah-button-text.default\">\n\t\t\t\t<div class=\"elementor-widget-container\">\n\t\t\t\t\t\t\t\n\t\t\t<a class=\"content-btn content-btn-left\" href=\"https:\/\/hospitality.es\/en\/contacto\/\">\n\n\t\t\t\t\n\t\t\t\t<span class=\"button-text\">CONTACT NOW!<\/span>\n\t\t\t\t<span class=\"button-sub\"><\/span>\n\t\t\t<\/a>\n\n\t\t\n\t\t\t\t\t<\/div>\n\t\t\t\t<\/div>\n\t\t\t\t\t<\/div>\n\t\t<\/div>\n\t\t\t\t\t<\/div>\n\t\t<\/section>\n\t\t\t\t<\/div>","protected":false},"excerpt":{"rendered":"<p>hospitality Truck Covers. Fundas para remolques a medida. \u00a1Prep\u00e1rate para la competici\u00f3n en cualquier clima con nuestras exclusivas fundas a medida para remolques de competici\u00f3n! En Hospitality, entendemos la importancia de mantener tu equipo en perfectas condiciones, sin importar las inclemencias meteorol\u00f3gicas que se presenten en tu camino. Nuestras fundas a medida est\u00e1n dise\u00f1adas pensando en la protecci\u00f3n total de &hellip;<\/p>","protected":false},"author":1,"featured_media":4306,"parent":0,"menu_order":0,"comment_status":"closed","ping_status":"closed","template":"blank-builder.php","meta":{"footnotes":""},"class_list":["post-4627","page","type-page","status-publish","has-post-thumbnail","hentry"],"_links":{"self":[{"href":"https:\/\/hospitality.es\/en\/wp-json\/wp\/v2\/pages\/4627","targetHints":{"allow":["GET"]}}],"collection":[{"href":"https:\/\/hospitality.es\/en\/wp-json\/wp\/v2\/pages"}],"about":[{"href":"https:\/\/hospitality.es\/en\/wp-json\/wp\/v2\/types\/page"}],"author":[{"embeddable":true,"href":"https:\/\/hospitality.es\/en\/wp-json\/wp\/v2\/users\/1"}],"replies":[{"embeddable":true,"href":"https:\/\/hospitality.es\/en\/wp-json\/wp\/v2\/comments?post=4627"}],"version-history":[{"count":3,"href":"https:\/\/hospitality.es\/en\/wp-json\/wp\/v2\/pages\/4627\/revisions"}],"predecessor-version":[{"id":5329,"href":"https:\/\/hospitality.es\/en\/wp-json\/wp\/v2\/pages\/4627\/revisions\/5329"}],"wp:featuredmedia":[{"embeddable":true,"href":"https:\/\/hospitality.es\/en\/wp-json\/wp\/v2\/media\/4306"}],"wp:attachment":[{"href":"https:\/\/hospitality.es\/en\/wp-json\/wp\/v2\/media?parent=4627"}],"curies":[{"name":"wp","href":"https:\/\/api.w.org\/{rel}","templated":true}]}}