{"id":4864,"date":"2024-01-12T09:43:50","date_gmt":"2024-01-12T09:43:50","guid":{"rendered":"https:\/\/hospitality.es\/?page_id=4864"},"modified":"2025-08-01T15:29:01","modified_gmt":"2025-08-01T15:29:01","slug":"home-2","status":"publish","type":"page","link":"https:\/\/hospitality.es\/en\/","title":{"rendered":"Home"},"content":{"rendered":"\t\t<div data-elementor-type=\"wp-page\" data-elementor-id=\"4864\" class=\"elementor elementor-4864\">\n\t\t\t\t\t\t<section class=\"elementor-section elementor-top-section elementor-element elementor-element-af32bfd elementor-section-full_width elementor-section-height-full elementor-section-stretched elementor-section-height-default elementor-section-items-middle\" data-id=\"af32bfd\" data-element_type=\"section\" data-e-type=\"section\" data-settings=\"{&quot;stretch_section&quot;:&quot;section-stretched&quot;,&quot;background_background&quot;:&quot;slideshow&quot;,&quot;background_slideshow_gallery&quot;:[{&quot;id&quot;:5667,&quot;url&quot;:&quot;https:\\\/\\\/hospitality.es\\\/wp-content\\\/uploads\\\/2025\\\/08\\\/IMOLA-04.jpg&quot;},{&quot;id&quot;:5257,&quot;url&quot;:&quot;https:\\\/\\\/hospitality.es\\\/wp-content\\\/uploads\\\/2024\\\/12\\\/slider-triumph.jpg&quot;},{&quot;id&quot;:5258,&quot;url&quot;:&quot;https:\\\/\\\/hospitality.es\\\/wp-content\\\/uploads\\\/2024\\\/12\\\/slider-montmelo.jpg&quot;},{&quot;id&quot;:5259,&quot;url&quot;:&quot;https:\\\/\\\/hospitality.es\\\/wp-content\\\/uploads\\\/2024\\\/12\\\/slider-mclaren.jpg&quot;}],&quot;background_slideshow_slide_duration&quot;:3500,&quot;background_slideshow_transition_duration&quot;:400,&quot;background_slideshow_loop&quot;:&quot;yes&quot;,&quot;background_slideshow_slide_transition&quot;:&quot;fade&quot;}\">\n\t\t\t\t\t\t\t<div class=\"elementor-background-overlay\"><\/div>\n\t\t\t\t\t\t\t<div class=\"elementor-container elementor-column-gap-default\">\n\t\t\t\t\t<div class=\"elementor-column elementor-col-100 elementor-top-column elementor-element elementor-element-e1e9732\" data-id=\"e1e9732\" data-element_type=\"column\" data-e-type=\"column\">\n\t\t\t<div class=\"elementor-widget-wrap elementor-element-populated\">\n\t\t\t\t\t\t<div class=\"elementor-element elementor-element-affa91f elementor-widget elementor-widget-heading\" data-id=\"affa91f\" data-element_type=\"widget\" data-e-type=\"widget\" data-widget_type=\"heading.default\">\n\t\t\t\t<div class=\"elementor-widget-container\">\n\t\t\t\t\t<h2 class=\"elementor-heading-title elementor-size-default\">BIENVENIDOS<\/h2>\t\t\t\t<\/div>\n\t\t\t\t<\/div>\n\t\t\t\t<div class=\"elementor-element elementor-element-7c89ece elementor-widget elementor-widget-heading\" data-id=\"7c89ece\" data-element_type=\"widget\" data-e-type=\"widget\" data-widget_type=\"heading.default\">\n\t\t\t\t<div class=\"elementor-widget-container\">\n\t\t\t\t\t<h2 class=\"elementor-heading-title elementor-size-default\">Especialistas en Hospitality y<br> Motorsport<\/h2>\t\t\t\t<\/div>\n\t\t\t\t<\/div>\n\t\t\t\t<div class=\"elementor-element elementor-element-49bba14 elementor-widget elementor-widget-text-editor\" data-id=\"49bba14\" data-element_type=\"widget\" data-e-type=\"widget\" data-widget_type=\"text-editor.default\">\n\t\t\t\t<div class=\"elementor-widget-container\">\n\t\t\t\t\t\t\t\t\t<p>Especialistas en crear unidades m\u00f3viles corporativas y ofrecer los mejores servicios de restauranci\u00f3n<\/p>\t\t\t\t\t\t\t\t<\/div>\n\t\t\t\t<\/div>\n\t\t\t\t<div class=\"elementor-element elementor-element-13dedc5 elementor-align-center elementor-widget elementor-widget-button\" data-id=\"13dedc5\" data-element_type=\"widget\" data-e-type=\"widget\" data-widget_type=\"button.default\">\n\t\t\t\t<div class=\"elementor-widget-container\">\n\t\t\t\t\t\t\t\t\t<div class=\"elementor-button-wrapper\">\n\t\t\t\t\t<a class=\"elementor-button elementor-button-link elementor-size-md\" href=\"https:\/\/hospitality.es\/servicios\/\">\n\t\t\t\t\t\t<span class=\"elementor-button-content-wrapper\">\n\t\t\t\t\t\t\t\t\t<span class=\"elementor-button-text\">M\u00c1S INFORMACI\u00d3N<\/span>\n\t\t\t\t\t<\/span>\n\t\t\t\t\t<\/a>\n\t\t\t\t<\/div>\n\t\t\t\t\t\t\t\t<\/div>\n\t\t\t\t<\/div>\n\t\t\t\t\t<\/div>\n\t\t<\/div>\n\t\t\t\t\t<\/div>\n\t\t<\/section>\n\t\t\t\t<section class=\"elementor-section elementor-top-section elementor-element elementor-element-e708eec elementor-section-boxed elementor-section-height-default elementor-section-height-default\" data-id=\"e708eec\" data-element_type=\"section\" data-e-type=\"section\" data-settings=\"{&quot;background_background&quot;:&quot;classic&quot;}\">\n\t\t\t\t\t\t\t<div class=\"elementor-background-overlay\"><\/div>\n\t\t\t\t\t\t\t<div class=\"elementor-container elementor-column-gap-wider\">\n\t\t\t\t\t<div class=\"elementor-column elementor-col-50 elementor-top-column elementor-element elementor-element-fe8a489\" data-id=\"fe8a489\" data-element_type=\"column\" data-e-type=\"column\">\n\t\t\t<div class=\"elementor-widget-wrap elementor-element-populated\">\n\t\t\t\t\t\t<div class=\"elementor-element elementor-element-b7b199b animated-fast elementor-widget elementor-widget-zapedah-title\" data-id=\"b7b199b\" data-element_type=\"widget\" data-e-type=\"widget\" data-settings=\"{&quot;_animation&quot;:&quot;none&quot;,&quot;_animation_tablet&quot;:&quot;none&quot;}\" data-widget_type=\"zapedah-title.default\">\n\t\t\t\t<div class=\"elementor-widget-container\">\n\t\t\t\t\t<h2 class=\"content-title\">Bienvenidos a <br><b>Hospitality<\/b><span>.<\/span><\/h2>\t\t\t\t<\/div>\n\t\t\t\t<\/div>\n\t\t\t\t<div class=\"elementor-element elementor-element-020de66 animated-fast elementor-widget elementor-widget-text-editor\" data-id=\"020de66\" data-element_type=\"widget\" data-e-type=\"widget\" data-settings=\"{&quot;_animation&quot;:&quot;none&quot;,&quot;_animation_tablet&quot;:&quot;none&quot;,&quot;_animation_delay&quot;:200}\" data-widget_type=\"text-editor.default\">\n\t\t\t\t<div class=\"elementor-widget-container\">\n\t\t\t\t\t\t\t\t\t<p>Especialistas en convertir espacios corporativos de primer nivel en experiencias \u00fanicas por todo el mundo.<\/p>\t\t\t\t\t\t\t\t<\/div>\n\t\t\t\t<\/div>\n\t\t\t\t<div class=\"elementor-element elementor-element-bedebf8 elementor-widget__width-initial elementor-widget elementor-widget-text-editor\" data-id=\"bedebf8\" data-element_type=\"widget\" data-e-type=\"widget\" data-widget_type=\"text-editor.default\">\n\t\t\t\t<div class=\"elementor-widget-container\">\n\t\t\t\t\t\t\t\t\t<p>En 1993 nace Hospitality con el prop\u00f3sito claro de materializar un servicio de calidad a sus clientes sin que la ubicaci\u00f3n de estos fuera un factor condicionante. Este proyecto se construy\u00f3 bajo cuatro pilares fundamentales:<\/p><p><strong>Esp\u00edritu de servicio, perfecci\u00f3n en la ejecuci\u00f3n, eficiencia y pasi\u00f3n por el trabajo.<\/strong><\/p><p>A d\u00eda de hoy, con cientos de servicios alrededor del mundo, estos y nuevos valores como; sostenibilidad, trabajo en equipo o transparencia siguen siendo nuestras bases. La confianza depositada por nuestros clientes a\u00f1o tras a\u00f1o nos avala como referente en el sector.<\/p><p>\u00a0<\/p>\t\t\t\t\t\t\t\t<\/div>\n\t\t\t\t<\/div>\n\t\t\t\t\t<\/div>\n\t\t<\/div>\n\t\t\t\t<div class=\"elementor-column elementor-col-50 elementor-top-column elementor-element elementor-element-a8ed05b elementor-hidden-mobile elementor-hidden-tablet\" data-id=\"a8ed05b\" data-element_type=\"column\" data-e-type=\"column\">\n\t\t\t<div class=\"elementor-widget-wrap elementor-element-populated\">\n\t\t\t\t\t\t<div class=\"elementor-element elementor-element-5892631 elementor-widget elementor-widget-image\" data-id=\"5892631\" data-element_type=\"widget\" data-e-type=\"widget\" data-widget_type=\"image.default\">\n\t\t\t\t<div class=\"elementor-widget-container\">\n\t\t\t\t\t\t\t\t\t\t\t\t\t\t\t<img decoding=\"async\" src=\"https:\/\/hospitality.es\/wp-content\/uploads\/elementor\/thumbs\/30-HOSP-BICOLOR-GOLD-BIG-qi70qobdfetvb5j4lisygp7423am4tm38bwvzvc3ns.png\" title=\"30-HOSP-BICOLOR-GOLD-BIG\" alt=\"30-HOSP-BICOLOR-GOLD-BIG\" loading=\"lazy\" \/>\t\t\t\t\t\t\t\t\t\t\t\t\t\t\t<\/div>\n\t\t\t\t<\/div>\n\t\t\t\t\t<\/div>\n\t\t<\/div>\n\t\t\t\t\t<\/div>\n\t\t<\/section>\n\t\t\t\t<section class=\"elementor-section elementor-top-section elementor-element elementor-element-4ebf3f0 elementor-section-full_width elementor-section-height-default elementor-section-height-default\" data-id=\"4ebf3f0\" data-element_type=\"section\" data-e-type=\"section\">\n\t\t\t\t\t\t<div class=\"elementor-container elementor-column-gap-wider\">\n\t\t\t\t\t<div class=\"elementor-column elementor-col-33 elementor-top-column elementor-element elementor-element-78d3d8e\" data-id=\"78d3d8e\" data-element_type=\"column\" data-e-type=\"column\" data-settings=\"{&quot;background_background&quot;:&quot;slideshow&quot;,&quot;background_slideshow_gallery&quot;:[{&quot;id&quot;:5269,&quot;url&quot;:&quot;https:\\\/\\\/hospitality.es\\\/wp-content\\\/uploads\\\/2024\\\/12\\\/HOSPITALITY-MONZA-SRO.jpg&quot;},{&quot;id&quot;:5220,&quot;url&quot;:&quot;https:\\\/\\\/hospitality.es\\\/wp-content\\\/uploads\\\/2024\\\/07\\\/unit-vista6.jpg&quot;},{&quot;id&quot;:5270,&quot;url&quot;:&quot;https:\\\/\\\/hospitality.es\\\/wp-content\\\/uploads\\\/2024\\\/12\\\/HOSPITALITY-MONZA-SRO2.jpg&quot;},{&quot;id&quot;:5271,&quot;url&quot;:&quot;https:\\\/\\\/hospitality.es\\\/wp-content\\\/uploads\\\/2024\\\/12\\\/HOSPITALITY-MONZA-SRO3.jpg&quot;},{&quot;id&quot;:5272,&quot;url&quot;:&quot;https:\\\/\\\/hospitality.es\\\/wp-content\\\/uploads\\\/2024\\\/12\\\/HOSPITALITY-MONZA-SRO4.jpg&quot;}],&quot;background_slideshow_slide_duration&quot;:3000,&quot;background_slideshow_loop&quot;:&quot;yes&quot;,&quot;background_slideshow_slide_transition&quot;:&quot;fade&quot;,&quot;background_slideshow_transition_duration&quot;:500}\">\n\t\t\t<div class=\"elementor-widget-wrap elementor-element-populated\">\n\t\t\t\t\t\t<div class=\"elementor-element elementor-element-d98bc4a elementor-widget elementor-widget-spacer\" data-id=\"d98bc4a\" data-element_type=\"widget\" data-e-type=\"widget\" data-widget_type=\"spacer.default\">\n\t\t\t\t<div class=\"elementor-widget-container\">\n\t\t\t\t\t\t\t<div class=\"elementor-spacer\">\n\t\t\t<div class=\"elementor-spacer-inner\"><\/div>\n\t\t<\/div>\n\t\t\t\t\t\t<\/div>\n\t\t\t\t<\/div>\n\t\t\t\t\t<\/div>\n\t\t<\/div>\n\t\t\t\t<div class=\"elementor-column elementor-col-33 elementor-top-column elementor-element elementor-element-41cacc7\" data-id=\"41cacc7\" data-element_type=\"column\" data-e-type=\"column\">\n\t\t\t<div class=\"elementor-widget-wrap elementor-element-populated\">\n\t\t\t\t\t\t<div class=\"elementor-element elementor-element-9e8d39b animated-fast elementor-widget elementor-widget-zapedah-title\" data-id=\"9e8d39b\" data-element_type=\"widget\" data-e-type=\"widget\" data-settings=\"{&quot;_animation&quot;:&quot;none&quot;,&quot;_animation_tablet&quot;:&quot;none&quot;}\" data-widget_type=\"zapedah-title.default\">\n\t\t\t\t<div class=\"elementor-widget-container\">\n\t\t\t\t\t<h2 class=\"content-title\">Unidades de<br><b>Hospitality<\/b><span>.<\/span><\/h2>\t\t\t\t<\/div>\n\t\t\t\t<\/div>\n\t\t\t\t<div class=\"elementor-element elementor-element-6316210 animated-fast elementor-widget elementor-widget-text-editor\" data-id=\"6316210\" data-element_type=\"widget\" data-e-type=\"widget\" data-settings=\"{&quot;_animation&quot;:&quot;none&quot;,&quot;_animation_tablet&quot;:&quot;none&quot;,&quot;_animation_delay&quot;:200}\" data-widget_type=\"text-editor.default\">\n\t\t\t\t<div class=\"elementor-widget-container\">\n\t\t\t\t\t\t\t\t\t<p>Precisi\u00f3n, dise\u00f1o eficaz y tecnolog\u00eda punta que aseguran la movilidad y \u00e9xito del evento.<\/p>\t\t\t\t\t\t\t\t<\/div>\n\t\t\t\t<\/div>\n\t\t\t\t<div class=\"elementor-element elementor-element-0d90969 elementor-widget__width-initial elementor-widget elementor-widget-text-editor\" data-id=\"0d90969\" data-element_type=\"widget\" data-e-type=\"widget\" data-widget_type=\"text-editor.default\">\n\t\t\t\t<div class=\"elementor-widget-container\">\n\t\t\t\t\t\t\t\t\t<p>Espacios corporativos m\u00f3viles que permiten llevar un evento a localizaciones nunca antes accesibles. Disponemos de diferentes opciones; desde ofrecer el servicio para eventos puntuales hasta desarrollar el dise\u00f1o de tu unidad m\u00f3vil personalizada.<\/p>\t\t\t\t\t\t\t\t<\/div>\n\t\t\t\t<\/div>\n\t\t\t\t<div class=\"elementor-element elementor-element-7be866b elementor-widget elementor-widget-zapedah-button-text\" data-id=\"7be866b\" data-element_type=\"widget\" data-e-type=\"widget\" data-widget_type=\"zapedah-button-text.default\">\n\t\t\t\t<div class=\"elementor-widget-container\">\n\t\t\t\t\t\t\t\n\t\t\t<a class=\"content-btn content-btn-left\" href=\"https:\/\/hospitality.es\/unidades\/\">\n\n\t\t\t\t\n\t\t\t\t<span class=\"button-text\">saber m\u00e1s<\/span>\n\t\t\t\t<span class=\"button-sub\"><\/span>\n\t\t\t<\/a>\n\n\t\t\n\t\t\t\t\t<\/div>\n\t\t\t\t<\/div>\n\t\t\t\t\t<\/div>\n\t\t<\/div>\n\t\t\t\t<div class=\"elementor-column elementor-col-33 elementor-top-column elementor-element elementor-element-ea9ef53 elementor-hidden-tablet elementor-hidden-mobile\" data-id=\"ea9ef53\" data-element_type=\"column\" data-e-type=\"column\">\n\t\t\t<div class=\"elementor-widget-wrap\">\n\t\t\t\t\t\t\t<\/div>\n\t\t<\/div>\n\t\t\t\t\t<\/div>\n\t\t<\/section>\n\t\t\t\t<section class=\"elementor-section elementor-top-section elementor-element elementor-element-c0686c4 elementor-section-full_width elementor-reverse-mobile elementor-reverse-tablet elementor-section-height-default elementor-section-height-default\" data-id=\"c0686c4\" data-element_type=\"section\" data-e-type=\"section\">\n\t\t\t\t\t\t<div class=\"elementor-container elementor-column-gap-wider\">\n\t\t\t\t\t<div class=\"elementor-column elementor-col-33 elementor-top-column elementor-element elementor-element-2723e8f elementor-hidden-tablet elementor-hidden-mobile\" data-id=\"2723e8f\" data-element_type=\"column\" data-e-type=\"column\">\n\t\t\t<div class=\"elementor-widget-wrap\">\n\t\t\t\t\t\t\t<\/div>\n\t\t<\/div>\n\t\t\t\t<div class=\"elementor-column elementor-col-33 elementor-top-column elementor-element elementor-element-5d45f34\" data-id=\"5d45f34\" data-element_type=\"column\" data-e-type=\"column\">\n\t\t\t<div class=\"elementor-widget-wrap elementor-element-populated\">\n\t\t\t\t\t\t<div class=\"elementor-element elementor-element-e7120ac animated-fast elementor-widget elementor-widget-zapedah-title\" data-id=\"e7120ac\" data-element_type=\"widget\" data-e-type=\"widget\" data-settings=\"{&quot;_animation&quot;:&quot;none&quot;,&quot;_animation_tablet&quot;:&quot;none&quot;}\" data-widget_type=\"zapedah-title.default\">\n\t\t\t\t<div class=\"elementor-widget-container\">\n\t\t\t\t\t<h2 class=\"content-title\">Gastroexperiencias & <b>Catering<\/b><span>.<\/span><\/h2>\t\t\t\t<\/div>\n\t\t\t\t<\/div>\n\t\t\t\t<div class=\"elementor-element elementor-element-8713437 animated-fast elementor-widget elementor-widget-text-editor\" data-id=\"8713437\" data-element_type=\"widget\" data-e-type=\"widget\" data-settings=\"{&quot;_animation&quot;:&quot;none&quot;,&quot;_animation_tablet&quot;:&quot;none&quot;,&quot;_animation_delay&quot;:200}\" data-widget_type=\"text-editor.default\">\n\t\t\t\t<div class=\"elementor-widget-container\">\n\t\t\t\t\t\t\t\t\t<p>Despu\u00e9s m\u00e1s de 30 a\u00f1os de experiencia en el sector, ofrecemos una aut\u00e9ntica experiencia gastron\u00f3mica para este tipo de eventos a nivel mundial.<\/p>\t\t\t\t\t\t\t\t<\/div>\n\t\t\t\t<\/div>\n\t\t\t\t<div class=\"elementor-element elementor-element-64608e0 elementor-widget__width-initial elementor-widget elementor-widget-text-editor\" data-id=\"64608e0\" data-element_type=\"widget\" data-e-type=\"widget\" data-widget_type=\"text-editor.default\">\n\t\t\t\t<div class=\"elementor-widget-container\">\n\t\t\t\t\t\t\t\t\t<p>Nuestro servicio de catering ofrece experiencias gastron\u00f3micas memorables.\u00a0<span style=\"color: #818181; font-size: 16px; text-align: justify; font-family: var( --e-global-typography-text-font-family ), Sans-serif; font-weight: var( --e-global-typography-text-font-weight );\">Nuestra presencia y evoluci\u00f3n en el sector de la restauraci\u00f3n durante m\u00e1s de dos d\u00e9cadas, avala nuestra capacidad para poder garantizar el \u00e9xito de cualquier tipo de evento.<\/span><\/p>\t\t\t\t\t\t\t\t<\/div>\n\t\t\t\t<\/div>\n\t\t\t\t<div class=\"elementor-element elementor-element-642b111 elementor-widget elementor-widget-zapedah-button-text\" data-id=\"642b111\" data-element_type=\"widget\" data-e-type=\"widget\" data-widget_type=\"zapedah-button-text.default\">\n\t\t\t\t<div class=\"elementor-widget-container\">\n\t\t\t\t\t\t\t\n\t\t\t<a class=\"content-btn content-btn-left\" href=\"https:\/\/hospitality.es\/catering\/\">\n\n\t\t\t\t\n\t\t\t\t<span class=\"button-text\">saber m\u00e1s<\/span>\n\t\t\t\t<span class=\"button-sub\"><\/span>\n\t\t\t<\/a>\n\n\t\t\n\t\t\t\t\t<\/div>\n\t\t\t\t<\/div>\n\t\t\t\t\t<\/div>\n\t\t<\/div>\n\t\t\t\t<div class=\"elementor-column elementor-col-33 elementor-top-column elementor-element elementor-element-3ca187e\" data-id=\"3ca187e\" data-element_type=\"column\" data-e-type=\"column\" data-settings=\"{&quot;background_background&quot;:&quot;slideshow&quot;,&quot;background_slideshow_gallery&quot;:[{&quot;id&quot;:5006,&quot;url&quot;:&quot;https:\\\/\\\/hospitality.es\\\/wp-content\\\/uploads\\\/2024\\\/05\\\/catering-postre.jpg&quot;},{&quot;id&quot;:5008,&quot;url&quot;:&quot;https:\\\/\\\/hospitality.es\\\/wp-content\\\/uploads\\\/2024\\\/05\\\/catering-healthy.jpg&quot;},{&quot;id&quot;:3251,&quot;url&quot;:&quot;https:\\\/\\\/hospitality.es\\\/wp-content\\\/uploads\\\/2023\\\/05\\\/45-1024x722-1.jpg&quot;},{&quot;id&quot;:5020,&quot;url&quot;:&quot;https:\\\/\\\/hospitality.es\\\/wp-content\\\/uploads\\\/2024\\\/05\\\/catering-triumph-food.jpg&quot;},{&quot;id&quot;:4713,&quot;url&quot;:&quot;https:\\\/\\\/hospitality.es\\\/wp-content\\\/uploads\\\/2023\\\/10\\\/catering-s4.jpg&quot;},{&quot;id&quot;:4707,&quot;url&quot;:&quot;https:\\\/\\\/hospitality.es\\\/wp-content\\\/uploads\\\/2023\\\/10\\\/catering-s.jpg&quot;}],&quot;background_slideshow_slide_duration&quot;:4000,&quot;background_slideshow_loop&quot;:&quot;yes&quot;,&quot;background_slideshow_slide_transition&quot;:&quot;fade&quot;,&quot;background_slideshow_transition_duration&quot;:500}\">\n\t\t\t<div class=\"elementor-widget-wrap elementor-element-populated\">\n\t\t\t\t\t\t<div class=\"elementor-element elementor-element-1944be7 elementor-widget elementor-widget-spacer\" data-id=\"1944be7\" data-element_type=\"widget\" data-e-type=\"widget\" data-widget_type=\"spacer.default\">\n\t\t\t\t<div class=\"elementor-widget-container\">\n\t\t\t\t\t\t\t<div class=\"elementor-spacer\">\n\t\t\t<div class=\"elementor-spacer-inner\"><\/div>\n\t\t<\/div>\n\t\t\t\t\t\t<\/div>\n\t\t\t\t<\/div>\n\t\t\t\t\t<\/div>\n\t\t<\/div>\n\t\t\t\t\t<\/div>\n\t\t<\/section>\n\t\t\t\t<section class=\"elementor-section elementor-top-section elementor-element elementor-element-ebc76ba elementor-section-content-middle elementor-section-boxed elementor-section-height-default elementor-section-height-default\" data-id=\"ebc76ba\" data-element_type=\"section\" data-e-type=\"section\" data-settings=\"{&quot;background_background&quot;:&quot;classic&quot;}\">\n\t\t\t\t\t\t\t<div class=\"elementor-background-overlay\"><\/div>\n\t\t\t\t\t\t\t<div class=\"elementor-container elementor-column-gap-no\">\n\t\t\t\t\t<div class=\"elementor-column elementor-col-100 elementor-top-column elementor-element elementor-element-2d65699\" data-id=\"2d65699\" data-element_type=\"column\" data-e-type=\"column\">\n\t\t\t<div class=\"elementor-widget-wrap elementor-element-populated\">\n\t\t\t\t\t\t<section class=\"elementor-section elementor-inner-section elementor-element elementor-element-3f6eb09 elementor-section-boxed elementor-section-height-default elementor-section-height-default\" data-id=\"3f6eb09\" data-element_type=\"section\" data-e-type=\"section\">\n\t\t\t\t\t\t<div class=\"elementor-container elementor-column-gap-extended\">\n\t\t\t\t\t<div class=\"elementor-column elementor-col-100 elementor-inner-column elementor-element elementor-element-bfa64cd\" data-id=\"bfa64cd\" data-element_type=\"column\" data-e-type=\"column\">\n\t\t\t<div class=\"elementor-widget-wrap elementor-element-populated\">\n\t\t\t\t\t\t<div class=\"elementor-element elementor-element-7041cf0 animated-fast elementor-widget elementor-widget-zapedah-title\" data-id=\"7041cf0\" data-element_type=\"widget\" data-e-type=\"widget\" data-settings=\"{&quot;_animation&quot;:&quot;none&quot;,&quot;_animation_tablet&quot;:&quot;none&quot;}\" data-widget_type=\"zapedah-title.default\">\n\t\t\t\t<div class=\"elementor-widget-container\">\n\t\t\t\t\t<h2 class=\"content-title\">Probablemente la <b>mejor experiencia de<br>hospitality y catering<\/b>  en cualquier evento de motor alrededor del mundo<span>.<\/span><\/h2>\t\t\t\t<\/div>\n\t\t\t\t<\/div>\n\t\t\t\t\t<\/div>\n\t\t<\/div>\n\t\t\t\t\t<\/div>\n\t\t<\/section>\n\t\t\t\t<div class=\"elementor-element elementor-element-750f931 animated-fast elementor-invisible elementor-widget elementor-widget-zapedah-video\" data-id=\"750f931\" data-element_type=\"widget\" data-e-type=\"widget\" id=\"community\" data-settings=\"{&quot;_animation&quot;:&quot;fadeInUp&quot;,&quot;_animation_tablet&quot;:&quot;none&quot;}\" data-widget_type=\"zapedah-video.default\">\n\t\t\t\t<div class=\"elementor-widget-container\">\n\t\t\t\t\t<div class=\"clearfix\">\r\n    <div class=\"port-inner team-innerbox\">\r\n\t\t<a class=\"popup-video\" href=\"https:\/\/www.youtube.com\/watch?v=_M6xxA7xwog\" target=\"_blank\" rel=\"noopener\">\r\n\t\t\t<i class=\"zapedah-icon fas fa-play\"><\/i>\t\t<\/a> \r\n        <div class=\"port-box\"><\/div>\r\n        <div class=\"port-img width-img img-bg\"\r\n            style=\"background-image:url(https:\/\/hospitality.es\/wp-content\/uploads\/2024\/01\/services-header-com-s.jpg);\"><\/div>\r\n        <div class=\"img-mask\"><\/div>\r\n\t\t\r\n\t\t\r\n    <\/div>\r\n    \r\n<\/div>\r\n\r\n\t\t\t\t<\/div>\n\t\t\t\t<\/div>\n\t\t\t\t\t<\/div>\n\t\t<\/div>\n\t\t\t\t\t<\/div>\n\t\t<\/section>\n\t\t\t\t<section class=\"elementor-section elementor-top-section elementor-element elementor-element-5b6731e elementor-section-boxed elementor-section-height-default elementor-section-height-default\" data-id=\"5b6731e\" data-element_type=\"section\" data-e-type=\"section\">\n\t\t\t\t\t\t<div class=\"elementor-container elementor-column-gap-default\">\n\t\t\t\t\t<div class=\"elementor-column elementor-col-100 elementor-top-column elementor-element elementor-element-94f4630\" data-id=\"94f4630\" data-element_type=\"column\" data-e-type=\"column\">\n\t\t\t<div class=\"elementor-widget-wrap elementor-element-populated\">\n\t\t\t\t\t\t<div class=\"elementor-element elementor-element-3821f0b animated-fast elementor-widget elementor-widget-zapedah-title\" data-id=\"3821f0b\" data-element_type=\"widget\" data-e-type=\"widget\" data-settings=\"{&quot;_animation&quot;:&quot;none&quot;,&quot;_animation_tablet&quot;:&quot;none&quot;}\" data-widget_type=\"zapedah-title.default\">\n\t\t\t\t<div class=\"elementor-widget-container\">\n\t\t\t\t\t<h2 class=\"content-title\">Nuestra <b>experiencia<\/b> nos define<span>.<\/span><\/h2>\t\t\t\t<\/div>\n\t\t\t\t<\/div>\n\t\t\t\t\t<\/div>\n\t\t<\/div>\n\t\t\t\t\t<\/div>\n\t\t<\/section>\n\t\t\t\t<section class=\"elementor-section elementor-top-section elementor-element elementor-element-82ae8ee elementor-section-boxed elementor-section-height-default elementor-section-height-default\" data-id=\"82ae8ee\" data-element_type=\"section\" data-e-type=\"section\">\n\t\t\t\t\t\t<div class=\"elementor-container elementor-column-gap-default\">\n\t\t\t\t\t<div class=\"elementor-column elementor-col-100 elementor-top-column elementor-element elementor-element-7e6269b\" data-id=\"7e6269b\" data-element_type=\"column\" data-e-type=\"column\">\n\t\t\t<div class=\"elementor-widget-wrap elementor-element-populated\">\n\t\t\t\t\t\t<div class=\"elementor-element elementor-element-1d5f47e elementor-widget elementor-widget-image\" data-id=\"1d5f47e\" data-element_type=\"widget\" data-e-type=\"widget\" data-widget_type=\"image.default\">\n\t\t\t\t<div class=\"elementor-widget-container\">\n\t\t\t\t\t\t\t\t\t\t\t\t\t\t\t<img fetchpriority=\"high\" decoding=\"async\" width=\"1024\" height=\"576\" src=\"https:\/\/hospitality.es\/wp-content\/uploads\/2024\/03\/CORPORATE-LOGOS-01-1024x576.jpg\" class=\"attachment-large size-large wp-image-4989\" alt=\"\" srcset=\"https:\/\/hospitality.es\/wp-content\/uploads\/2024\/03\/CORPORATE-LOGOS-01-1024x576.jpg 1024w, https:\/\/hospitality.es\/wp-content\/uploads\/2024\/03\/CORPORATE-LOGOS-01-300x169.jpg 300w, https:\/\/hospitality.es\/wp-content\/uploads\/2024\/03\/CORPORATE-LOGOS-01-768x432.jpg 768w, https:\/\/hospitality.es\/wp-content\/uploads\/2024\/03\/CORPORATE-LOGOS-01-18x10.jpg 18w, https:\/\/hospitality.es\/wp-content\/uploads\/2024\/03\/CORPORATE-LOGOS-01.jpg 1366w\" sizes=\"(max-width: 1024px) 100vw, 1024px\" \/>\t\t\t\t\t\t\t\t\t\t\t\t\t\t\t<\/div>\n\t\t\t\t<\/div>\n\t\t\t\t\t<\/div>\n\t\t<\/div>\n\t\t\t\t\t<\/div>\n\t\t<\/section>\n\t\t\t\t<\/div>\n\t\t","protected":false},"excerpt":{"rendered":"<p>BIENVENIDOS Especialistas en Hospitality y Motorsport Especialistas en crear unidades m\u00f3viles corporativas y ofrecer los mejores servicios de restauranci\u00f3n M\u00c1S INFORMACI\u00d3N Bienvenidos a Hospitality. Especialistas en convertir espacios corporativos de primer nivel en experiencias \u00fanicas por todo el mundo. En 1993 nace Hospitality con el prop\u00f3sito claro de materializar un servicio de calidad a sus clientes sin que la ubicaci\u00f3n &hellip;<\/p>","protected":false},"author":1,"featured_media":2511,"parent":0,"menu_order":0,"comment_status":"closed","ping_status":"closed","template":"blank-builder.php","meta":{"footnotes":""},"class_list":["post-4864","page","type-page","status-publish","has-post-thumbnail","hentry"],"_links":{"self":[{"href":"https:\/\/hospitality.es\/en\/wp-json\/wp\/v2\/pages\/4864","targetHints":{"allow":["GET"]}}],"collection":[{"href":"https:\/\/hospitality.es\/en\/wp-json\/wp\/v2\/pages"}],"about":[{"href":"https:\/\/hospitality.es\/en\/wp-json\/wp\/v2\/types\/page"}],"author":[{"embeddable":true,"href":"https:\/\/hospitality.es\/en\/wp-json\/wp\/v2\/users\/1"}],"replies":[{"embeddable":true,"href":"https:\/\/hospitality.es\/en\/wp-json\/wp\/v2\/comments?post=4864"}],"version-history":[{"count":103,"href":"https:\/\/hospitality.es\/en\/wp-json\/wp\/v2\/pages\/4864\/revisions"}],"predecessor-version":[{"id":5670,"href":"https:\/\/hospitality.es\/en\/wp-json\/wp\/v2\/pages\/4864\/revisions\/5670"}],"wp:featuredmedia":[{"embeddable":true,"href":"https:\/\/hospitality.es\/en\/wp-json\/wp\/v2\/media\/2511"}],"wp:attachment":[{"href":"https:\/\/hospitality.es\/en\/wp-json\/wp\/v2\/media?parent=4864"}],"curies":[{"name":"wp","href":"https:\/\/api.w.org\/{rel}","templated":true}]}}