{"id":5489,"date":"2025-07-21T06:07:29","date_gmt":"2025-07-21T06:07:29","guid":{"rendered":"https:\/\/hospitality.es\/?page_id=5489"},"modified":"2025-08-03T08:58:09","modified_gmt":"2025-08-03T08:58:09","slug":"hospitality-unit-dhl-f1","status":"publish","type":"page","link":"https:\/\/hospitality.es\/en\/unidades\/hospitality-unit-dhl-f1\/","title":{"rendered":"HOSPITALITY UNIT DHL-F1"},"content":{"rendered":"<div data-elementor-type=\"wp-page\" data-elementor-id=\"5489\" class=\"elementor elementor-5489\">\n\t\t\t\t\t\t<section class=\"elementor-section elementor-top-section elementor-element elementor-element-8a6384a elementor-section-boxed elementor-section-height-default elementor-section-height-default\" data-id=\"8a6384a\" data-element_type=\"section\" data-e-type=\"section\" data-settings=\"{&quot;background_background&quot;:&quot;classic&quot;}\">\n\t\t\t\t\t\t\t<div class=\"elementor-background-overlay\"><\/div>\n\t\t\t\t\t\t\t<div class=\"elementor-container elementor-column-gap-extended\">\n\t\t\t\t\t<div class=\"elementor-column elementor-col-100 elementor-top-column elementor-element elementor-element-9c7ba51\" data-id=\"9c7ba51\" data-element_type=\"column\" data-e-type=\"column\">\n\t\t\t<div class=\"elementor-widget-wrap elementor-element-populated\">\n\t\t\t\t\t\t<div class=\"elementor-element elementor-element-805bf15 elementor-widget elementor-widget-text-editor\" data-id=\"805bf15\" data-element_type=\"widget\" data-e-type=\"widget\" data-widget_type=\"text-editor.default\">\n\t\t\t\t<div class=\"elementor-widget-container\">\n\t\t\t\t\t\t\t\t\t<p>hospitality<\/p>\t\t\t\t\t\t\t\t<\/div>\n\t\t\t\t<\/div>\n\t\t\t\t<div class=\"elementor-element elementor-element-5679f91 elementor-widget elementor-widget-zapedah-title\" data-id=\"5679f91\" data-element_type=\"widget\" data-e-type=\"widget\" data-widget_type=\"zapedah-title.default\">\n\t\t\t\t<div class=\"elementor-widget-container\">\n\t\t\t\t\t<h2 class=\"content-title\"><font color=\"#ffffff\">DHL-F1 Hospitality Unit<\/font>.<\/h2>\t\t\t\t<\/div>\n\t\t\t\t<\/div>\n\t\t\t\t\t<\/div>\n\t\t<\/div>\n\t\t\t\t\t<\/div>\n\t\t<\/section>\n\t\t\t\t<section class=\"elementor-section elementor-top-section elementor-element elementor-element-011efc4 elementor-section-boxed elementor-section-height-default elementor-section-height-default\" data-id=\"011efc4\" data-element_type=\"section\" data-e-type=\"section\" data-settings=\"{&quot;background_background&quot;:&quot;classic&quot;}\">\n\t\t\t\t\t\t<div class=\"elementor-container elementor-column-gap-extended\">\n\t\t\t\t\t<div class=\"elementor-column elementor-col-100 elementor-top-column elementor-element elementor-element-e47ebf1\" data-id=\"e47ebf1\" data-element_type=\"column\" data-e-type=\"column\">\n\t\t\t<div class=\"elementor-widget-wrap elementor-element-populated\">\n\t\t\t\t\t\t<div class=\"elementor-element elementor-element-2dd543a elementor-widget elementor-widget-zapedah-title\" data-id=\"2dd543a\" data-element_type=\"widget\" data-e-type=\"widget\" data-widget_type=\"zapedah-title.default\">\n\t\t\t\t<div class=\"elementor-widget-container\">\n\t\t\t\t\t<h1 class=\"content-title\">Mobile Hospitality <b>DHL<\/b><span>.<\/span><\/h1>\t\t\t\t<\/div>\n\t\t\t\t<\/div>\n\t\t\t\t<div class=\"elementor-element elementor-element-a5e617e elementor-widget elementor-widget-heading\" data-id=\"a5e617e\" data-element_type=\"widget\" data-e-type=\"widget\" data-widget_type=\"heading.default\">\n\t\t\t\t<div class=\"elementor-widget-container\">\n\t\t\t\t\t<h3 class=\"elementor-heading-title elementor-size-default\">Next-generation logistics unit designed for DHL within the Formula 1 World Championship.\n\n\n<\/h3>\t\t\t\t<\/div>\n\t\t\t\t<\/div>\n\t\t\t\t<div class=\"elementor-element elementor-element-d571569 elementor-widget elementor-widget-text-editor\" data-id=\"d571569\" data-element_type=\"widget\" data-e-type=\"widget\" data-widget_type=\"text-editor.default\">\n\t\t\t\t<div class=\"elementor-widget-container\">\n\t\t\t\t\t\t\t\t\t<div class=\"elementor-element elementor-element-f57f0b2 animated-fast elementor-widget elementor-widget-text-editor\" data-id=\"f57f0b2\" data-element_type=\"widget\" data-settings=\"{&quot;_animation&quot;:&quot;none&quot;,&quot;_animation_tablet&quot;:&quot;none&quot;,&quot;_animation_delay&quot;:200}\" data-widget_type=\"text-editor.default\"><div class=\"elementor-widget-container\"><p data-start=\"274\" data-end=\"685\">We have developed a new operational unit for the multinational DHL, specifically created to provide logistical support during the Formula 1 Championship. This space has been conceived as a central hub for coordinating and managing all shipments and deliveries for the participating teams, streamlining the logistics flow of one of the most demanding competitions in the world.<\/p><\/div><\/div>\t\t\t\t\t\t\t\t<\/div>\n\t\t\t\t<\/div>\n\t\t\t\t\t<\/div>\n\t\t<\/div>\n\t\t\t\t\t<\/div>\n\t\t<\/section>\n\t\t\t\t<section class=\"elementor-section elementor-top-section elementor-element elementor-element-1ec7200 elementor-section-full_width elementor-section-height-default elementor-section-height-default\" data-id=\"1ec7200\" data-element_type=\"section\" data-e-type=\"section\">\n\t\t\t\t\t\t<div class=\"elementor-container elementor-column-gap-no\">\n\t\t\t\t\t<div class=\"elementor-column elementor-col-100 elementor-top-column elementor-element elementor-element-3f76379\" data-id=\"3f76379\" data-element_type=\"column\" data-e-type=\"column\">\n\t\t\t<div class=\"elementor-widget-wrap elementor-element-populated\">\n\t\t\t\t\t\t<div class=\"elementor-element elementor-element-733c589 elementor-widget elementor-widget-image\" data-id=\"733c589\" data-element_type=\"widget\" data-e-type=\"widget\" data-widget_type=\"image.default\">\n\t\t\t\t<div class=\"elementor-widget-container\">\n\t\t\t\t\t\t\t\t\t\t\t\t\t\t\t<img fetchpriority=\"high\" decoding=\"async\" width=\"2250\" height=\"1500\" src=\"https:\/\/hospitality.es\/wp-content\/uploads\/2025\/07\/DHL-BARCELONA-EDIT-3.jpg\" class=\"attachment-full size-full wp-image-5497\" alt=\"\" srcset=\"https:\/\/hospitality.es\/wp-content\/uploads\/2025\/07\/DHL-BARCELONA-EDIT-3.jpg 2250w, https:\/\/hospitality.es\/wp-content\/uploads\/2025\/07\/DHL-BARCELONA-EDIT-3-300x200.jpg 300w, https:\/\/hospitality.es\/wp-content\/uploads\/2025\/07\/DHL-BARCELONA-EDIT-3-1024x683.jpg 1024w, https:\/\/hospitality.es\/wp-content\/uploads\/2025\/07\/DHL-BARCELONA-EDIT-3-768x512.jpg 768w, https:\/\/hospitality.es\/wp-content\/uploads\/2025\/07\/DHL-BARCELONA-EDIT-3-1536x1024.jpg 1536w, https:\/\/hospitality.es\/wp-content\/uploads\/2025\/07\/DHL-BARCELONA-EDIT-3-2048x1365.jpg 2048w, https:\/\/hospitality.es\/wp-content\/uploads\/2025\/07\/DHL-BARCELONA-EDIT-3-18x12.jpg 18w\" sizes=\"(max-width: 2250px) 100vw, 2250px\" \/>\t\t\t\t\t\t\t\t\t\t\t\t\t\t\t<\/div>\n\t\t\t\t<\/div>\n\t\t\t\t<div class=\"elementor-element elementor-element-6848b7e elementor-widget elementor-widget-image\" data-id=\"6848b7e\" data-element_type=\"widget\" data-e-type=\"widget\" data-widget_type=\"image.default\">\n\t\t\t\t<div class=\"elementor-widget-container\">\n\t\t\t\t\t\t\t\t\t\t\t\t\t\t\t<img decoding=\"async\" width=\"2250\" height=\"1500\" src=\"https:\/\/hospitality.es\/wp-content\/uploads\/2025\/07\/DHL-BARCELONA-EDIT-79.jpg\" class=\"attachment-full size-full wp-image-5498\" alt=\"\" srcset=\"https:\/\/hospitality.es\/wp-content\/uploads\/2025\/07\/DHL-BARCELONA-EDIT-79.jpg 2250w, https:\/\/hospitality.es\/wp-content\/uploads\/2025\/07\/DHL-BARCELONA-EDIT-79-300x200.jpg 300w, https:\/\/hospitality.es\/wp-content\/uploads\/2025\/07\/DHL-BARCELONA-EDIT-79-1024x683.jpg 1024w, https:\/\/hospitality.es\/wp-content\/uploads\/2025\/07\/DHL-BARCELONA-EDIT-79-768x512.jpg 768w, https:\/\/hospitality.es\/wp-content\/uploads\/2025\/07\/DHL-BARCELONA-EDIT-79-1536x1024.jpg 1536w, https:\/\/hospitality.es\/wp-content\/uploads\/2025\/07\/DHL-BARCELONA-EDIT-79-2048x1365.jpg 2048w, https:\/\/hospitality.es\/wp-content\/uploads\/2025\/07\/DHL-BARCELONA-EDIT-79-18x12.jpg 18w\" sizes=\"(max-width: 2250px) 100vw, 2250px\" \/>\t\t\t\t\t\t\t\t\t\t\t\t\t\t\t<\/div>\n\t\t\t\t<\/div>\n\t\t\t\t<div class=\"elementor-element elementor-element-f9ec4cf elementor-widget elementor-widget-image\" data-id=\"f9ec4cf\" data-element_type=\"widget\" data-e-type=\"widget\" data-widget_type=\"image.default\">\n\t\t\t\t<div class=\"elementor-widget-container\">\n\t\t\t\t\t\t\t\t\t\t\t\t\t\t\t<img decoding=\"async\" width=\"2250\" height=\"1500\" src=\"https:\/\/hospitality.es\/wp-content\/uploads\/2025\/07\/DHL-BARCELONA-EDIT-51.jpg\" class=\"attachment-full size-full wp-image-5500\" alt=\"\" srcset=\"https:\/\/hospitality.es\/wp-content\/uploads\/2025\/07\/DHL-BARCELONA-EDIT-51.jpg 2250w, https:\/\/hospitality.es\/wp-content\/uploads\/2025\/07\/DHL-BARCELONA-EDIT-51-300x200.jpg 300w, https:\/\/hospitality.es\/wp-content\/uploads\/2025\/07\/DHL-BARCELONA-EDIT-51-1024x683.jpg 1024w, https:\/\/hospitality.es\/wp-content\/uploads\/2025\/07\/DHL-BARCELONA-EDIT-51-768x512.jpg 768w, https:\/\/hospitality.es\/wp-content\/uploads\/2025\/07\/DHL-BARCELONA-EDIT-51-1536x1024.jpg 1536w, https:\/\/hospitality.es\/wp-content\/uploads\/2025\/07\/DHL-BARCELONA-EDIT-51-2048x1365.jpg 2048w, https:\/\/hospitality.es\/wp-content\/uploads\/2025\/07\/DHL-BARCELONA-EDIT-51-18x12.jpg 18w\" sizes=\"(max-width: 2250px) 100vw, 2250px\" \/>\t\t\t\t\t\t\t\t\t\t\t\t\t\t\t<\/div>\n\t\t\t\t<\/div>\n\t\t\t\t<div class=\"elementor-element elementor-element-c2e4327 elementor-widget elementor-widget-image\" data-id=\"c2e4327\" data-element_type=\"widget\" data-e-type=\"widget\" data-widget_type=\"image.default\">\n\t\t\t\t<div class=\"elementor-widget-container\">\n\t\t\t\t\t\t\t\t\t\t\t\t\t\t\t<img loading=\"lazy\" decoding=\"async\" width=\"1500\" height=\"2250\" src=\"https:\/\/hospitality.es\/wp-content\/uploads\/2025\/07\/DHL-BARCELONA-EDIT-9.jpg\" class=\"attachment-full size-full wp-image-5499\" alt=\"\" srcset=\"https:\/\/hospitality.es\/wp-content\/uploads\/2025\/07\/DHL-BARCELONA-EDIT-9.jpg 1500w, https:\/\/hospitality.es\/wp-content\/uploads\/2025\/07\/DHL-BARCELONA-EDIT-9-200x300.jpg 200w, https:\/\/hospitality.es\/wp-content\/uploads\/2025\/07\/DHL-BARCELONA-EDIT-9-683x1024.jpg 683w, https:\/\/hospitality.es\/wp-content\/uploads\/2025\/07\/DHL-BARCELONA-EDIT-9-768x1152.jpg 768w, https:\/\/hospitality.es\/wp-content\/uploads\/2025\/07\/DHL-BARCELONA-EDIT-9-1024x1536.jpg 1024w, https:\/\/hospitality.es\/wp-content\/uploads\/2025\/07\/DHL-BARCELONA-EDIT-9-1365x2048.jpg 1365w, https:\/\/hospitality.es\/wp-content\/uploads\/2025\/07\/DHL-BARCELONA-EDIT-9-8x12.jpg 8w\" sizes=\"(max-width: 1500px) 100vw, 1500px\" \/>\t\t\t\t\t\t\t\t\t\t\t\t\t\t\t<\/div>\n\t\t\t\t<\/div>\n\t\t\t\t<div class=\"elementor-element elementor-element-6e735c9 elementor-widget elementor-widget-image\" data-id=\"6e735c9\" data-element_type=\"widget\" data-e-type=\"widget\" data-widget_type=\"image.default\">\n\t\t\t\t<div class=\"elementor-widget-container\">\n\t\t\t\t\t\t\t\t\t\t\t\t\t\t\t<img loading=\"lazy\" decoding=\"async\" width=\"2250\" height=\"1500\" src=\"https:\/\/hospitality.es\/wp-content\/uploads\/2025\/07\/DHL-BARCELONA-EDIT-61.jpg\" class=\"attachment-full size-full wp-image-5504\" alt=\"\" srcset=\"https:\/\/hospitality.es\/wp-content\/uploads\/2025\/07\/DHL-BARCELONA-EDIT-61.jpg 2250w, https:\/\/hospitality.es\/wp-content\/uploads\/2025\/07\/DHL-BARCELONA-EDIT-61-300x200.jpg 300w, https:\/\/hospitality.es\/wp-content\/uploads\/2025\/07\/DHL-BARCELONA-EDIT-61-1024x683.jpg 1024w, https:\/\/hospitality.es\/wp-content\/uploads\/2025\/07\/DHL-BARCELONA-EDIT-61-768x512.jpg 768w, https:\/\/hospitality.es\/wp-content\/uploads\/2025\/07\/DHL-BARCELONA-EDIT-61-1536x1024.jpg 1536w, https:\/\/hospitality.es\/wp-content\/uploads\/2025\/07\/DHL-BARCELONA-EDIT-61-2048x1365.jpg 2048w, https:\/\/hospitality.es\/wp-content\/uploads\/2025\/07\/DHL-BARCELONA-EDIT-61-18x12.jpg 18w\" sizes=\"(max-width: 2250px) 100vw, 2250px\" \/>\t\t\t\t\t\t\t\t\t\t\t\t\t\t\t<\/div>\n\t\t\t\t<\/div>\n\t\t\t\t\t<\/div>\n\t\t<\/div>\n\t\t\t\t\t<\/div>\n\t\t<\/section>\n\t\t\t\t<section class=\"elementor-section elementor-top-section elementor-element elementor-element-d6e698b elementor-section-boxed elementor-section-height-default elementor-section-height-default\" data-id=\"d6e698b\" data-element_type=\"section\" data-e-type=\"section\" data-settings=\"{&quot;background_background&quot;:&quot;classic&quot;}\">\n\t\t\t\t\t\t<div class=\"elementor-container elementor-column-gap-extended\">\n\t\t\t\t\t<div class=\"elementor-column elementor-col-100 elementor-top-column elementor-element elementor-element-8e5dbeb\" data-id=\"8e5dbeb\" data-element_type=\"column\" data-e-type=\"column\">\n\t\t\t<div class=\"elementor-widget-wrap elementor-element-populated\">\n\t\t\t\t\t\t<div class=\"elementor-element elementor-element-1de4fc8 elementor-widget elementor-widget-zapedah-title\" data-id=\"1de4fc8\" data-element_type=\"widget\" data-e-type=\"widget\" data-widget_type=\"zapedah-title.default\">\n\t\t\t\t<div class=\"elementor-widget-container\">\n\t\t\t\t\t<h4 class=\"content-title\">About the Mobile Hospitality <b>DHL<\/b><span>.<\/span><\/h4>\t\t\t\t<\/div>\n\t\t\t\t<\/div>\n\t\t\t\t<div class=\"elementor-element elementor-element-c29b428 elementor-widget elementor-widget-text-editor\" data-id=\"c29b428\" data-element_type=\"widget\" data-e-type=\"widget\" data-widget_type=\"text-editor.default\">\n\t\t\t\t<div class=\"elementor-widget-container\">\n\t\t\t\t\t\t\t\t\t<div class=\"elementor-element elementor-element-f57f0b2 animated-fast elementor-widget elementor-widget-text-editor\" data-id=\"f57f0b2\" data-element_type=\"widget\" data-settings=\"{&quot;_animation&quot;:&quot;none&quot;,&quot;_animation_tablet&quot;:&quot;none&quot;,&quot;_animation_delay&quot;:200}\" data-widget_type=\"text-editor.default\"><div class=\"elementor-widget-container\"><p data-start=\"687\" data-end=\"1071\"><strong>The structure is organized into two functional and versatile floors:<\/strong><br data-start=\"753\" data-end=\"756\" \/>The upper floor features two spacious, fully equipped meeting rooms for strategic operations management, along with a terrace offering privileged views of the circuit and an open area with a bar and lounge space\u2014ideal for informal meetings and fostering collaboration between teams.<\/p><p data-start=\"1073\" data-end=\"1363\">The ground floor houses three independent offices used to welcome the various racing teams, enabling personalized and efficient coordination of critical shipments such as engines, high-precision components, and all essential technical equipment for the competition.<\/p><p data-start=\"1365\" data-end=\"1555\">This new logistics hub not only meets DHL\u2019s demanding operational standards but also reinforces its role as a key strategic partner within the Formula 1 ecosystem.<\/p><\/div><\/div>\t\t\t\t\t\t\t\t<\/div>\n\t\t\t\t<\/div>\n\t\t\t\t<div class=\"elementor-element elementor-element-25c13b7 elementor-widget elementor-widget-zapedah-button-text\" data-id=\"25c13b7\" data-element_type=\"widget\" data-e-type=\"widget\" data-widget_type=\"zapedah-button-text.default\">\n\t\t\t\t<div class=\"elementor-widget-container\">\n\t\t\t\t\t\t\t\n\t\t\t<a class=\"content-btn content-btn-left\" href=\"https:\/\/hospitality.es\/en\/unidades\/\">\n\n\t\t\t\t\n\t\t\t\t<span class=\"button-text\">BACK TO UNITS<\/span>\n\t\t\t\t<span class=\"button-sub\"><\/span>\n\t\t\t<\/a>\n\n\t\t\n\t\t\t\t\t<\/div>\n\t\t\t\t<\/div>\n\t\t\t\t\t<\/div>\n\t\t<\/div>\n\t\t\t\t\t<\/div>\n\t\t<\/section>\n\t\t\t\t<\/div>","protected":false},"excerpt":{"rendered":"<p>hospitality DHL-F1 Hospitality Unit. Mobile Hospitality DHL. Unidad log\u00edstica de \u00faltima generaci\u00f3n dise\u00f1ada para DHL en el marco del Campeonato Mundial de F\u00f3rmula 1 Hemos dise\u00f1ado una nueva unidad operativa para la multinacional DHL, espec\u00edficamente pensada para dar soporte log\u00edstico durante la celebraci\u00f3n del Campeonato de F\u00f3rmula 1. Este espacio ha sido concebido como un centro neur\u00e1lgico desde el que &hellip;<\/p>","protected":false},"author":1,"featured_media":5451,"parent":3183,"menu_order":0,"comment_status":"closed","ping_status":"closed","template":"blank-builder.php","meta":{"footnotes":""},"class_list":["post-5489","page","type-page","status-publish","has-post-thumbnail","hentry"],"_links":{"self":[{"href":"https:\/\/hospitality.es\/en\/wp-json\/wp\/v2\/pages\/5489","targetHints":{"allow":["GET"]}}],"collection":[{"href":"https:\/\/hospitality.es\/en\/wp-json\/wp\/v2\/pages"}],"about":[{"href":"https:\/\/hospitality.es\/en\/wp-json\/wp\/v2\/types\/page"}],"author":[{"embeddable":true,"href":"https:\/\/hospitality.es\/en\/wp-json\/wp\/v2\/users\/1"}],"replies":[{"embeddable":true,"href":"https:\/\/hospitality.es\/en\/wp-json\/wp\/v2\/comments?post=5489"}],"version-history":[{"count":31,"href":"https:\/\/hospitality.es\/en\/wp-json\/wp\/v2\/pages\/5489\/revisions"}],"predecessor-version":[{"id":5808,"href":"https:\/\/hospitality.es\/en\/wp-json\/wp\/v2\/pages\/5489\/revisions\/5808"}],"up":[{"embeddable":true,"href":"https:\/\/hospitality.es\/en\/wp-json\/wp\/v2\/pages\/3183"}],"wp:featuredmedia":[{"embeddable":true,"href":"https:\/\/hospitality.es\/en\/wp-json\/wp\/v2\/media\/5451"}],"wp:attachment":[{"href":"https:\/\/hospitality.es\/en\/wp-json\/wp\/v2\/media?parent=5489"}],"curies":[{"name":"wp","href":"https:\/\/api.w.org\/{rel}","templated":true}]}}