{"id":5572,"date":"2025-07-28T16:48:33","date_gmt":"2025-07-28T16:48:33","guid":{"rendered":"https:\/\/hospitality.es\/?page_id=5572"},"modified":"2025-08-03T09:26:41","modified_gmt":"2025-08-03T09:26:41","slug":"hospitality-unit-triumph","status":"publish","type":"page","link":"https:\/\/hospitality.es\/en\/unidades\/hospitality-unit-triumph\/","title":{"rendered":"HOSPITALITY UNIT TRIUMPH"},"content":{"rendered":"<div data-elementor-type=\"wp-page\" data-elementor-id=\"5572\" class=\"elementor elementor-5572\">\n\t\t\t\t\t\t<section class=\"elementor-section elementor-top-section elementor-element elementor-element-8a6384a elementor-section-boxed elementor-section-height-default elementor-section-height-default\" data-id=\"8a6384a\" data-element_type=\"section\" data-e-type=\"section\" data-settings=\"{&quot;background_background&quot;:&quot;classic&quot;}\">\n\t\t\t\t\t\t\t<div class=\"elementor-background-overlay\"><\/div>\n\t\t\t\t\t\t\t<div class=\"elementor-container elementor-column-gap-extended\">\n\t\t\t\t\t<div class=\"elementor-column elementor-col-100 elementor-top-column elementor-element elementor-element-9c7ba51\" data-id=\"9c7ba51\" data-element_type=\"column\" data-e-type=\"column\">\n\t\t\t<div class=\"elementor-widget-wrap elementor-element-populated\">\n\t\t\t\t\t\t<div class=\"elementor-element elementor-element-805bf15 elementor-widget elementor-widget-text-editor\" data-id=\"805bf15\" data-element_type=\"widget\" data-e-type=\"widget\" data-widget_type=\"text-editor.default\">\n\t\t\t\t<div class=\"elementor-widget-container\">\n\t\t\t\t\t\t\t\t\t<p>hospitality<\/p>\t\t\t\t\t\t\t\t<\/div>\n\t\t\t\t<\/div>\n\t\t\t\t<div class=\"elementor-element elementor-element-5679f91 elementor-widget elementor-widget-zapedah-title\" data-id=\"5679f91\" data-element_type=\"widget\" data-e-type=\"widget\" data-widget_type=\"zapedah-title.default\">\n\t\t\t\t<div class=\"elementor-widget-container\">\n\t\t\t\t\t<h1 class=\"content-title\"><font color=\"#ffffff\">Triumph MXGP Hospitality Unit<\/font>.<\/h1>\t\t\t\t<\/div>\n\t\t\t\t<\/div>\n\t\t\t\t\t<\/div>\n\t\t<\/div>\n\t\t\t\t\t<\/div>\n\t\t<\/section>\n\t\t\t\t<section class=\"elementor-section elementor-top-section elementor-element elementor-element-011efc4 elementor-section-boxed elementor-section-height-default elementor-section-height-default\" data-id=\"011efc4\" data-element_type=\"section\" data-e-type=\"section\" data-settings=\"{&quot;background_background&quot;:&quot;classic&quot;}\">\n\t\t\t\t\t\t<div class=\"elementor-container elementor-column-gap-extended\">\n\t\t\t\t\t<div class=\"elementor-column elementor-col-100 elementor-top-column elementor-element elementor-element-e47ebf1\" data-id=\"e47ebf1\" data-element_type=\"column\" data-e-type=\"column\">\n\t\t\t<div class=\"elementor-widget-wrap elementor-element-populated\">\n\t\t\t\t\t\t<div class=\"elementor-element elementor-element-2dd543a elementor-widget elementor-widget-zapedah-title\" data-id=\"2dd543a\" data-element_type=\"widget\" data-e-type=\"widget\" data-widget_type=\"zapedah-title.default\">\n\t\t\t\t<div class=\"elementor-widget-container\">\n\t\t\t\t\t<h2 class=\"content-title\">Mobile Hospitality <b>Triumph<\/b><span>.<\/span><\/h2>\t\t\t\t<\/div>\n\t\t\t\t<\/div>\n\t\t\t\t<div class=\"elementor-element elementor-element-a5e617e elementor-widget elementor-widget-heading\" data-id=\"a5e617e\" data-element_type=\"widget\" data-e-type=\"widget\" data-widget_type=\"heading.default\">\n\t\t\t\t<div class=\"elementor-widget-container\">\n\t\t\t\t\t<h3 class=\"elementor-heading-title elementor-size-default\">Unit for the Triumph MXGP Team <\/h3>\t\t\t\t<\/div>\n\t\t\t\t<\/div>\n\t\t\t\t<div class=\"elementor-element elementor-element-d571569 elementor-widget elementor-widget-text-editor\" data-id=\"d571569\" data-element_type=\"widget\" data-e-type=\"widget\" data-widget_type=\"text-editor.default\">\n\t\t\t\t<div class=\"elementor-widget-container\">\n\t\t\t\t\t\t\t\t\tA brand-new unit designed for the Triumph MXGP Team, which will accompany the squad throughout the entire European calendar.\n\t\t\t\t\t\t\t\t<\/div>\n\t\t\t\t<\/div>\n\t\t\t\t\t<\/div>\n\t\t<\/div>\n\t\t\t\t\t<\/div>\n\t\t<\/section>\n\t\t\t\t<section class=\"elementor-section elementor-top-section elementor-element elementor-element-1ec7200 elementor-section-full_width elementor-section-height-default elementor-section-height-default\" data-id=\"1ec7200\" data-element_type=\"section\" data-e-type=\"section\">\n\t\t\t\t\t\t<div class=\"elementor-container elementor-column-gap-no\">\n\t\t\t\t\t<div class=\"elementor-column elementor-col-100 elementor-top-column elementor-element elementor-element-3f76379\" data-id=\"3f76379\" data-element_type=\"column\" data-e-type=\"column\">\n\t\t\t<div class=\"elementor-widget-wrap elementor-element-populated\">\n\t\t\t\t\t\t<div class=\"elementor-element elementor-element-6848b7e elementor-widget elementor-widget-image\" data-id=\"6848b7e\" data-element_type=\"widget\" data-e-type=\"widget\" data-widget_type=\"image.default\">\n\t\t\t\t<div class=\"elementor-widget-container\">\n\t\t\t\t\t\t\t\t\t\t\t\t\t\t\t<img fetchpriority=\"high\" decoding=\"async\" width=\"2178\" height=\"2560\" src=\"https:\/\/hospitality.es\/wp-content\/uploads\/2025\/07\/TRIUMPH-01-scaled.jpg\" class=\"attachment-full size-full wp-image-5580\" alt=\"\" srcset=\"https:\/\/hospitality.es\/wp-content\/uploads\/2025\/07\/TRIUMPH-01-scaled.jpg 2178w, https:\/\/hospitality.es\/wp-content\/uploads\/2025\/07\/TRIUMPH-01-255x300.jpg 255w, https:\/\/hospitality.es\/wp-content\/uploads\/2025\/07\/TRIUMPH-01-871x1024.jpg 871w, https:\/\/hospitality.es\/wp-content\/uploads\/2025\/07\/TRIUMPH-01-768x903.jpg 768w, https:\/\/hospitality.es\/wp-content\/uploads\/2025\/07\/TRIUMPH-01-1307x1536.jpg 1307w, https:\/\/hospitality.es\/wp-content\/uploads\/2025\/07\/TRIUMPH-01-1742x2048.jpg 1742w, https:\/\/hospitality.es\/wp-content\/uploads\/2025\/07\/TRIUMPH-01-10x12.jpg 10w\" sizes=\"(max-width: 2178px) 100vw, 2178px\" \/>\t\t\t\t\t\t\t\t\t\t\t\t\t\t\t<\/div>\n\t\t\t\t<\/div>\n\t\t\t\t<div class=\"elementor-element elementor-element-733c589 elementor-widget elementor-widget-image\" data-id=\"733c589\" data-element_type=\"widget\" data-e-type=\"widget\" data-widget_type=\"image.default\">\n\t\t\t\t<div class=\"elementor-widget-container\">\n\t\t\t\t\t\t\t\t\t\t\t\t\t\t\t<img decoding=\"async\" width=\"2250\" height=\"1500\" src=\"https:\/\/hospitality.es\/wp-content\/uploads\/2025\/07\/TRIUMPH-03.jpg\" class=\"attachment-full size-full wp-image-5579\" alt=\"\" srcset=\"https:\/\/hospitality.es\/wp-content\/uploads\/2025\/07\/TRIUMPH-03.jpg 2250w, https:\/\/hospitality.es\/wp-content\/uploads\/2025\/07\/TRIUMPH-03-300x200.jpg 300w, https:\/\/hospitality.es\/wp-content\/uploads\/2025\/07\/TRIUMPH-03-1024x683.jpg 1024w, https:\/\/hospitality.es\/wp-content\/uploads\/2025\/07\/TRIUMPH-03-768x512.jpg 768w, https:\/\/hospitality.es\/wp-content\/uploads\/2025\/07\/TRIUMPH-03-1536x1024.jpg 1536w, https:\/\/hospitality.es\/wp-content\/uploads\/2025\/07\/TRIUMPH-03-2048x1365.jpg 2048w, https:\/\/hospitality.es\/wp-content\/uploads\/2025\/07\/TRIUMPH-03-18x12.jpg 18w\" sizes=\"(max-width: 2250px) 100vw, 2250px\" \/>\t\t\t\t\t\t\t\t\t\t\t\t\t\t\t<\/div>\n\t\t\t\t<\/div>\n\t\t\t\t<div class=\"elementor-element elementor-element-f9ec4cf elementor-widget elementor-widget-image\" data-id=\"f9ec4cf\" data-element_type=\"widget\" data-e-type=\"widget\" data-widget_type=\"image.default\">\n\t\t\t\t<div class=\"elementor-widget-container\">\n\t\t\t\t\t\t\t\t\t\t\t\t\t\t\t<img decoding=\"async\" width=\"2250\" height=\"1500\" src=\"https:\/\/hospitality.es\/wp-content\/uploads\/2025\/07\/TRIUMPH-02.jpg\" class=\"attachment-full size-full wp-image-5581\" alt=\"\" srcset=\"https:\/\/hospitality.es\/wp-content\/uploads\/2025\/07\/TRIUMPH-02.jpg 2250w, https:\/\/hospitality.es\/wp-content\/uploads\/2025\/07\/TRIUMPH-02-300x200.jpg 300w, https:\/\/hospitality.es\/wp-content\/uploads\/2025\/07\/TRIUMPH-02-1024x683.jpg 1024w, https:\/\/hospitality.es\/wp-content\/uploads\/2025\/07\/TRIUMPH-02-768x512.jpg 768w, https:\/\/hospitality.es\/wp-content\/uploads\/2025\/07\/TRIUMPH-02-1536x1024.jpg 1536w, https:\/\/hospitality.es\/wp-content\/uploads\/2025\/07\/TRIUMPH-02-2048x1365.jpg 2048w, https:\/\/hospitality.es\/wp-content\/uploads\/2025\/07\/TRIUMPH-02-18x12.jpg 18w\" sizes=\"(max-width: 2250px) 100vw, 2250px\" \/>\t\t\t\t\t\t\t\t\t\t\t\t\t\t\t<\/div>\n\t\t\t\t<\/div>\n\t\t\t\t<div class=\"elementor-element elementor-element-738ec48 elementor-widget elementor-widget-image\" data-id=\"738ec48\" data-element_type=\"widget\" data-e-type=\"widget\" data-widget_type=\"image.default\">\n\t\t\t\t<div class=\"elementor-widget-container\">\n\t\t\t\t\t\t\t\t\t\t\t\t\t\t\t<img loading=\"lazy\" decoding=\"async\" width=\"2250\" height=\"1500\" src=\"https:\/\/hospitality.es\/wp-content\/uploads\/2025\/08\/TRIUMPH-04.jpg\" class=\"attachment-full size-full wp-image-5685\" alt=\"\" srcset=\"https:\/\/hospitality.es\/wp-content\/uploads\/2025\/08\/TRIUMPH-04.jpg 2250w, https:\/\/hospitality.es\/wp-content\/uploads\/2025\/08\/TRIUMPH-04-300x200.jpg 300w, https:\/\/hospitality.es\/wp-content\/uploads\/2025\/08\/TRIUMPH-04-1024x683.jpg 1024w, https:\/\/hospitality.es\/wp-content\/uploads\/2025\/08\/TRIUMPH-04-768x512.jpg 768w, https:\/\/hospitality.es\/wp-content\/uploads\/2025\/08\/TRIUMPH-04-1536x1024.jpg 1536w, https:\/\/hospitality.es\/wp-content\/uploads\/2025\/08\/TRIUMPH-04-2048x1365.jpg 2048w, https:\/\/hospitality.es\/wp-content\/uploads\/2025\/08\/TRIUMPH-04-18x12.jpg 18w\" sizes=\"(max-width: 2250px) 100vw, 2250px\" \/>\t\t\t\t\t\t\t\t\t\t\t\t\t\t\t<\/div>\n\t\t\t\t<\/div>\n\t\t\t\t<div class=\"elementor-element elementor-element-2e279a8 elementor-widget elementor-widget-image\" data-id=\"2e279a8\" data-element_type=\"widget\" data-e-type=\"widget\" data-widget_type=\"image.default\">\n\t\t\t\t<div class=\"elementor-widget-container\">\n\t\t\t\t\t\t\t\t\t\t\t\t\t\t\t<img loading=\"lazy\" decoding=\"async\" width=\"1500\" height=\"2250\" src=\"https:\/\/hospitality.es\/wp-content\/uploads\/2025\/08\/TRIUMPH-05.jpg\" class=\"attachment-full size-full wp-image-5689\" alt=\"\" srcset=\"https:\/\/hospitality.es\/wp-content\/uploads\/2025\/08\/TRIUMPH-05.jpg 1500w, https:\/\/hospitality.es\/wp-content\/uploads\/2025\/08\/TRIUMPH-05-200x300.jpg 200w, https:\/\/hospitality.es\/wp-content\/uploads\/2025\/08\/TRIUMPH-05-683x1024.jpg 683w, https:\/\/hospitality.es\/wp-content\/uploads\/2025\/08\/TRIUMPH-05-768x1152.jpg 768w, https:\/\/hospitality.es\/wp-content\/uploads\/2025\/08\/TRIUMPH-05-1024x1536.jpg 1024w, https:\/\/hospitality.es\/wp-content\/uploads\/2025\/08\/TRIUMPH-05-1365x2048.jpg 1365w, https:\/\/hospitality.es\/wp-content\/uploads\/2025\/08\/TRIUMPH-05-8x12.jpg 8w\" sizes=\"(max-width: 1500px) 100vw, 1500px\" \/>\t\t\t\t\t\t\t\t\t\t\t\t\t\t\t<\/div>\n\t\t\t\t<\/div>\n\t\t\t\t<div class=\"elementor-element elementor-element-dfbb2a9 elementor-widget elementor-widget-image\" data-id=\"dfbb2a9\" data-element_type=\"widget\" data-e-type=\"widget\" data-widget_type=\"image.default\">\n\t\t\t\t<div class=\"elementor-widget-container\">\n\t\t\t\t\t\t\t\t\t\t\t\t\t\t\t<img loading=\"lazy\" decoding=\"async\" width=\"2250\" height=\"1500\" src=\"https:\/\/hospitality.es\/wp-content\/uploads\/2025\/08\/TRIUMPH-06.jpg\" class=\"attachment-full size-full wp-image-5690\" alt=\"\" srcset=\"https:\/\/hospitality.es\/wp-content\/uploads\/2025\/08\/TRIUMPH-06.jpg 2250w, https:\/\/hospitality.es\/wp-content\/uploads\/2025\/08\/TRIUMPH-06-300x200.jpg 300w, https:\/\/hospitality.es\/wp-content\/uploads\/2025\/08\/TRIUMPH-06-1024x683.jpg 1024w, https:\/\/hospitality.es\/wp-content\/uploads\/2025\/08\/TRIUMPH-06-768x512.jpg 768w, https:\/\/hospitality.es\/wp-content\/uploads\/2025\/08\/TRIUMPH-06-1536x1024.jpg 1536w, https:\/\/hospitality.es\/wp-content\/uploads\/2025\/08\/TRIUMPH-06-2048x1365.jpg 2048w, https:\/\/hospitality.es\/wp-content\/uploads\/2025\/08\/TRIUMPH-06-18x12.jpg 18w\" sizes=\"(max-width: 2250px) 100vw, 2250px\" \/>\t\t\t\t\t\t\t\t\t\t\t\t\t\t\t<\/div>\n\t\t\t\t<\/div>\n\t\t\t\t<div class=\"elementor-element elementor-element-fb77265 elementor-widget elementor-widget-image\" data-id=\"fb77265\" data-element_type=\"widget\" data-e-type=\"widget\" data-widget_type=\"image.default\">\n\t\t\t\t<div class=\"elementor-widget-container\">\n\t\t\t\t\t\t\t\t\t\t\t\t\t\t\t<img loading=\"lazy\" decoding=\"async\" width=\"2250\" height=\"1500\" src=\"https:\/\/hospitality.es\/wp-content\/uploads\/2025\/08\/TRIUMPH-07.jpg\" class=\"attachment-full size-full wp-image-5691\" alt=\"\" srcset=\"https:\/\/hospitality.es\/wp-content\/uploads\/2025\/08\/TRIUMPH-07.jpg 2250w, https:\/\/hospitality.es\/wp-content\/uploads\/2025\/08\/TRIUMPH-07-300x200.jpg 300w, https:\/\/hospitality.es\/wp-content\/uploads\/2025\/08\/TRIUMPH-07-1024x683.jpg 1024w, https:\/\/hospitality.es\/wp-content\/uploads\/2025\/08\/TRIUMPH-07-768x512.jpg 768w, https:\/\/hospitality.es\/wp-content\/uploads\/2025\/08\/TRIUMPH-07-1536x1024.jpg 1536w, https:\/\/hospitality.es\/wp-content\/uploads\/2025\/08\/TRIUMPH-07-2048x1365.jpg 2048w, https:\/\/hospitality.es\/wp-content\/uploads\/2025\/08\/TRIUMPH-07-18x12.jpg 18w\" sizes=\"(max-width: 2250px) 100vw, 2250px\" \/>\t\t\t\t\t\t\t\t\t\t\t\t\t\t\t<\/div>\n\t\t\t\t<\/div>\n\t\t\t\t\t<\/div>\n\t\t<\/div>\n\t\t\t\t\t<\/div>\n\t\t<\/section>\n\t\t\t\t<section class=\"elementor-section elementor-top-section elementor-element elementor-element-d6e698b elementor-section-boxed elementor-section-height-default elementor-section-height-default\" data-id=\"d6e698b\" data-element_type=\"section\" data-e-type=\"section\" data-settings=\"{&quot;background_background&quot;:&quot;classic&quot;}\">\n\t\t\t\t\t\t<div class=\"elementor-container elementor-column-gap-extended\">\n\t\t\t\t\t<div class=\"elementor-column elementor-col-100 elementor-top-column elementor-element elementor-element-8e5dbeb\" data-id=\"8e5dbeb\" data-element_type=\"column\" data-e-type=\"column\">\n\t\t\t<div class=\"elementor-widget-wrap elementor-element-populated\">\n\t\t\t\t\t\t<div class=\"elementor-element elementor-element-1de4fc8 elementor-widget elementor-widget-zapedah-title\" data-id=\"1de4fc8\" data-element_type=\"widget\" data-e-type=\"widget\" data-widget_type=\"zapedah-title.default\">\n\t\t\t\t<div class=\"elementor-widget-container\">\n\t\t\t\t\t<h4 class=\"content-title\">About the Mobile Hospitality <b>TRIUMPH<\/b><span>.<\/span><\/h4>\t\t\t\t<\/div>\n\t\t\t\t<\/div>\n\t\t\t\t<div class=\"elementor-element elementor-element-c29b428 elementor-widget elementor-widget-text-editor\" data-id=\"c29b428\" data-element_type=\"widget\" data-e-type=\"widget\" data-widget_type=\"text-editor.default\">\n\t\t\t\t<div class=\"elementor-widget-container\">\n\t\t\t\t\t\t\t\t\t<p><strong>The structure is spread across two functional floors, fully adapted to the team's needs:<\/strong><br \/>The upper floor features five rooms for the riders and a meeting room dedicated to technical and strategic planning.<\/p><p>The ground floor is set up as a dining area, providing a comfortable space for the team\u2019s meals during race weekends.<\/p>\t\t\t\t\t\t\t\t<\/div>\n\t\t\t\t<\/div>\n\t\t\t\t<div class=\"elementor-element elementor-element-a1ead77 elementor-widget elementor-widget-zapedah-button-text\" data-id=\"a1ead77\" data-element_type=\"widget\" data-e-type=\"widget\" data-widget_type=\"zapedah-button-text.default\">\n\t\t\t\t<div class=\"elementor-widget-container\">\n\t\t\t\t\t\t\t\n\t\t\t<a class=\"content-btn content-btn-left\" href=\"https:\/\/hospitality.es\/en\/unidades\/\">\n\n\t\t\t\t\n\t\t\t\t<span class=\"button-text\">BACK TO UNITS<\/span>\n\t\t\t\t<span class=\"button-sub\"><\/span>\n\t\t\t<\/a>\n\n\t\t\n\t\t\t\t\t<\/div>\n\t\t\t\t<\/div>\n\t\t\t\t\t<\/div>\n\t\t<\/div>\n\t\t\t\t\t<\/div>\n\t\t<\/section>\n\t\t\t\t<\/div>","protected":false},"excerpt":{"rendered":"<p>hospitality Triumph MXGP Hospitality Unit. Mobile Hospitality Triumph. Unidad para el Triumph MXGP Team Nueva unidad dise\u00f1ada para el equipo Triumph MXGP, que acompa\u00f1ar\u00e1 a la escuder\u00eda durante todo el calendario europeo. Informaci\u00f3n sobre el Mobile Hospitality TRIUMPH. El edificio se estructura en dos plantas funcionales y adaptadas a las necesidades del equipo:La planta superior cuenta con cinco habitaciones destinadas &hellip;<\/p>","protected":false},"author":1,"featured_media":5538,"parent":3183,"menu_order":0,"comment_status":"closed","ping_status":"closed","template":"blank-builder.php","meta":{"footnotes":""},"class_list":["post-5572","page","type-page","status-publish","has-post-thumbnail","hentry"],"_links":{"self":[{"href":"https:\/\/hospitality.es\/en\/wp-json\/wp\/v2\/pages\/5572","targetHints":{"allow":["GET"]}}],"collection":[{"href":"https:\/\/hospitality.es\/en\/wp-json\/wp\/v2\/pages"}],"about":[{"href":"https:\/\/hospitality.es\/en\/wp-json\/wp\/v2\/types\/page"}],"author":[{"embeddable":true,"href":"https:\/\/hospitality.es\/en\/wp-json\/wp\/v2\/users\/1"}],"replies":[{"embeddable":true,"href":"https:\/\/hospitality.es\/en\/wp-json\/wp\/v2\/comments?post=5572"}],"version-history":[{"count":34,"href":"https:\/\/hospitality.es\/en\/wp-json\/wp\/v2\/pages\/5572\/revisions"}],"predecessor-version":[{"id":5836,"href":"https:\/\/hospitality.es\/en\/wp-json\/wp\/v2\/pages\/5572\/revisions\/5836"}],"up":[{"embeddable":true,"href":"https:\/\/hospitality.es\/en\/wp-json\/wp\/v2\/pages\/3183"}],"wp:featuredmedia":[{"embeddable":true,"href":"https:\/\/hospitality.es\/en\/wp-json\/wp\/v2\/media\/5538"}],"wp:attachment":[{"href":"https:\/\/hospitality.es\/en\/wp-json\/wp\/v2\/media?parent=5572"}],"curies":[{"name":"wp","href":"https:\/\/api.w.org\/{rel}","templated":true}]}}