{"id":5594,"date":"2025-07-28T17:06:34","date_gmt":"2025-07-28T17:06:34","guid":{"rendered":"https:\/\/hospitality.es\/?page_id=5594"},"modified":"2025-08-03T09:15:40","modified_gmt":"2025-08-03T09:15:40","slug":"hospitality-unit-gt-world-challenge","status":"publish","type":"page","link":"https:\/\/hospitality.es\/en\/unidades\/hospitality-unit-gt-world-challenge\/","title":{"rendered":"HOSPITALITY UNIT GT World Challenge"},"content":{"rendered":"<div data-elementor-type=\"wp-page\" data-elementor-id=\"5594\" class=\"elementor elementor-5594\">\n\t\t\t\t\t\t<section class=\"elementor-section elementor-top-section elementor-element elementor-element-8a6384a elementor-section-boxed elementor-section-height-default elementor-section-height-default\" data-id=\"8a6384a\" data-element_type=\"section\" data-e-type=\"section\" data-settings=\"{&quot;background_background&quot;:&quot;classic&quot;}\">\n\t\t\t\t\t\t\t<div class=\"elementor-background-overlay\"><\/div>\n\t\t\t\t\t\t\t<div class=\"elementor-container elementor-column-gap-extended\">\n\t\t\t\t\t<div class=\"elementor-column elementor-col-100 elementor-top-column elementor-element elementor-element-9c7ba51\" data-id=\"9c7ba51\" data-element_type=\"column\" data-e-type=\"column\">\n\t\t\t<div class=\"elementor-widget-wrap elementor-element-populated\">\n\t\t\t\t\t\t<div class=\"elementor-element elementor-element-805bf15 elementor-widget elementor-widget-text-editor\" data-id=\"805bf15\" data-element_type=\"widget\" data-e-type=\"widget\" data-widget_type=\"text-editor.default\">\n\t\t\t\t<div class=\"elementor-widget-container\">\n\t\t\t\t\t\t\t\t\t<p>hospitality<\/p>\t\t\t\t\t\t\t\t<\/div>\n\t\t\t\t<\/div>\n\t\t\t\t<div class=\"elementor-element elementor-element-5679f91 elementor-widget elementor-widget-zapedah-title\" data-id=\"5679f91\" data-element_type=\"widget\" data-e-type=\"widget\" data-widget_type=\"zapedah-title.default\">\n\t\t\t\t<div class=\"elementor-widget-container\">\n\t\t\t\t\t<h2 class=\"content-title\"><font color=\"#ffffff\">GT World Challenge Unit<\/font>.<\/h2>\t\t\t\t<\/div>\n\t\t\t\t<\/div>\n\t\t\t\t\t<\/div>\n\t\t<\/div>\n\t\t\t\t\t<\/div>\n\t\t<\/section>\n\t\t\t\t<section class=\"elementor-section elementor-top-section elementor-element elementor-element-011efc4 elementor-section-boxed elementor-section-height-default elementor-section-height-default\" data-id=\"011efc4\" data-element_type=\"section\" data-e-type=\"section\" data-settings=\"{&quot;background_background&quot;:&quot;classic&quot;}\">\n\t\t\t\t\t\t<div class=\"elementor-container elementor-column-gap-extended\">\n\t\t\t\t\t<div class=\"elementor-column elementor-col-100 elementor-top-column elementor-element elementor-element-e47ebf1\" data-id=\"e47ebf1\" data-element_type=\"column\" data-e-type=\"column\">\n\t\t\t<div class=\"elementor-widget-wrap elementor-element-populated\">\n\t\t\t\t\t\t<div class=\"elementor-element elementor-element-2dd543a elementor-widget elementor-widget-zapedah-title\" data-id=\"2dd543a\" data-element_type=\"widget\" data-e-type=\"widget\" data-widget_type=\"zapedah-title.default\">\n\t\t\t\t<div class=\"elementor-widget-container\">\n\t\t\t\t\t<h2 class=\"content-title\">Mobile Hospitality <b>BlancPain GT Series<\/b><span>.<\/span><\/h2>\t\t\t\t<\/div>\n\t\t\t\t<\/div>\n\t\t\t\t<div class=\"elementor-element elementor-element-a5e617e elementor-widget elementor-widget-heading\" data-id=\"a5e617e\" data-element_type=\"widget\" data-e-type=\"widget\" data-widget_type=\"heading.default\">\n\t\t\t\t<div class=\"elementor-widget-container\">\n\t\t\t\t\t<h3 class=\"elementor-heading-title elementor-size-default\">Mobile unit designed by Hospitality for the Blancpain GT Series, in collaboration with the Swiss luxury watch brand Blancpain.\n\n\n\n<\/h3>\t\t\t\t<\/div>\n\t\t\t\t<\/div>\n\t\t\t\t<div class=\"elementor-element elementor-element-d571569 elementor-widget elementor-widget-text-editor\" data-id=\"d571569\" data-element_type=\"widget\" data-e-type=\"widget\" data-widget_type=\"text-editor.default\">\n\t\t\t\t<div class=\"elementor-widget-container\">\n\t\t\t\t\t\t\t\t\t<p>We design high-end mobile units for the world of luxury motorsport, offering functional and elegant solutions for international championships. A perfect example is this unit for the Blancpain GT Series: a two-storey truck with a terrace, offices, bar, and a 200\u202fm\u00b2 annex tent \u2014 a setup that optimises motorsport logistics without sacrificing exclusivity.<\/p>\t\t\t\t\t\t\t\t<\/div>\n\t\t\t\t<\/div>\n\t\t\t\t\t<\/div>\n\t\t<\/div>\n\t\t\t\t\t<\/div>\n\t\t<\/section>\n\t\t\t\t<section class=\"elementor-section elementor-top-section elementor-element elementor-element-1ec7200 elementor-section-full_width elementor-section-height-default elementor-section-height-default\" data-id=\"1ec7200\" data-element_type=\"section\" data-e-type=\"section\">\n\t\t\t\t\t\t<div class=\"elementor-container elementor-column-gap-no\">\n\t\t\t\t\t<div class=\"elementor-column elementor-col-100 elementor-top-column elementor-element elementor-element-3f76379\" data-id=\"3f76379\" data-element_type=\"column\" data-e-type=\"column\">\n\t\t\t<div class=\"elementor-widget-wrap elementor-element-populated\">\n\t\t\t\t\t\t<div class=\"elementor-element elementor-element-733c589 elementor-widget elementor-widget-image\" data-id=\"733c589\" data-element_type=\"widget\" data-e-type=\"widget\" data-widget_type=\"image.default\">\n\t\t\t\t<div class=\"elementor-widget-container\">\n\t\t\t\t\t\t\t\t\t\t\t\t\t\t\t<img fetchpriority=\"high\" decoding=\"async\" width=\"2250\" height=\"1500\" src=\"https:\/\/hospitality.es\/wp-content\/uploads\/2025\/08\/SRO-011.jpg\" class=\"attachment-full size-full wp-image-5738\" alt=\"\" srcset=\"https:\/\/hospitality.es\/wp-content\/uploads\/2025\/08\/SRO-011.jpg 2250w, https:\/\/hospitality.es\/wp-content\/uploads\/2025\/08\/SRO-011-300x200.jpg 300w, https:\/\/hospitality.es\/wp-content\/uploads\/2025\/08\/SRO-011-1024x683.jpg 1024w, https:\/\/hospitality.es\/wp-content\/uploads\/2025\/08\/SRO-011-768x512.jpg 768w, https:\/\/hospitality.es\/wp-content\/uploads\/2025\/08\/SRO-011-1536x1024.jpg 1536w, https:\/\/hospitality.es\/wp-content\/uploads\/2025\/08\/SRO-011-2048x1365.jpg 2048w, https:\/\/hospitality.es\/wp-content\/uploads\/2025\/08\/SRO-011-18x12.jpg 18w\" sizes=\"(max-width: 2250px) 100vw, 2250px\" \/>\t\t\t\t\t\t\t\t\t\t\t\t\t\t\t<\/div>\n\t\t\t\t<\/div>\n\t\t\t\t<div class=\"elementor-element elementor-element-75fd612 elementor-widget elementor-widget-image\" data-id=\"75fd612\" data-element_type=\"widget\" data-e-type=\"widget\" data-widget_type=\"image.default\">\n\t\t\t\t<div class=\"elementor-widget-container\">\n\t\t\t\t\t\t\t\t\t\t\t\t\t\t\t<img decoding=\"async\" width=\"2250\" height=\"1500\" src=\"https:\/\/hospitality.es\/wp-content\/uploads\/2025\/08\/SRO-07.jpg\" class=\"attachment-full size-full wp-image-5700\" alt=\"\" srcset=\"https:\/\/hospitality.es\/wp-content\/uploads\/2025\/08\/SRO-07.jpg 2250w, https:\/\/hospitality.es\/wp-content\/uploads\/2025\/08\/SRO-07-300x200.jpg 300w, https:\/\/hospitality.es\/wp-content\/uploads\/2025\/08\/SRO-07-1024x683.jpg 1024w, https:\/\/hospitality.es\/wp-content\/uploads\/2025\/08\/SRO-07-768x512.jpg 768w, https:\/\/hospitality.es\/wp-content\/uploads\/2025\/08\/SRO-07-1536x1024.jpg 1536w, https:\/\/hospitality.es\/wp-content\/uploads\/2025\/08\/SRO-07-2048x1365.jpg 2048w, https:\/\/hospitality.es\/wp-content\/uploads\/2025\/08\/SRO-07-18x12.jpg 18w\" sizes=\"(max-width: 2250px) 100vw, 2250px\" \/>\t\t\t\t\t\t\t\t\t\t\t\t\t\t\t<\/div>\n\t\t\t\t<\/div>\n\t\t\t\t<div class=\"elementor-element elementor-element-e3a7b52 elementor-widget elementor-widget-image\" data-id=\"e3a7b52\" data-element_type=\"widget\" data-e-type=\"widget\" data-widget_type=\"image.default\">\n\t\t\t\t<div class=\"elementor-widget-container\">\n\t\t\t\t\t\t\t\t\t\t\t\t\t\t\t<img decoding=\"async\" width=\"2250\" height=\"1500\" src=\"https:\/\/hospitality.es\/wp-content\/uploads\/2025\/08\/SRO-09.jpg\" class=\"attachment-full size-full wp-image-5699\" alt=\"\" srcset=\"https:\/\/hospitality.es\/wp-content\/uploads\/2025\/08\/SRO-09.jpg 2250w, https:\/\/hospitality.es\/wp-content\/uploads\/2025\/08\/SRO-09-300x200.jpg 300w, https:\/\/hospitality.es\/wp-content\/uploads\/2025\/08\/SRO-09-1024x683.jpg 1024w, https:\/\/hospitality.es\/wp-content\/uploads\/2025\/08\/SRO-09-768x512.jpg 768w, https:\/\/hospitality.es\/wp-content\/uploads\/2025\/08\/SRO-09-1536x1024.jpg 1536w, https:\/\/hospitality.es\/wp-content\/uploads\/2025\/08\/SRO-09-2048x1365.jpg 2048w, https:\/\/hospitality.es\/wp-content\/uploads\/2025\/08\/SRO-09-18x12.jpg 18w\" sizes=\"(max-width: 2250px) 100vw, 2250px\" \/>\t\t\t\t\t\t\t\t\t\t\t\t\t\t\t<\/div>\n\t\t\t\t<\/div>\n\t\t\t\t<div class=\"elementor-element elementor-element-6848b7e elementor-widget elementor-widget-image\" data-id=\"6848b7e\" data-element_type=\"widget\" data-e-type=\"widget\" data-widget_type=\"image.default\">\n\t\t\t\t<div class=\"elementor-widget-container\">\n\t\t\t\t\t\t\t\t\t\t\t\t\t\t\t<img loading=\"lazy\" decoding=\"async\" width=\"2063\" height=\"2560\" src=\"https:\/\/hospitality.es\/wp-content\/uploads\/2025\/07\/SRO-06-scaled.jpg\" class=\"attachment-full size-full wp-image-5613\" alt=\"\" srcset=\"https:\/\/hospitality.es\/wp-content\/uploads\/2025\/07\/SRO-06-scaled.jpg 2063w, https:\/\/hospitality.es\/wp-content\/uploads\/2025\/07\/SRO-06-242x300.jpg 242w, https:\/\/hospitality.es\/wp-content\/uploads\/2025\/07\/SRO-06-825x1024.jpg 825w, https:\/\/hospitality.es\/wp-content\/uploads\/2025\/07\/SRO-06-768x953.jpg 768w, https:\/\/hospitality.es\/wp-content\/uploads\/2025\/07\/SRO-06-1238x1536.jpg 1238w, https:\/\/hospitality.es\/wp-content\/uploads\/2025\/07\/SRO-06-1650x2048.jpg 1650w, https:\/\/hospitality.es\/wp-content\/uploads\/2025\/07\/SRO-06-10x12.jpg 10w\" sizes=\"(max-width: 2063px) 100vw, 2063px\" \/>\t\t\t\t\t\t\t\t\t\t\t\t\t\t\t<\/div>\n\t\t\t\t<\/div>\n\t\t\t\t<div class=\"elementor-element elementor-element-f9ec4cf elementor-widget elementor-widget-image\" data-id=\"f9ec4cf\" data-element_type=\"widget\" data-e-type=\"widget\" data-widget_type=\"image.default\">\n\t\t\t\t<div class=\"elementor-widget-container\">\n\t\t\t\t\t\t\t\t\t\t\t\t\t\t\t<img loading=\"lazy\" decoding=\"async\" width=\"2250\" height=\"1500\" src=\"https:\/\/hospitality.es\/wp-content\/uploads\/2025\/08\/SRO-08.jpg\" class=\"attachment-full size-full wp-image-5698\" alt=\"\" srcset=\"https:\/\/hospitality.es\/wp-content\/uploads\/2025\/08\/SRO-08.jpg 2250w, https:\/\/hospitality.es\/wp-content\/uploads\/2025\/08\/SRO-08-300x200.jpg 300w, https:\/\/hospitality.es\/wp-content\/uploads\/2025\/08\/SRO-08-1024x683.jpg 1024w, https:\/\/hospitality.es\/wp-content\/uploads\/2025\/08\/SRO-08-768x512.jpg 768w, https:\/\/hospitality.es\/wp-content\/uploads\/2025\/08\/SRO-08-1536x1024.jpg 1536w, https:\/\/hospitality.es\/wp-content\/uploads\/2025\/08\/SRO-08-2048x1365.jpg 2048w, https:\/\/hospitality.es\/wp-content\/uploads\/2025\/08\/SRO-08-18x12.jpg 18w\" sizes=\"(max-width: 2250px) 100vw, 2250px\" \/>\t\t\t\t\t\t\t\t\t\t\t\t\t\t\t<\/div>\n\t\t\t\t<\/div>\n\t\t\t\t<div class=\"elementor-element elementor-element-c2e4327 elementor-widget elementor-widget-image\" data-id=\"c2e4327\" data-element_type=\"widget\" data-e-type=\"widget\" data-widget_type=\"image.default\">\n\t\t\t\t<div class=\"elementor-widget-container\">\n\t\t\t\t\t\t\t\t\t\t\t\t\t\t\t<img loading=\"lazy\" decoding=\"async\" width=\"2063\" height=\"2560\" src=\"https:\/\/hospitality.es\/wp-content\/uploads\/2025\/07\/SRO-05-1-scaled.jpg\" class=\"attachment-full size-full wp-image-5615\" alt=\"\" srcset=\"https:\/\/hospitality.es\/wp-content\/uploads\/2025\/07\/SRO-05-1-scaled.jpg 2063w, https:\/\/hospitality.es\/wp-content\/uploads\/2025\/07\/SRO-05-1-242x300.jpg 242w, https:\/\/hospitality.es\/wp-content\/uploads\/2025\/07\/SRO-05-1-825x1024.jpg 825w, https:\/\/hospitality.es\/wp-content\/uploads\/2025\/07\/SRO-05-1-768x953.jpg 768w, https:\/\/hospitality.es\/wp-content\/uploads\/2025\/07\/SRO-05-1-1238x1536.jpg 1238w, https:\/\/hospitality.es\/wp-content\/uploads\/2025\/07\/SRO-05-1-1650x2048.jpg 1650w, https:\/\/hospitality.es\/wp-content\/uploads\/2025\/07\/SRO-05-1-10x12.jpg 10w\" sizes=\"(max-width: 2063px) 100vw, 2063px\" \/>\t\t\t\t\t\t\t\t\t\t\t\t\t\t\t<\/div>\n\t\t\t\t<\/div>\n\t\t\t\t<div class=\"elementor-element elementor-element-fdc70bf elementor-widget elementor-widget-image\" data-id=\"fdc70bf\" data-element_type=\"widget\" data-e-type=\"widget\" data-widget_type=\"image.default\">\n\t\t\t\t<div class=\"elementor-widget-container\">\n\t\t\t\t\t\t\t\t\t\t\t\t\t\t\t<img loading=\"lazy\" decoding=\"async\" width=\"2250\" height=\"1500\" src=\"https:\/\/hospitality.es\/wp-content\/uploads\/2025\/08\/SRO-010.jpg\" class=\"attachment-full size-full wp-image-5701\" alt=\"\" srcset=\"https:\/\/hospitality.es\/wp-content\/uploads\/2025\/08\/SRO-010.jpg 2250w, https:\/\/hospitality.es\/wp-content\/uploads\/2025\/08\/SRO-010-300x200.jpg 300w, https:\/\/hospitality.es\/wp-content\/uploads\/2025\/08\/SRO-010-1024x683.jpg 1024w, https:\/\/hospitality.es\/wp-content\/uploads\/2025\/08\/SRO-010-768x512.jpg 768w, https:\/\/hospitality.es\/wp-content\/uploads\/2025\/08\/SRO-010-1536x1024.jpg 1536w, https:\/\/hospitality.es\/wp-content\/uploads\/2025\/08\/SRO-010-2048x1365.jpg 2048w, https:\/\/hospitality.es\/wp-content\/uploads\/2025\/08\/SRO-010-18x12.jpg 18w\" sizes=\"(max-width: 2250px) 100vw, 2250px\" \/>\t\t\t\t\t\t\t\t\t\t\t\t\t\t\t<\/div>\n\t\t\t\t<\/div>\n\t\t\t\t\t<\/div>\n\t\t<\/div>\n\t\t\t\t\t<\/div>\n\t\t<\/section>\n\t\t\t\t<section class=\"elementor-section elementor-top-section elementor-element elementor-element-d6e698b elementor-section-boxed elementor-section-height-default elementor-section-height-default\" data-id=\"d6e698b\" data-element_type=\"section\" data-e-type=\"section\" data-settings=\"{&quot;background_background&quot;:&quot;classic&quot;}\">\n\t\t\t\t\t\t<div class=\"elementor-container elementor-column-gap-extended\">\n\t\t\t\t\t<div class=\"elementor-column elementor-col-100 elementor-top-column elementor-element elementor-element-8e5dbeb\" data-id=\"8e5dbeb\" data-element_type=\"column\" data-e-type=\"column\">\n\t\t\t<div class=\"elementor-widget-wrap elementor-element-populated\">\n\t\t\t\t\t\t<div class=\"elementor-element elementor-element-1de4fc8 elementor-widget elementor-widget-zapedah-title\" data-id=\"1de4fc8\" data-element_type=\"widget\" data-e-type=\"widget\" data-widget_type=\"zapedah-title.default\">\n\t\t\t\t<div class=\"elementor-widget-container\">\n\t\t\t\t\t<h4 class=\"content-title\">About the Mobile Hospitality for the<b> Blancpain GT Series<\/b><span>.<\/span><\/h4>\t\t\t\t<\/div>\n\t\t\t\t<\/div>\n\t\t\t\t<div class=\"elementor-element elementor-element-c29b428 elementor-widget elementor-widget-text-editor\" data-id=\"c29b428\" data-element_type=\"widget\" data-e-type=\"widget\" data-widget_type=\"text-editor.default\">\n\t\t\t\t<div class=\"elementor-widget-container\">\n\t\t\t\t\t\t\t\t\t<p><strong>The structure is composed of two main floors and a large-capacity annex tent:<\/strong><br \/>The truck\u2019s ground floor serves as a reception and bar area, with access to a spacious outdoor terrace.<br \/>The upper floor is divided into four distinct zones: two private offices, a meeting room for up to 10 people, and an open space with three tables and a lounge area.<\/p><p>The 200\u202fm\u00b2 annex tent accommodates around 130 guests and includes an outdoor terrace and bar where drinks are served \u2014 featuring the hospitality\u2019s signature cocktail: the Spritz Aperol.<\/p><p>This is a highly versatile unit, adaptable to the scale of the event: the truck alone is ideal for smaller gatherings, while the full setup \u2014 truck and tent \u2014 is designed for major events with hundreds of guests.<\/p>\t\t\t\t\t\t\t\t<\/div>\n\t\t\t\t<\/div>\n\t\t\t\t<div class=\"elementor-element elementor-element-a693274 elementor-widget elementor-widget-zapedah-button-text\" data-id=\"a693274\" data-element_type=\"widget\" data-e-type=\"widget\" data-widget_type=\"zapedah-button-text.default\">\n\t\t\t\t<div class=\"elementor-widget-container\">\n\t\t\t\t\t\t\t\n\t\t\t<a class=\"content-btn content-btn-left\" href=\"https:\/\/hospitality.es\/en\/unidades\/\">\n\n\t\t\t\t\n\t\t\t\t<span class=\"button-text\">BACK TO UNITS<\/span>\n\t\t\t\t<span class=\"button-sub\"><\/span>\n\t\t\t<\/a>\n\n\t\t\n\t\t\t\t\t<\/div>\n\t\t\t\t<\/div>\n\t\t\t\t\t<\/div>\n\t\t<\/div>\n\t\t\t\t\t<\/div>\n\t\t<\/section>\n\t\t\t\t<\/div>","protected":false},"excerpt":{"rendered":"<p>hospitality GT World Challenge Unit. Mobile Hospitality BlancPain GT Series. Unidad m\u00f3vil dise\u00f1ada por Hospitality para las Blancpain GT Series, en colaboraci\u00f3n con la marca suiza de relojes Blancpain. Dise\u00f1amos unidades m\u00f3viles de alto nivel para el mundo del luxury motorsport, ofreciendo soluciones funcionales y elegantes para campeonatos internacionales. Ejemplo de ello es la unidad para las Blancpain GT Series, &hellip;<\/p>","protected":false},"author":1,"featured_media":5307,"parent":3183,"menu_order":0,"comment_status":"closed","ping_status":"closed","template":"blank-builder.php","meta":{"footnotes":""},"class_list":["post-5594","page","type-page","status-publish","has-post-thumbnail","hentry"],"_links":{"self":[{"href":"https:\/\/hospitality.es\/en\/wp-json\/wp\/v2\/pages\/5594","targetHints":{"allow":["GET"]}}],"collection":[{"href":"https:\/\/hospitality.es\/en\/wp-json\/wp\/v2\/pages"}],"about":[{"href":"https:\/\/hospitality.es\/en\/wp-json\/wp\/v2\/types\/page"}],"author":[{"embeddable":true,"href":"https:\/\/hospitality.es\/en\/wp-json\/wp\/v2\/users\/1"}],"replies":[{"embeddable":true,"href":"https:\/\/hospitality.es\/en\/wp-json\/wp\/v2\/comments?post=5594"}],"version-history":[{"count":29,"href":"https:\/\/hospitality.es\/en\/wp-json\/wp\/v2\/pages\/5594\/revisions"}],"predecessor-version":[{"id":5821,"href":"https:\/\/hospitality.es\/en\/wp-json\/wp\/v2\/pages\/5594\/revisions\/5821"}],"up":[{"embeddable":true,"href":"https:\/\/hospitality.es\/en\/wp-json\/wp\/v2\/pages\/3183"}],"wp:featuredmedia":[{"embeddable":true,"href":"https:\/\/hospitality.es\/en\/wp-json\/wp\/v2\/media\/5307"}],"wp:attachment":[{"href":"https:\/\/hospitality.es\/en\/wp-json\/wp\/v2\/media?parent=5594"}],"curies":[{"name":"wp","href":"https:\/\/api.w.org\/{rel}","templated":true}]}}