{"id":5632,"date":"2025-07-28T17:31:02","date_gmt":"2025-07-28T17:31:02","guid":{"rendered":"https:\/\/hospitality.es\/?page_id=5632"},"modified":"2025-08-03T09:03:58","modified_gmt":"2025-08-03T09:03:58","slug":"hospitality-unit-exclusive-duplex","status":"publish","type":"page","link":"https:\/\/hospitality.es\/en\/unidades\/hospitality-unit-exclusive-duplex\/","title":{"rendered":"HOSPITALITY UNIT Exclusive Duplex"},"content":{"rendered":"<div data-elementor-type=\"wp-page\" data-elementor-id=\"5632\" class=\"elementor elementor-5632\">\n\t\t\t\t\t\t<section class=\"elementor-section elementor-top-section elementor-element elementor-element-8a6384a elementor-section-boxed elementor-section-height-default elementor-section-height-default\" data-id=\"8a6384a\" data-element_type=\"section\" data-e-type=\"section\" data-settings=\"{&quot;background_background&quot;:&quot;classic&quot;}\">\n\t\t\t\t\t\t\t<div class=\"elementor-background-overlay\"><\/div>\n\t\t\t\t\t\t\t<div class=\"elementor-container elementor-column-gap-extended\">\n\t\t\t\t\t<div class=\"elementor-column elementor-col-100 elementor-top-column elementor-element elementor-element-9c7ba51\" data-id=\"9c7ba51\" data-element_type=\"column\" data-e-type=\"column\">\n\t\t\t<div class=\"elementor-widget-wrap elementor-element-populated\">\n\t\t\t\t\t\t<div class=\"elementor-element elementor-element-805bf15 elementor-widget elementor-widget-text-editor\" data-id=\"805bf15\" data-element_type=\"widget\" data-e-type=\"widget\" data-widget_type=\"text-editor.default\">\n\t\t\t\t<div class=\"elementor-widget-container\">\n\t\t\t\t\t\t\t\t\t<p>hospitality<\/p>\t\t\t\t\t\t\t\t<\/div>\n\t\t\t\t<\/div>\n\t\t\t\t<div class=\"elementor-element elementor-element-5679f91 elementor-widget elementor-widget-zapedah-title\" data-id=\"5679f91\" data-element_type=\"widget\" data-e-type=\"widget\" data-widget_type=\"zapedah-title.default\">\n\t\t\t\t<div class=\"elementor-widget-container\">\n\t\t\t\t\t<h1 class=\"content-title\"><font color=\"#ffffff\">AF CORSE TEAM Hospitality Unit<\/font>.<\/h1>\t\t\t\t<\/div>\n\t\t\t\t<\/div>\n\t\t\t\t\t<\/div>\n\t\t<\/div>\n\t\t\t\t\t<\/div>\n\t\t<\/section>\n\t\t\t\t<section class=\"elementor-section elementor-top-section elementor-element elementor-element-011efc4 elementor-section-boxed elementor-section-height-default elementor-section-height-default\" data-id=\"011efc4\" data-element_type=\"section\" data-e-type=\"section\" data-settings=\"{&quot;background_background&quot;:&quot;classic&quot;}\">\n\t\t\t\t\t\t<div class=\"elementor-container elementor-column-gap-extended\">\n\t\t\t\t\t<div class=\"elementor-column elementor-col-100 elementor-top-column elementor-element elementor-element-e47ebf1\" data-id=\"e47ebf1\" data-element_type=\"column\" data-e-type=\"column\">\n\t\t\t<div class=\"elementor-widget-wrap elementor-element-populated\">\n\t\t\t\t\t\t<div class=\"elementor-element elementor-element-2dd543a elementor-widget elementor-widget-zapedah-title\" data-id=\"2dd543a\" data-element_type=\"widget\" data-e-type=\"widget\" data-widget_type=\"zapedah-title.default\">\n\t\t\t\t<div class=\"elementor-widget-container\">\n\t\t\t\t\t<h2 class=\"content-title\">Mobile Hospitality <b>Exclusive Duplex<\/b><span>.<\/span><\/h2>\t\t\t\t<\/div>\n\t\t\t\t<\/div>\n\t\t\t\t<div class=\"elementor-element elementor-element-a5e617e elementor-widget elementor-widget-heading\" data-id=\"a5e617e\" data-element_type=\"widget\" data-e-type=\"widget\" data-widget_type=\"heading.default\">\n\t\t\t\t<div class=\"elementor-widget-container\">\n\t\t\t\t\t<h3 class=\"elementor-heading-title elementor-size-default\">Mobile unit designed by Hospitality for the Vista AF Corse Team in the WEC Championship.\n\n\n\n\n<\/h3>\t\t\t\t<\/div>\n\t\t\t\t<\/div>\n\t\t\t\t<div class=\"elementor-element elementor-element-d571569 elementor-widget elementor-widget-text-editor\" data-id=\"d571569\" data-element_type=\"widget\" data-e-type=\"widget\" data-widget_type=\"text-editor.default\">\n\t\t\t\t<div class=\"elementor-widget-container\">\n\t\t\t\t\t\t\t\t\tA brand-new unit created specifically for the Vista AF Corse Team in the WEC Championship, aimed at hosting VistaJet guests throughout the entire season.\t\t\t\t\t\t\t\t<\/div>\n\t\t\t\t<\/div>\n\t\t\t\t\t<\/div>\n\t\t<\/div>\n\t\t\t\t\t<\/div>\n\t\t<\/section>\n\t\t\t\t<section class=\"elementor-section elementor-top-section elementor-element elementor-element-1ec7200 elementor-section-full_width elementor-section-height-default elementor-section-height-default\" data-id=\"1ec7200\" data-element_type=\"section\" data-e-type=\"section\">\n\t\t\t\t\t\t<div class=\"elementor-container elementor-column-gap-no\">\n\t\t\t\t\t<div class=\"elementor-column elementor-col-100 elementor-top-column elementor-element elementor-element-3f76379\" data-id=\"3f76379\" data-element_type=\"column\" data-e-type=\"column\">\n\t\t\t<div class=\"elementor-widget-wrap elementor-element-populated\">\n\t\t\t\t\t\t<div class=\"elementor-element elementor-element-733c589 elementor-widget elementor-widget-image\" data-id=\"733c589\" data-element_type=\"widget\" data-e-type=\"widget\" data-widget_type=\"image.default\">\n\t\t\t\t<div class=\"elementor-widget-container\">\n\t\t\t\t\t\t\t\t\t\t\t\t\t\t\t<img fetchpriority=\"high\" decoding=\"async\" width=\"2250\" height=\"1500\" src=\"https:\/\/hospitality.es\/wp-content\/uploads\/2025\/08\/VISTA-AF-00.jpg\" class=\"attachment-full size-full wp-image-5672\" alt=\"\" srcset=\"https:\/\/hospitality.es\/wp-content\/uploads\/2025\/08\/VISTA-AF-00.jpg 2250w, https:\/\/hospitality.es\/wp-content\/uploads\/2025\/08\/VISTA-AF-00-300x200.jpg 300w, https:\/\/hospitality.es\/wp-content\/uploads\/2025\/08\/VISTA-AF-00-1024x683.jpg 1024w, https:\/\/hospitality.es\/wp-content\/uploads\/2025\/08\/VISTA-AF-00-768x512.jpg 768w, https:\/\/hospitality.es\/wp-content\/uploads\/2025\/08\/VISTA-AF-00-1536x1024.jpg 1536w, https:\/\/hospitality.es\/wp-content\/uploads\/2025\/08\/VISTA-AF-00-2048x1365.jpg 2048w, https:\/\/hospitality.es\/wp-content\/uploads\/2025\/08\/VISTA-AF-00-18x12.jpg 18w\" sizes=\"(max-width: 2250px) 100vw, 2250px\" \/>\t\t\t\t\t\t\t\t\t\t\t\t\t\t\t<\/div>\n\t\t\t\t<\/div>\n\t\t\t\t<div class=\"elementor-element elementor-element-83f2510 elementor-widget elementor-widget-image\" data-id=\"83f2510\" data-element_type=\"widget\" data-e-type=\"widget\" data-widget_type=\"image.default\">\n\t\t\t\t<div class=\"elementor-widget-container\">\n\t\t\t\t\t\t\t\t\t\t\t\t\t\t\t<img decoding=\"async\" width=\"2250\" height=\"1500\" src=\"https:\/\/hospitality.es\/wp-content\/uploads\/2025\/08\/VISTA-AF-02.jpg\" class=\"attachment-full size-full wp-image-5673\" alt=\"\" srcset=\"https:\/\/hospitality.es\/wp-content\/uploads\/2025\/08\/VISTA-AF-02.jpg 2250w, https:\/\/hospitality.es\/wp-content\/uploads\/2025\/08\/VISTA-AF-02-300x200.jpg 300w, https:\/\/hospitality.es\/wp-content\/uploads\/2025\/08\/VISTA-AF-02-1024x683.jpg 1024w, https:\/\/hospitality.es\/wp-content\/uploads\/2025\/08\/VISTA-AF-02-768x512.jpg 768w, https:\/\/hospitality.es\/wp-content\/uploads\/2025\/08\/VISTA-AF-02-1536x1024.jpg 1536w, https:\/\/hospitality.es\/wp-content\/uploads\/2025\/08\/VISTA-AF-02-2048x1365.jpg 2048w, https:\/\/hospitality.es\/wp-content\/uploads\/2025\/08\/VISTA-AF-02-18x12.jpg 18w\" sizes=\"(max-width: 2250px) 100vw, 2250px\" \/>\t\t\t\t\t\t\t\t\t\t\t\t\t\t\t<\/div>\n\t\t\t\t<\/div>\n\t\t\t\t<div class=\"elementor-element elementor-element-f8ea187 elementor-widget elementor-widget-image\" data-id=\"f8ea187\" data-element_type=\"widget\" data-e-type=\"widget\" data-widget_type=\"image.default\">\n\t\t\t\t<div class=\"elementor-widget-container\">\n\t\t\t\t\t\t\t\t\t\t\t\t\t\t\t<img decoding=\"async\" width=\"1500\" height=\"2250\" src=\"https:\/\/hospitality.es\/wp-content\/uploads\/2025\/08\/VISTA-AF-03.jpg\" class=\"attachment-full size-full wp-image-5674\" alt=\"\" srcset=\"https:\/\/hospitality.es\/wp-content\/uploads\/2025\/08\/VISTA-AF-03.jpg 1500w, https:\/\/hospitality.es\/wp-content\/uploads\/2025\/08\/VISTA-AF-03-200x300.jpg 200w, https:\/\/hospitality.es\/wp-content\/uploads\/2025\/08\/VISTA-AF-03-683x1024.jpg 683w, https:\/\/hospitality.es\/wp-content\/uploads\/2025\/08\/VISTA-AF-03-768x1152.jpg 768w, https:\/\/hospitality.es\/wp-content\/uploads\/2025\/08\/VISTA-AF-03-1024x1536.jpg 1024w, https:\/\/hospitality.es\/wp-content\/uploads\/2025\/08\/VISTA-AF-03-1365x2048.jpg 1365w, https:\/\/hospitality.es\/wp-content\/uploads\/2025\/08\/VISTA-AF-03-8x12.jpg 8w\" sizes=\"(max-width: 1500px) 100vw, 1500px\" \/>\t\t\t\t\t\t\t\t\t\t\t\t\t\t\t<\/div>\n\t\t\t\t<\/div>\n\t\t\t\t<div class=\"elementor-element elementor-element-4629d33 elementor-widget elementor-widget-image\" data-id=\"4629d33\" data-element_type=\"widget\" data-e-type=\"widget\" data-widget_type=\"image.default\">\n\t\t\t\t<div class=\"elementor-widget-container\">\n\t\t\t\t\t\t\t\t\t\t\t\t\t\t\t<img loading=\"lazy\" decoding=\"async\" width=\"2250\" height=\"1500\" src=\"https:\/\/hospitality.es\/wp-content\/uploads\/2025\/08\/VISTA-AF-04.jpg\" class=\"attachment-full size-full wp-image-5678\" alt=\"\" srcset=\"https:\/\/hospitality.es\/wp-content\/uploads\/2025\/08\/VISTA-AF-04.jpg 2250w, https:\/\/hospitality.es\/wp-content\/uploads\/2025\/08\/VISTA-AF-04-300x200.jpg 300w, https:\/\/hospitality.es\/wp-content\/uploads\/2025\/08\/VISTA-AF-04-1024x683.jpg 1024w, https:\/\/hospitality.es\/wp-content\/uploads\/2025\/08\/VISTA-AF-04-768x512.jpg 768w, https:\/\/hospitality.es\/wp-content\/uploads\/2025\/08\/VISTA-AF-04-1536x1024.jpg 1536w, https:\/\/hospitality.es\/wp-content\/uploads\/2025\/08\/VISTA-AF-04-2048x1365.jpg 2048w, https:\/\/hospitality.es\/wp-content\/uploads\/2025\/08\/VISTA-AF-04-18x12.jpg 18w\" sizes=\"(max-width: 2250px) 100vw, 2250px\" \/>\t\t\t\t\t\t\t\t\t\t\t\t\t\t\t<\/div>\n\t\t\t\t<\/div>\n\t\t\t\t<div class=\"elementor-element elementor-element-9f974a7 elementor-widget elementor-widget-image\" data-id=\"9f974a7\" data-element_type=\"widget\" data-e-type=\"widget\" data-widget_type=\"image.default\">\n\t\t\t\t<div class=\"elementor-widget-container\">\n\t\t\t\t\t\t\t\t\t\t\t\t\t\t\t<img loading=\"lazy\" decoding=\"async\" width=\"1500\" height=\"2250\" src=\"https:\/\/hospitality.es\/wp-content\/uploads\/2025\/08\/VISTA-AF-05.jpg\" class=\"attachment-full size-full wp-image-5679\" alt=\"\" srcset=\"https:\/\/hospitality.es\/wp-content\/uploads\/2025\/08\/VISTA-AF-05.jpg 1500w, https:\/\/hospitality.es\/wp-content\/uploads\/2025\/08\/VISTA-AF-05-200x300.jpg 200w, https:\/\/hospitality.es\/wp-content\/uploads\/2025\/08\/VISTA-AF-05-683x1024.jpg 683w, https:\/\/hospitality.es\/wp-content\/uploads\/2025\/08\/VISTA-AF-05-768x1152.jpg 768w, https:\/\/hospitality.es\/wp-content\/uploads\/2025\/08\/VISTA-AF-05-1024x1536.jpg 1024w, https:\/\/hospitality.es\/wp-content\/uploads\/2025\/08\/VISTA-AF-05-1365x2048.jpg 1365w, https:\/\/hospitality.es\/wp-content\/uploads\/2025\/08\/VISTA-AF-05-8x12.jpg 8w\" sizes=\"(max-width: 1500px) 100vw, 1500px\" \/>\t\t\t\t\t\t\t\t\t\t\t\t\t\t\t<\/div>\n\t\t\t\t<\/div>\n\t\t\t\t<div class=\"elementor-element elementor-element-f1669b1 elementor-widget elementor-widget-image\" data-id=\"f1669b1\" data-element_type=\"widget\" data-e-type=\"widget\" data-widget_type=\"image.default\">\n\t\t\t\t<div class=\"elementor-widget-container\">\n\t\t\t\t\t\t\t\t\t\t\t\t\t\t\t<img loading=\"lazy\" decoding=\"async\" width=\"2250\" height=\"1500\" src=\"https:\/\/hospitality.es\/wp-content\/uploads\/2025\/08\/VISTA-AF-06.jpg\" class=\"attachment-full size-full wp-image-5680\" alt=\"\" srcset=\"https:\/\/hospitality.es\/wp-content\/uploads\/2025\/08\/VISTA-AF-06.jpg 2250w, https:\/\/hospitality.es\/wp-content\/uploads\/2025\/08\/VISTA-AF-06-300x200.jpg 300w, https:\/\/hospitality.es\/wp-content\/uploads\/2025\/08\/VISTA-AF-06-1024x683.jpg 1024w, https:\/\/hospitality.es\/wp-content\/uploads\/2025\/08\/VISTA-AF-06-768x512.jpg 768w, https:\/\/hospitality.es\/wp-content\/uploads\/2025\/08\/VISTA-AF-06-1536x1024.jpg 1536w, https:\/\/hospitality.es\/wp-content\/uploads\/2025\/08\/VISTA-AF-06-2048x1365.jpg 2048w, https:\/\/hospitality.es\/wp-content\/uploads\/2025\/08\/VISTA-AF-06-18x12.jpg 18w\" sizes=\"(max-width: 2250px) 100vw, 2250px\" \/>\t\t\t\t\t\t\t\t\t\t\t\t\t\t\t<\/div>\n\t\t\t\t<\/div>\n\t\t\t\t\t<\/div>\n\t\t<\/div>\n\t\t\t\t\t<\/div>\n\t\t<\/section>\n\t\t\t\t<section class=\"elementor-section elementor-top-section elementor-element elementor-element-d6e698b elementor-section-boxed elementor-section-height-default elementor-section-height-default\" data-id=\"d6e698b\" data-element_type=\"section\" data-e-type=\"section\" data-settings=\"{&quot;background_background&quot;:&quot;classic&quot;}\">\n\t\t\t\t\t\t<div class=\"elementor-container elementor-column-gap-extended\">\n\t\t\t\t\t<div class=\"elementor-column elementor-col-100 elementor-top-column elementor-element elementor-element-8e5dbeb\" data-id=\"8e5dbeb\" data-element_type=\"column\" data-e-type=\"column\">\n\t\t\t<div class=\"elementor-widget-wrap elementor-element-populated\">\n\t\t\t\t\t\t<div class=\"elementor-element elementor-element-1de4fc8 elementor-widget elementor-widget-zapedah-title\" data-id=\"1de4fc8\" data-element_type=\"widget\" data-e-type=\"widget\" data-widget_type=\"zapedah-title.default\">\n\t\t\t\t<div class=\"elementor-widget-container\">\n\t\t\t\t\t<h4 class=\"content-title\">About the Mobile Hospitality <b>Exclusive<\/b><span>.<\/span><\/h4>\t\t\t\t<\/div>\n\t\t\t\t<\/div>\n\t\t\t\t<div class=\"elementor-element elementor-element-c29b428 elementor-widget elementor-widget-text-editor\" data-id=\"c29b428\" data-element_type=\"widget\" data-e-type=\"widget\" data-widget_type=\"text-editor.default\">\n\t\t\t\t<div class=\"elementor-widget-container\">\n\t\t\t\t\t\t\t\t\t<p><strong>The structure is spread across two functional floors, each designed to deliver a premium hospitality experience:<\/strong><\/p><p>The upper floor features a fully equipped meeting room, as well as an open space with a bar, lounge area, and a large dining table. This exclusive setting is designed to offer comfort, privacy, and a relaxed atmosphere for VistaJet guests during race days.<\/p><p>The ground floor serves as the main welcome lounge, with a carefully curated and inviting design that provides guests with a relaxed, elegant environment\u2014perfectly in tune with the paddock rhythm.<\/p><p>This unit reinforces the positioning of Vista AF Corse and VistaJet as benchmarks in hospitality within the World Endurance Championship, combining functionality, style, and attention to detail at every event.<\/p>\t\t\t\t\t\t\t\t<\/div>\n\t\t\t\t<\/div>\n\t\t\t\t<div class=\"elementor-element elementor-element-09a6cd5 elementor-widget elementor-widget-zapedah-button-text\" data-id=\"09a6cd5\" data-element_type=\"widget\" data-e-type=\"widget\" data-widget_type=\"zapedah-button-text.default\">\n\t\t\t\t<div class=\"elementor-widget-container\">\n\t\t\t\t\t\t\t\n\t\t\t<a class=\"content-btn content-btn-left\" href=\"https:\/\/hospitality.es\/en\/unidades\/\">\n\n\t\t\t\t\n\t\t\t\t<span class=\"button-text\">BACK TO UNITS<\/span>\n\t\t\t\t<span class=\"button-sub\"><\/span>\n\t\t\t<\/a>\n\n\t\t\n\t\t\t\t\t<\/div>\n\t\t\t\t<\/div>\n\t\t\t\t\t<\/div>\n\t\t<\/div>\n\t\t\t\t\t<\/div>\n\t\t<\/section>\n\t\t\t\t<\/div>","protected":false},"excerpt":{"rendered":"<p>hospitality AF CORSE TEAM Hospitality Unit. Mobile Hospitality Exclusive Duplex. Unidad m\u00f3vil dise\u00f1ada por Hospitality para Vista AF Corse Team en el Campeonato WEC Nueva unidad dise\u00f1ada para el Vista AF Corse Team en el Campeonato WEC, destinada a recibir a los invitados de VistaJet durante toda la temporada. Informaci\u00f3n sobre el Mobile Hospitality Exclusive. El edificio se estructura en &hellip;<\/p>","protected":false},"author":1,"featured_media":5666,"parent":3183,"menu_order":0,"comment_status":"closed","ping_status":"closed","template":"blank-builder.php","meta":{"footnotes":""},"class_list":["post-5632","page","type-page","status-publish","has-post-thumbnail","hentry"],"_links":{"self":[{"href":"https:\/\/hospitality.es\/en\/wp-json\/wp\/v2\/pages\/5632","targetHints":{"allow":["GET"]}}],"collection":[{"href":"https:\/\/hospitality.es\/en\/wp-json\/wp\/v2\/pages"}],"about":[{"href":"https:\/\/hospitality.es\/en\/wp-json\/wp\/v2\/types\/page"}],"author":[{"embeddable":true,"href":"https:\/\/hospitality.es\/en\/wp-json\/wp\/v2\/users\/1"}],"replies":[{"embeddable":true,"href":"https:\/\/hospitality.es\/en\/wp-json\/wp\/v2\/comments?post=5632"}],"version-history":[{"count":19,"href":"https:\/\/hospitality.es\/en\/wp-json\/wp\/v2\/pages\/5632\/revisions"}],"predecessor-version":[{"id":5811,"href":"https:\/\/hospitality.es\/en\/wp-json\/wp\/v2\/pages\/5632\/revisions\/5811"}],"up":[{"embeddable":true,"href":"https:\/\/hospitality.es\/en\/wp-json\/wp\/v2\/pages\/3183"}],"wp:featuredmedia":[{"embeddable":true,"href":"https:\/\/hospitality.es\/en\/wp-json\/wp\/v2\/media\/5666"}],"wp:attachment":[{"href":"https:\/\/hospitality.es\/en\/wp-json\/wp\/v2\/media?parent=5632"}],"curies":[{"name":"wp","href":"https:\/\/api.w.org\/{rel}","templated":true}]}}