{"id":5644,"date":"2025-07-29T11:08:06","date_gmt":"2025-07-29T11:08:06","guid":{"rendered":"https:\/\/hospitality.es\/?page_id=5644"},"modified":"2025-08-06T16:40:54","modified_gmt":"2025-08-06T16:40:54","slug":"hospitality-unit-fim-duplex","status":"publish","type":"page","link":"https:\/\/hospitality.es\/en\/unidades\/hospitality-unit-fim-duplex\/","title":{"rendered":"HOSPITALITY UNIT FIM DUPLEX"},"content":{"rendered":"<div data-elementor-type=\"wp-page\" data-elementor-id=\"5644\" class=\"elementor elementor-5644\">\n\t\t\t\t\t\t<section class=\"elementor-section elementor-top-section elementor-element elementor-element-8a6384a elementor-section-boxed elementor-section-height-default elementor-section-height-default\" data-id=\"8a6384a\" data-element_type=\"section\" data-e-type=\"section\" data-settings=\"{&quot;background_background&quot;:&quot;classic&quot;}\">\n\t\t\t\t\t\t\t<div class=\"elementor-background-overlay\"><\/div>\n\t\t\t\t\t\t\t<div class=\"elementor-container elementor-column-gap-extended\">\n\t\t\t\t\t<div class=\"elementor-column elementor-col-100 elementor-top-column elementor-element elementor-element-9c7ba51\" data-id=\"9c7ba51\" data-element_type=\"column\" data-e-type=\"column\">\n\t\t\t<div class=\"elementor-widget-wrap elementor-element-populated\">\n\t\t\t\t\t\t<div class=\"elementor-element elementor-element-805bf15 elementor-widget elementor-widget-text-editor\" data-id=\"805bf15\" data-element_type=\"widget\" data-e-type=\"widget\" data-widget_type=\"text-editor.default\">\n\t\t\t\t<div class=\"elementor-widget-container\">\n\t\t\t\t\t\t\t\t\t<p>hospitality<\/p>\t\t\t\t\t\t\t\t<\/div>\n\t\t\t\t<\/div>\n\t\t\t\t<div class=\"elementor-element elementor-element-5679f91 elementor-widget elementor-widget-zapedah-title\" data-id=\"5679f91\" data-element_type=\"widget\" data-e-type=\"widget\" data-widget_type=\"zapedah-title.default\">\n\t\t\t\t<div class=\"elementor-widget-container\">\n\t\t\t\t\t<h1 class=\"content-title\"><font color=\"#ffffff\">FIM Hospitality Unit<\/font>.<\/h1>\t\t\t\t<\/div>\n\t\t\t\t<\/div>\n\t\t\t\t\t<\/div>\n\t\t<\/div>\n\t\t\t\t\t<\/div>\n\t\t<\/section>\n\t\t\t\t<section class=\"elementor-section elementor-top-section elementor-element elementor-element-011efc4 elementor-section-boxed elementor-section-height-default elementor-section-height-default\" data-id=\"011efc4\" data-element_type=\"section\" data-e-type=\"section\" data-settings=\"{&quot;background_background&quot;:&quot;classic&quot;}\">\n\t\t\t\t\t\t<div class=\"elementor-container elementor-column-gap-extended\">\n\t\t\t\t\t<div class=\"elementor-column elementor-col-100 elementor-top-column elementor-element elementor-element-e47ebf1\" data-id=\"e47ebf1\" data-element_type=\"column\" data-e-type=\"column\">\n\t\t\t<div class=\"elementor-widget-wrap elementor-element-populated\">\n\t\t\t\t\t\t<div class=\"elementor-element elementor-element-2dd543a elementor-widget elementor-widget-zapedah-title\" data-id=\"2dd543a\" data-element_type=\"widget\" data-e-type=\"widget\" data-widget_type=\"zapedah-title.default\">\n\t\t\t\t<div class=\"elementor-widget-container\">\n\t\t\t\t\t<h2 class=\"content-title\">Mobile Hospitality <b>FIM<\/b><span>.<\/span><\/h2>\t\t\t\t<\/div>\n\t\t\t\t<\/div>\n\t\t\t\t<div class=\"elementor-element elementor-element-a5e617e elementor-widget elementor-widget-heading\" data-id=\"a5e617e\" data-element_type=\"widget\" data-e-type=\"widget\" data-widget_type=\"heading.default\">\n\t\t\t\t<div class=\"elementor-widget-container\">\n\t\t\t\t\t<h3 class=\"elementor-heading-title elementor-size-default\">Next-generation logistics unit designed for the International Motorcycling Federation (FIM) within the MotoGP World Championship.\n\n\n<\/h3>\t\t\t\t<\/div>\n\t\t\t\t<\/div>\n\t\t\t\t<div class=\"elementor-element elementor-element-d571569 elementor-widget elementor-widget-text-editor\" data-id=\"d571569\" data-element_type=\"widget\" data-e-type=\"widget\" data-widget_type=\"text-editor.default\">\n\t\t\t\t<div class=\"elementor-widget-container\">\n\t\t\t\t\t\t\t\t\t<p>Hospitality leads the production of premium, automated, and quick-setup mobile hospitality units for motorsport events. Our Duplex unit blends design, functionality, and strong visual presence to elevate any paddock to the next level.<\/p>\t\t\t\t\t\t\t\t<\/div>\n\t\t\t\t<\/div>\n\t\t\t\t\t<\/div>\n\t\t<\/div>\n\t\t\t\t\t<\/div>\n\t\t<\/section>\n\t\t\t\t<section class=\"elementor-section elementor-top-section elementor-element elementor-element-1ec7200 elementor-section-full_width elementor-section-height-default elementor-section-height-default\" data-id=\"1ec7200\" data-element_type=\"section\" data-e-type=\"section\">\n\t\t\t\t\t\t<div class=\"elementor-container elementor-column-gap-no\">\n\t\t\t\t\t<div class=\"elementor-column elementor-col-100 elementor-top-column elementor-element elementor-element-3f76379\" data-id=\"3f76379\" data-element_type=\"column\" data-e-type=\"column\">\n\t\t\t<div class=\"elementor-widget-wrap elementor-element-populated\">\n\t\t\t\t\t\t<div class=\"elementor-element elementor-element-733c589 elementor-widget elementor-widget-image\" data-id=\"733c589\" data-element_type=\"widget\" data-e-type=\"widget\" data-widget_type=\"image.default\">\n\t\t\t\t<div class=\"elementor-widget-container\">\n\t\t\t\t\t\t\t\t\t\t\t\t\t\t\t<img fetchpriority=\"high\" decoding=\"async\" width=\"2250\" height=\"1500\" src=\"https:\/\/hospitality.es\/wp-content\/uploads\/2025\/07\/FIM-01.jpg\" class=\"attachment-full size-full wp-image-5652\" alt=\"\" srcset=\"https:\/\/hospitality.es\/wp-content\/uploads\/2025\/07\/FIM-01.jpg 2250w, https:\/\/hospitality.es\/wp-content\/uploads\/2025\/07\/FIM-01-300x200.jpg 300w, https:\/\/hospitality.es\/wp-content\/uploads\/2025\/07\/FIM-01-1024x683.jpg 1024w, https:\/\/hospitality.es\/wp-content\/uploads\/2025\/07\/FIM-01-768x512.jpg 768w, https:\/\/hospitality.es\/wp-content\/uploads\/2025\/07\/FIM-01-1536x1024.jpg 1536w, https:\/\/hospitality.es\/wp-content\/uploads\/2025\/07\/FIM-01-2048x1365.jpg 2048w, https:\/\/hospitality.es\/wp-content\/uploads\/2025\/07\/FIM-01-18x12.jpg 18w\" sizes=\"(max-width: 2250px) 100vw, 2250px\" \/>\t\t\t\t\t\t\t\t\t\t\t\t\t\t\t<\/div>\n\t\t\t\t<\/div>\n\t\t\t\t<div class=\"elementor-element elementor-element-6848b7e elementor-widget elementor-widget-image\" data-id=\"6848b7e\" data-element_type=\"widget\" data-e-type=\"widget\" data-widget_type=\"image.default\">\n\t\t\t\t<div class=\"elementor-widget-container\">\n\t\t\t\t\t\t\t\t\t\t\t\t\t\t\t<img decoding=\"async\" width=\"2178\" height=\"2560\" src=\"https:\/\/hospitality.es\/wp-content\/uploads\/2025\/07\/FIM-02-scaled.jpg\" class=\"attachment-full size-full wp-image-5653\" alt=\"\" srcset=\"https:\/\/hospitality.es\/wp-content\/uploads\/2025\/07\/FIM-02-scaled.jpg 2178w, https:\/\/hospitality.es\/wp-content\/uploads\/2025\/07\/FIM-02-255x300.jpg 255w, https:\/\/hospitality.es\/wp-content\/uploads\/2025\/07\/FIM-02-871x1024.jpg 871w, https:\/\/hospitality.es\/wp-content\/uploads\/2025\/07\/FIM-02-768x903.jpg 768w, https:\/\/hospitality.es\/wp-content\/uploads\/2025\/07\/FIM-02-1307x1536.jpg 1307w, https:\/\/hospitality.es\/wp-content\/uploads\/2025\/07\/FIM-02-1742x2048.jpg 1742w, https:\/\/hospitality.es\/wp-content\/uploads\/2025\/07\/FIM-02-10x12.jpg 10w\" sizes=\"(max-width: 2178px) 100vw, 2178px\" \/>\t\t\t\t\t\t\t\t\t\t\t\t\t\t\t<\/div>\n\t\t\t\t<\/div>\n\t\t\t\t<div class=\"elementor-element elementor-element-f9ec4cf elementor-widget elementor-widget-image\" data-id=\"f9ec4cf\" data-element_type=\"widget\" data-e-type=\"widget\" data-widget_type=\"image.default\">\n\t\t\t\t<div class=\"elementor-widget-container\">\n\t\t\t\t\t\t\t\t\t\t\t\t\t\t\t<img decoding=\"async\" width=\"2178\" height=\"2560\" src=\"https:\/\/hospitality.es\/wp-content\/uploads\/2025\/07\/FIM-04-scaled.jpg\" class=\"attachment-full size-full wp-image-5654\" alt=\"\" srcset=\"https:\/\/hospitality.es\/wp-content\/uploads\/2025\/07\/FIM-04-scaled.jpg 2178w, https:\/\/hospitality.es\/wp-content\/uploads\/2025\/07\/FIM-04-255x300.jpg 255w, https:\/\/hospitality.es\/wp-content\/uploads\/2025\/07\/FIM-04-871x1024.jpg 871w, https:\/\/hospitality.es\/wp-content\/uploads\/2025\/07\/FIM-04-768x903.jpg 768w, https:\/\/hospitality.es\/wp-content\/uploads\/2025\/07\/FIM-04-1307x1536.jpg 1307w, https:\/\/hospitality.es\/wp-content\/uploads\/2025\/07\/FIM-04-1742x2048.jpg 1742w, https:\/\/hospitality.es\/wp-content\/uploads\/2025\/07\/FIM-04-10x12.jpg 10w\" sizes=\"(max-width: 2178px) 100vw, 2178px\" \/>\t\t\t\t\t\t\t\t\t\t\t\t\t\t\t<\/div>\n\t\t\t\t<\/div>\n\t\t\t\t<div class=\"elementor-element elementor-element-c2e4327 elementor-widget elementor-widget-image\" data-id=\"c2e4327\" data-element_type=\"widget\" data-e-type=\"widget\" data-widget_type=\"image.default\">\n\t\t\t\t<div class=\"elementor-widget-container\">\n\t\t\t\t\t\t\t\t\t\t\t\t\t\t\t<img loading=\"lazy\" decoding=\"async\" width=\"2250\" height=\"1500\" src=\"https:\/\/hospitality.es\/wp-content\/uploads\/2025\/07\/FIM-05.jpg\" class=\"attachment-full size-full wp-image-5655\" alt=\"\" srcset=\"https:\/\/hospitality.es\/wp-content\/uploads\/2025\/07\/FIM-05.jpg 2250w, https:\/\/hospitality.es\/wp-content\/uploads\/2025\/07\/FIM-05-300x200.jpg 300w, https:\/\/hospitality.es\/wp-content\/uploads\/2025\/07\/FIM-05-1024x683.jpg 1024w, https:\/\/hospitality.es\/wp-content\/uploads\/2025\/07\/FIM-05-768x512.jpg 768w, https:\/\/hospitality.es\/wp-content\/uploads\/2025\/07\/FIM-05-1536x1024.jpg 1536w, https:\/\/hospitality.es\/wp-content\/uploads\/2025\/07\/FIM-05-2048x1365.jpg 2048w, https:\/\/hospitality.es\/wp-content\/uploads\/2025\/07\/FIM-05-18x12.jpg 18w\" sizes=\"(max-width: 2250px) 100vw, 2250px\" \/>\t\t\t\t\t\t\t\t\t\t\t\t\t\t\t<\/div>\n\t\t\t\t<\/div>\n\t\t\t\t<div class=\"elementor-element elementor-element-6e735c9 elementor-widget elementor-widget-image\" data-id=\"6e735c9\" data-element_type=\"widget\" data-e-type=\"widget\" data-widget_type=\"image.default\">\n\t\t\t\t<div class=\"elementor-widget-container\">\n\t\t\t\t\t\t\t\t\t\t\t\t\t\t\t<img loading=\"lazy\" decoding=\"async\" width=\"2250\" height=\"1500\" src=\"https:\/\/hospitality.es\/wp-content\/uploads\/2025\/07\/FIM-06.jpg\" class=\"attachment-full size-full wp-image-5656\" alt=\"hospitality m\u00f3vil exclusivo para FIM\" srcset=\"https:\/\/hospitality.es\/wp-content\/uploads\/2025\/07\/FIM-06.jpg 2250w, https:\/\/hospitality.es\/wp-content\/uploads\/2025\/07\/FIM-06-300x200.jpg 300w, https:\/\/hospitality.es\/wp-content\/uploads\/2025\/07\/FIM-06-1024x683.jpg 1024w, https:\/\/hospitality.es\/wp-content\/uploads\/2025\/07\/FIM-06-768x512.jpg 768w, https:\/\/hospitality.es\/wp-content\/uploads\/2025\/07\/FIM-06-1536x1024.jpg 1536w, https:\/\/hospitality.es\/wp-content\/uploads\/2025\/07\/FIM-06-2048x1365.jpg 2048w, https:\/\/hospitality.es\/wp-content\/uploads\/2025\/07\/FIM-06-18x12.jpg 18w\" sizes=\"(max-width: 2250px) 100vw, 2250px\" \/>\t\t\t\t\t\t\t\t\t\t\t\t\t\t\t<\/div>\n\t\t\t\t<\/div>\n\t\t\t\t\t<\/div>\n\t\t<\/div>\n\t\t\t\t\t<\/div>\n\t\t<\/section>\n\t\t\t\t<section class=\"elementor-section elementor-top-section elementor-element elementor-element-d6e698b elementor-section-boxed elementor-section-height-default elementor-section-height-default\" data-id=\"d6e698b\" data-element_type=\"section\" data-e-type=\"section\" data-settings=\"{&quot;background_background&quot;:&quot;classic&quot;}\">\n\t\t\t\t\t\t<div class=\"elementor-container elementor-column-gap-extended\">\n\t\t\t\t\t<div class=\"elementor-column elementor-col-100 elementor-top-column elementor-element elementor-element-8e5dbeb\" data-id=\"8e5dbeb\" data-element_type=\"column\" data-e-type=\"column\">\n\t\t\t<div class=\"elementor-widget-wrap elementor-element-populated\">\n\t\t\t\t\t\t<div class=\"elementor-element elementor-element-1de4fc8 elementor-widget elementor-widget-zapedah-title\" data-id=\"1de4fc8\" data-element_type=\"widget\" data-e-type=\"widget\" data-widget_type=\"zapedah-title.default\">\n\t\t\t\t<div class=\"elementor-widget-container\">\n\t\t\t\t\t<h4 class=\"content-title\">About the Mobile Hospitality <b>FIM<\/b><span>.<\/span><\/h4>\t\t\t\t<\/div>\n\t\t\t\t<\/div>\n\t\t\t\t<div class=\"elementor-element elementor-element-c29b428 elementor-widget elementor-widget-text-editor\" data-id=\"c29b428\" data-element_type=\"widget\" data-e-type=\"widget\" data-widget_type=\"text-editor.default\">\n\t\t\t\t<div class=\"elementor-widget-container\">\n\t\t\t\t\t\t\t\t\t<p>Designed in 2016 to meet the demands of championships such as those organised by the FIM, this two-storey unit delivers a unique and fully automated experience \u2014 dramatically reducing setup and dismantling times.<\/p>\n<p>On the ground floor, the unit features an outdoor terrace, a dining area with capacity for 36 guests, a bar area perfect for drinks or buffet service, and a restroom.\nThe upper floor includes a 12-person meeting room, an open workspace with three desks, and two private offices \u2014 all optimised to ensure maximum comfort and operational efficiency in any competitive environment.<\/p>\n<p>A versatile and high-impact solution created for brands that aim to stand out and deliver a unique experience at every event on the calendar.<\/p>\t\t\t\t\t\t\t\t<\/div>\n\t\t\t\t<\/div>\n\t\t\t\t<div class=\"elementor-element elementor-element-9c5f28b elementor-widget elementor-widget-zapedah-button-text\" data-id=\"9c5f28b\" data-element_type=\"widget\" data-e-type=\"widget\" data-widget_type=\"zapedah-button-text.default\">\n\t\t\t\t<div class=\"elementor-widget-container\">\n\t\t\t\t\t\t\t\n\t\t\t<a class=\"content-btn content-btn-left\" href=\"https:\/\/hospitality.es\/en\/unidades\/\">\n\n\t\t\t\t\n\t\t\t\t<span class=\"button-text\">BACK TO UNITS<\/span>\n\t\t\t\t<span class=\"button-sub\"><\/span>\n\t\t\t<\/a>\n\n\t\t\n\t\t\t\t\t<\/div>\n\t\t\t\t<\/div>\n\t\t\t\t\t<\/div>\n\t\t<\/div>\n\t\t\t\t\t<\/div>\n\t\t<\/section>\n\t\t\t\t<\/div>","protected":false},"excerpt":{"rendered":"<p>hospitality FIM Hospitality Unit. Mobile Hospitality FIM. Unidad log\u00edstica de \u00faltima generaci\u00f3n dise\u00f1ada para la Federaci\u00f3n Internacional de Motociclismo del Campeonato Mundial de MotoGP Hospitality lidera la producci\u00f3n de mobile hospitality units para eventos de motorsport con soluciones premium, automatizadas y de montaje expr\u00e9s. Nuestra unidad D\u00faplex combina dise\u00f1o, funcionalidad y presencia para elevar cualquier paddock a otro nivel. Informaci\u00f3n &hellip;<\/p>","protected":false},"author":1,"featured_media":5656,"parent":3183,"menu_order":0,"comment_status":"closed","ping_status":"closed","template":"blank-builder.php","meta":{"footnotes":""},"class_list":["post-5644","page","type-page","status-publish","has-post-thumbnail","hentry"],"_links":{"self":[{"href":"https:\/\/hospitality.es\/en\/wp-json\/wp\/v2\/pages\/5644","targetHints":{"allow":["GET"]}}],"collection":[{"href":"https:\/\/hospitality.es\/en\/wp-json\/wp\/v2\/pages"}],"about":[{"href":"https:\/\/hospitality.es\/en\/wp-json\/wp\/v2\/types\/page"}],"author":[{"embeddable":true,"href":"https:\/\/hospitality.es\/en\/wp-json\/wp\/v2\/users\/1"}],"replies":[{"embeddable":true,"href":"https:\/\/hospitality.es\/en\/wp-json\/wp\/v2\/comments?post=5644"}],"version-history":[{"count":19,"href":"https:\/\/hospitality.es\/en\/wp-json\/wp\/v2\/pages\/5644\/revisions"}],"predecessor-version":[{"id":5868,"href":"https:\/\/hospitality.es\/en\/wp-json\/wp\/v2\/pages\/5644\/revisions\/5868"}],"up":[{"embeddable":true,"href":"https:\/\/hospitality.es\/en\/wp-json\/wp\/v2\/pages\/3183"}],"wp:featuredmedia":[{"embeddable":true,"href":"https:\/\/hospitality.es\/en\/wp-json\/wp\/v2\/media\/5656"}],"wp:attachment":[{"href":"https:\/\/hospitality.es\/en\/wp-json\/wp\/v2\/media?parent=5644"}],"curies":[{"name":"wp","href":"https:\/\/api.w.org\/{rel}","templated":true}]}}