{"id":5705,"date":"2025-08-01T15:50:50","date_gmt":"2025-08-01T15:50:50","guid":{"rendered":"https:\/\/hospitality.es\/?page_id=5705"},"modified":"2025-08-03T09:22:31","modified_gmt":"2025-08-03T09:22:31","slug":"hospitality-unit-one","status":"publish","type":"page","link":"https:\/\/hospitality.es\/en\/unidades\/hospitality-unit-one\/","title":{"rendered":"HOSPITALITY UNIT ONE"},"content":{"rendered":"<div data-elementor-type=\"wp-page\" data-elementor-id=\"5705\" class=\"elementor elementor-5705\">\n\t\t\t\t\t\t<section class=\"elementor-section elementor-top-section elementor-element elementor-element-8a6384a elementor-section-boxed elementor-section-height-default elementor-section-height-default\" data-id=\"8a6384a\" data-element_type=\"section\" data-e-type=\"section\" data-settings=\"{&quot;background_background&quot;:&quot;classic&quot;}\">\n\t\t\t\t\t\t\t<div class=\"elementor-background-overlay\"><\/div>\n\t\t\t\t\t\t\t<div class=\"elementor-container elementor-column-gap-extended\">\n\t\t\t\t\t<div class=\"elementor-column elementor-col-100 elementor-top-column elementor-element elementor-element-9c7ba51\" data-id=\"9c7ba51\" data-element_type=\"column\" data-e-type=\"column\">\n\t\t\t<div class=\"elementor-widget-wrap elementor-element-populated\">\n\t\t\t\t\t\t<div class=\"elementor-element elementor-element-805bf15 elementor-widget elementor-widget-text-editor\" data-id=\"805bf15\" data-element_type=\"widget\" data-e-type=\"widget\" data-widget_type=\"text-editor.default\">\n\t\t\t\t<div class=\"elementor-widget-container\">\n\t\t\t\t\t\t\t\t\t<p>hospitality<\/p>\t\t\t\t\t\t\t\t<\/div>\n\t\t\t\t<\/div>\n\t\t\t\t<div class=\"elementor-element elementor-element-5679f91 elementor-widget elementor-widget-zapedah-title\" data-id=\"5679f91\" data-element_type=\"widget\" data-e-type=\"widget\" data-widget_type=\"zapedah-title.default\">\n\t\t\t\t<div class=\"elementor-widget-container\">\n\t\t\t\t\t<h1 class=\"content-title\"><font color=\"#ffffff\">ONE Hospitality Unit<\/font>.<\/h1>\t\t\t\t<\/div>\n\t\t\t\t<\/div>\n\t\t\t\t\t<\/div>\n\t\t<\/div>\n\t\t\t\t\t<\/div>\n\t\t<\/section>\n\t\t\t\t<section class=\"elementor-section elementor-top-section elementor-element elementor-element-011efc4 elementor-section-boxed elementor-section-height-default elementor-section-height-default\" data-id=\"011efc4\" data-element_type=\"section\" data-e-type=\"section\" data-settings=\"{&quot;background_background&quot;:&quot;classic&quot;}\">\n\t\t\t\t\t\t<div class=\"elementor-container elementor-column-gap-extended\">\n\t\t\t\t\t<div class=\"elementor-column elementor-col-100 elementor-top-column elementor-element elementor-element-e47ebf1\" data-id=\"e47ebf1\" data-element_type=\"column\" data-e-type=\"column\">\n\t\t\t<div class=\"elementor-widget-wrap elementor-element-populated\">\n\t\t\t\t\t\t<div class=\"elementor-element elementor-element-2dd543a elementor-widget elementor-widget-zapedah-title\" data-id=\"2dd543a\" data-element_type=\"widget\" data-e-type=\"widget\" data-widget_type=\"zapedah-title.default\">\n\t\t\t\t<div class=\"elementor-widget-container\">\n\t\t\t\t\t<h2 class=\"content-title\">Mobile Hospitality <b>ONE<\/b><span>.<\/span><\/h2>\t\t\t\t<\/div>\n\t\t\t\t<\/div>\n\t\t\t\t<div class=\"elementor-element elementor-element-a5e617e elementor-widget elementor-widget-heading\" data-id=\"a5e617e\" data-element_type=\"widget\" data-e-type=\"widget\" data-widget_type=\"heading.default\">\n\t\t\t\t<div class=\"elementor-widget-container\">\n\t\t\t\t\t<h3 class=\"elementor-heading-title elementor-size-default\">Next-generation logistics unit with multiple applications.\n\n<\/h3>\t\t\t\t<\/div>\n\t\t\t\t<\/div>\n\t\t\t\t<div class=\"elementor-element elementor-element-d571569 elementor-widget elementor-widget-text-editor\" data-id=\"d571569\" data-element_type=\"widget\" data-e-type=\"widget\" data-widget_type=\"text-editor.default\">\n\t\t\t\t<div class=\"elementor-widget-container\">\n\t\t\t\t\t\t\t\t\t<p>Hospitality ONE stands for versatility, comfort, and fast setup \u2014 a compact and functional unit that adapts to any event. Whether as a bar, restaurant, meeting room, or press centre, it always delivers a comfortable and professional experience for guests and staff.<\/p>\t\t\t\t\t\t\t\t<\/div>\n\t\t\t\t<\/div>\n\t\t\t\t\t<\/div>\n\t\t<\/div>\n\t\t\t\t\t<\/div>\n\t\t<\/section>\n\t\t\t\t<section class=\"elementor-section elementor-top-section elementor-element elementor-element-1ec7200 elementor-section-full_width elementor-section-height-default elementor-section-height-default\" data-id=\"1ec7200\" data-element_type=\"section\" data-e-type=\"section\">\n\t\t\t\t\t\t<div class=\"elementor-container elementor-column-gap-no\">\n\t\t\t\t\t<div class=\"elementor-column elementor-col-100 elementor-top-column elementor-element elementor-element-3f76379\" data-id=\"3f76379\" data-element_type=\"column\" data-e-type=\"column\">\n\t\t\t<div class=\"elementor-widget-wrap elementor-element-populated\">\n\t\t\t\t\t\t<div class=\"elementor-element elementor-element-733c589 elementor-widget elementor-widget-image\" data-id=\"733c589\" data-element_type=\"widget\" data-e-type=\"widget\" data-widget_type=\"image.default\">\n\t\t\t\t<div class=\"elementor-widget-container\">\n\t\t\t\t\t\t\t\t\t\t\t\t\t\t\t<img fetchpriority=\"high\" decoding=\"async\" width=\"2250\" height=\"1500\" src=\"https:\/\/hospitality.es\/wp-content\/uploads\/2025\/08\/one-01.jpg\" class=\"attachment-full size-full wp-image-5720\" alt=\"\" srcset=\"https:\/\/hospitality.es\/wp-content\/uploads\/2025\/08\/one-01.jpg 2250w, https:\/\/hospitality.es\/wp-content\/uploads\/2025\/08\/one-01-300x200.jpg 300w, https:\/\/hospitality.es\/wp-content\/uploads\/2025\/08\/one-01-1024x683.jpg 1024w, https:\/\/hospitality.es\/wp-content\/uploads\/2025\/08\/one-01-768x512.jpg 768w, https:\/\/hospitality.es\/wp-content\/uploads\/2025\/08\/one-01-1536x1024.jpg 1536w, https:\/\/hospitality.es\/wp-content\/uploads\/2025\/08\/one-01-2048x1365.jpg 2048w, https:\/\/hospitality.es\/wp-content\/uploads\/2025\/08\/one-01-18x12.jpg 18w\" sizes=\"(max-width: 2250px) 100vw, 2250px\" \/>\t\t\t\t\t\t\t\t\t\t\t\t\t\t\t<\/div>\n\t\t\t\t<\/div>\n\t\t\t\t<div class=\"elementor-element elementor-element-6848b7e elementor-widget elementor-widget-image\" data-id=\"6848b7e\" data-element_type=\"widget\" data-e-type=\"widget\" data-widget_type=\"image.default\">\n\t\t\t\t<div class=\"elementor-widget-container\">\n\t\t\t\t\t\t\t\t\t\t\t\t\t\t\t<img decoding=\"async\" width=\"2250\" height=\"1500\" src=\"https:\/\/hospitality.es\/wp-content\/uploads\/2025\/08\/one-02.jpg\" class=\"attachment-full size-full wp-image-5721\" alt=\"\" srcset=\"https:\/\/hospitality.es\/wp-content\/uploads\/2025\/08\/one-02.jpg 2250w, https:\/\/hospitality.es\/wp-content\/uploads\/2025\/08\/one-02-300x200.jpg 300w, https:\/\/hospitality.es\/wp-content\/uploads\/2025\/08\/one-02-1024x683.jpg 1024w, https:\/\/hospitality.es\/wp-content\/uploads\/2025\/08\/one-02-768x512.jpg 768w, https:\/\/hospitality.es\/wp-content\/uploads\/2025\/08\/one-02-1536x1024.jpg 1536w, https:\/\/hospitality.es\/wp-content\/uploads\/2025\/08\/one-02-2048x1365.jpg 2048w, https:\/\/hospitality.es\/wp-content\/uploads\/2025\/08\/one-02-18x12.jpg 18w\" sizes=\"(max-width: 2250px) 100vw, 2250px\" \/>\t\t\t\t\t\t\t\t\t\t\t\t\t\t\t<\/div>\n\t\t\t\t<\/div>\n\t\t\t\t<div class=\"elementor-element elementor-element-f9ec4cf elementor-widget elementor-widget-image\" data-id=\"f9ec4cf\" data-element_type=\"widget\" data-e-type=\"widget\" data-widget_type=\"image.default\">\n\t\t\t\t<div class=\"elementor-widget-container\">\n\t\t\t\t\t\t\t\t\t\t\t\t\t\t\t<img decoding=\"async\" width=\"2250\" height=\"1500\" src=\"https:\/\/hospitality.es\/wp-content\/uploads\/2025\/08\/one-03.jpg\" class=\"attachment-full size-full wp-image-5722\" alt=\"\" srcset=\"https:\/\/hospitality.es\/wp-content\/uploads\/2025\/08\/one-03.jpg 2250w, https:\/\/hospitality.es\/wp-content\/uploads\/2025\/08\/one-03-300x200.jpg 300w, https:\/\/hospitality.es\/wp-content\/uploads\/2025\/08\/one-03-1024x683.jpg 1024w, https:\/\/hospitality.es\/wp-content\/uploads\/2025\/08\/one-03-768x512.jpg 768w, https:\/\/hospitality.es\/wp-content\/uploads\/2025\/08\/one-03-1536x1024.jpg 1536w, https:\/\/hospitality.es\/wp-content\/uploads\/2025\/08\/one-03-2048x1365.jpg 2048w, https:\/\/hospitality.es\/wp-content\/uploads\/2025\/08\/one-03-18x12.jpg 18w\" sizes=\"(max-width: 2250px) 100vw, 2250px\" \/>\t\t\t\t\t\t\t\t\t\t\t\t\t\t\t<\/div>\n\t\t\t\t<\/div>\n\t\t\t\t<div class=\"elementor-element elementor-element-c2e4327 elementor-widget elementor-widget-image\" data-id=\"c2e4327\" data-element_type=\"widget\" data-e-type=\"widget\" data-widget_type=\"image.default\">\n\t\t\t\t<div class=\"elementor-widget-container\">\n\t\t\t\t\t\t\t\t\t\t\t\t\t\t\t<img loading=\"lazy\" decoding=\"async\" width=\"2250\" height=\"1500\" src=\"https:\/\/hospitality.es\/wp-content\/uploads\/2025\/08\/one-04.jpg\" class=\"attachment-full size-full wp-image-5723\" alt=\"\" srcset=\"https:\/\/hospitality.es\/wp-content\/uploads\/2025\/08\/one-04.jpg 2250w, https:\/\/hospitality.es\/wp-content\/uploads\/2025\/08\/one-04-300x200.jpg 300w, https:\/\/hospitality.es\/wp-content\/uploads\/2025\/08\/one-04-1024x683.jpg 1024w, https:\/\/hospitality.es\/wp-content\/uploads\/2025\/08\/one-04-768x512.jpg 768w, https:\/\/hospitality.es\/wp-content\/uploads\/2025\/08\/one-04-1536x1024.jpg 1536w, https:\/\/hospitality.es\/wp-content\/uploads\/2025\/08\/one-04-2048x1365.jpg 2048w, https:\/\/hospitality.es\/wp-content\/uploads\/2025\/08\/one-04-18x12.jpg 18w\" sizes=\"(max-width: 2250px) 100vw, 2250px\" \/>\t\t\t\t\t\t\t\t\t\t\t\t\t\t\t<\/div>\n\t\t\t\t<\/div>\n\t\t\t\t<div class=\"elementor-element elementor-element-6e735c9 elementor-widget elementor-widget-image\" data-id=\"6e735c9\" data-element_type=\"widget\" data-e-type=\"widget\" data-widget_type=\"image.default\">\n\t\t\t\t<div class=\"elementor-widget-container\">\n\t\t\t\t\t\t\t\t\t\t\t\t\t\t\t<img loading=\"lazy\" decoding=\"async\" width=\"2250\" height=\"1500\" src=\"https:\/\/hospitality.es\/wp-content\/uploads\/2025\/08\/one-05.jpg\" class=\"attachment-full size-full wp-image-5724\" alt=\"\" srcset=\"https:\/\/hospitality.es\/wp-content\/uploads\/2025\/08\/one-05.jpg 2250w, https:\/\/hospitality.es\/wp-content\/uploads\/2025\/08\/one-05-300x200.jpg 300w, https:\/\/hospitality.es\/wp-content\/uploads\/2025\/08\/one-05-1024x683.jpg 1024w, https:\/\/hospitality.es\/wp-content\/uploads\/2025\/08\/one-05-768x512.jpg 768w, https:\/\/hospitality.es\/wp-content\/uploads\/2025\/08\/one-05-1536x1024.jpg 1536w, https:\/\/hospitality.es\/wp-content\/uploads\/2025\/08\/one-05-2048x1365.jpg 2048w, https:\/\/hospitality.es\/wp-content\/uploads\/2025\/08\/one-05-18x12.jpg 18w\" sizes=\"(max-width: 2250px) 100vw, 2250px\" \/>\t\t\t\t\t\t\t\t\t\t\t\t\t\t\t<\/div>\n\t\t\t\t<\/div>\n\t\t\t\t<div class=\"elementor-element elementor-element-e926e09 elementor-widget elementor-widget-image\" data-id=\"e926e09\" data-element_type=\"widget\" data-e-type=\"widget\" data-widget_type=\"image.default\">\n\t\t\t\t<div class=\"elementor-widget-container\">\n\t\t\t\t\t\t\t\t\t\t\t\t\t\t\t<img loading=\"lazy\" decoding=\"async\" width=\"2250\" height=\"1500\" src=\"https:\/\/hospitality.es\/wp-content\/uploads\/2025\/08\/one-06.jpg\" class=\"attachment-full size-full wp-image-5725\" alt=\"\" srcset=\"https:\/\/hospitality.es\/wp-content\/uploads\/2025\/08\/one-06.jpg 2250w, https:\/\/hospitality.es\/wp-content\/uploads\/2025\/08\/one-06-300x200.jpg 300w, https:\/\/hospitality.es\/wp-content\/uploads\/2025\/08\/one-06-1024x683.jpg 1024w, https:\/\/hospitality.es\/wp-content\/uploads\/2025\/08\/one-06-768x512.jpg 768w, https:\/\/hospitality.es\/wp-content\/uploads\/2025\/08\/one-06-1536x1024.jpg 1536w, https:\/\/hospitality.es\/wp-content\/uploads\/2025\/08\/one-06-2048x1365.jpg 2048w, https:\/\/hospitality.es\/wp-content\/uploads\/2025\/08\/one-06-18x12.jpg 18w\" sizes=\"(max-width: 2250px) 100vw, 2250px\" \/>\t\t\t\t\t\t\t\t\t\t\t\t\t\t\t<\/div>\n\t\t\t\t<\/div>\n\t\t\t\t\t<\/div>\n\t\t<\/div>\n\t\t\t\t\t<\/div>\n\t\t<\/section>\n\t\t\t\t<section class=\"elementor-section elementor-top-section elementor-element elementor-element-d6e698b elementor-section-boxed elementor-section-height-default elementor-section-height-default\" data-id=\"d6e698b\" data-element_type=\"section\" data-e-type=\"section\" data-settings=\"{&quot;background_background&quot;:&quot;classic&quot;}\">\n\t\t\t\t\t\t<div class=\"elementor-container elementor-column-gap-extended\">\n\t\t\t\t\t<div class=\"elementor-column elementor-col-100 elementor-top-column elementor-element elementor-element-8e5dbeb\" data-id=\"8e5dbeb\" data-element_type=\"column\" data-e-type=\"column\">\n\t\t\t<div class=\"elementor-widget-wrap elementor-element-populated\">\n\t\t\t\t\t\t<div class=\"elementor-element elementor-element-1de4fc8 elementor-widget elementor-widget-zapedah-title\" data-id=\"1de4fc8\" data-element_type=\"widget\" data-e-type=\"widget\" data-widget_type=\"zapedah-title.default\">\n\t\t\t\t<div class=\"elementor-widget-container\">\n\t\t\t\t\t<h4 class=\"content-title\">About the Mobile Hospitality <b>ONE<\/b><span>.<\/span><\/h4>\t\t\t\t<\/div>\n\t\t\t\t<\/div>\n\t\t\t\t<div class=\"elementor-element elementor-element-c29b428 elementor-widget elementor-widget-text-editor\" data-id=\"c29b428\" data-element_type=\"widget\" data-e-type=\"widget\" data-widget_type=\"text-editor.default\">\n\t\t\t\t<div class=\"elementor-widget-container\">\n\t\t\t\t\t\t\t\t\t<p><strong>The structure is built on a single, functional and versatile level:<\/strong><\/p><p>Hospitality ONE is a single-level mobile unit specifically designed to provide a multipurpose and adaptable space for motorsport events. It consists of a fully enclosed trailer that, once deployed, offers an open-plan interior that can be reconfigured depending on the required use.<\/p><p>The structure has been optimised for fast setup, featuring side-opening systems that expand the usable interior volume. In its standard configuration, it can serve as a hospitality lounge, bar, dining area for teams and guests, or a press and meeting centre.<\/p><p>Its compact design makes it easy to transport and manage between circuits, while maintaining a high level of comfort and finish. An ideal solution for teams looking for an efficient, elegant, and versatile unit \u2014 without compromising functionality or brand presence in the paddock.<\/p>\t\t\t\t\t\t\t\t<\/div>\n\t\t\t\t<\/div>\n\t\t\t\t<div class=\"elementor-element elementor-element-40427c7 elementor-widget elementor-widget-zapedah-button-text\" data-id=\"40427c7\" data-element_type=\"widget\" data-e-type=\"widget\" data-widget_type=\"zapedah-button-text.default\">\n\t\t\t\t<div class=\"elementor-widget-container\">\n\t\t\t\t\t\t\t\n\t\t\t<a class=\"content-btn content-btn-left\" href=\"https:\/\/hospitality.es\/en\/unidades\/\">\n\n\t\t\t\t\n\t\t\t\t<span class=\"button-text\">BACK TO UNITS<\/span>\n\t\t\t\t<span class=\"button-sub\"><\/span>\n\t\t\t<\/a>\n\n\t\t\n\t\t\t\t\t<\/div>\n\t\t\t\t<\/div>\n\t\t\t\t\t<\/div>\n\t\t<\/div>\n\t\t\t\t\t<\/div>\n\t\t<\/section>\n\t\t\t\t<\/div>","protected":false},"excerpt":{"rendered":"<p>hospitality ONE Hospitality Unit. Mobile Hospitality ONE. Unidad log\u00edstica de \u00faltima generaci\u00f3n con multitud de aplicaciones Hospitality ONE es sin\u00f3nimo de versatilidad comodidad y montaje r\u00e1pido una unidad compacta y funcional que se adapta a cada evento convirti\u00e9ndose en bar restaurante, sala de reuniones o prensa seg\u00fan las necesidades del cliente ofreciendo siempre una experiencia c\u00f3moda y profesional para invitados &hellip;<\/p>","protected":false},"author":1,"featured_media":5278,"parent":3183,"menu_order":0,"comment_status":"closed","ping_status":"closed","template":"blank-builder.php","meta":{"footnotes":""},"class_list":["post-5705","page","type-page","status-publish","has-post-thumbnail","hentry"],"_links":{"self":[{"href":"https:\/\/hospitality.es\/en\/wp-json\/wp\/v2\/pages\/5705","targetHints":{"allow":["GET"]}}],"collection":[{"href":"https:\/\/hospitality.es\/en\/wp-json\/wp\/v2\/pages"}],"about":[{"href":"https:\/\/hospitality.es\/en\/wp-json\/wp\/v2\/types\/page"}],"author":[{"embeddable":true,"href":"https:\/\/hospitality.es\/en\/wp-json\/wp\/v2\/users\/1"}],"replies":[{"embeddable":true,"href":"https:\/\/hospitality.es\/en\/wp-json\/wp\/v2\/comments?post=5705"}],"version-history":[{"count":22,"href":"https:\/\/hospitality.es\/en\/wp-json\/wp\/v2\/pages\/5705\/revisions"}],"predecessor-version":[{"id":5831,"href":"https:\/\/hospitality.es\/en\/wp-json\/wp\/v2\/pages\/5705\/revisions\/5831"}],"up":[{"embeddable":true,"href":"https:\/\/hospitality.es\/en\/wp-json\/wp\/v2\/pages\/3183"}],"wp:featuredmedia":[{"embeddable":true,"href":"https:\/\/hospitality.es\/en\/wp-json\/wp\/v2\/media\/5278"}],"wp:attachment":[{"href":"https:\/\/hospitality.es\/en\/wp-json\/wp\/v2\/media?parent=5705"}],"curies":[{"name":"wp","href":"https:\/\/api.w.org\/{rel}","templated":true}]}}