{"id":607,"date":"2023-05-16T19:34:13","date_gmt":"2023-05-16T19:34:13","guid":{"rendered":"https:\/\/demo.winnertheme.com\/zapedah\/?page_id=607"},"modified":"2024-12-11T15:07:40","modified_gmt":"2024-12-11T15:07:40","slug":"somos","status":"publish","type":"page","link":"https:\/\/hospitality.es\/en\/somos\/","title":{"rendered":"SOBRE HOSPITALITY"},"content":{"rendered":"<div data-elementor-type=\"wp-page\" data-elementor-id=\"607\" class=\"elementor elementor-607\">\n\t\t\t\t\t\t<section class=\"elementor-section elementor-top-section elementor-element elementor-element-8a6384a elementor-section-boxed elementor-section-height-default elementor-section-height-default\" data-id=\"8a6384a\" data-element_type=\"section\" data-e-type=\"section\" data-settings=\"{&quot;background_background&quot;:&quot;classic&quot;}\">\n\t\t\t\t\t\t\t<div class=\"elementor-background-overlay\"><\/div>\n\t\t\t\t\t\t\t<div class=\"elementor-container elementor-column-gap-extended\">\n\t\t\t\t\t<div class=\"elementor-column elementor-col-100 elementor-top-column elementor-element elementor-element-9c7ba51\" data-id=\"9c7ba51\" data-element_type=\"column\" data-e-type=\"column\">\n\t\t\t<div class=\"elementor-widget-wrap elementor-element-populated\">\n\t\t\t\t\t\t<div class=\"elementor-element elementor-element-805bf15 elementor-widget elementor-widget-text-editor\" data-id=\"805bf15\" data-element_type=\"widget\" data-e-type=\"widget\" data-widget_type=\"text-editor.default\">\n\t\t\t\t<div class=\"elementor-widget-container\">\n\t\t\t\t\t\t\t\t\t<p>Our history<\/p>\t\t\t\t\t\t\t\t<\/div>\n\t\t\t\t<\/div>\n\t\t\t\t<div class=\"elementor-element elementor-element-5679f91 elementor-widget elementor-widget-zapedah-title\" data-id=\"5679f91\" data-element_type=\"widget\" data-e-type=\"widget\" data-widget_type=\"zapedah-title.default\">\n\t\t\t\t<div class=\"elementor-widget-container\">\n\t\t\t\t\t<h2 class=\"content-title\">ABOUT HOSPITALITY<span>.<\/span><\/h2>\t\t\t\t<\/div>\n\t\t\t\t<\/div>\n\t\t\t\t\t<\/div>\n\t\t<\/div>\n\t\t\t\t\t<\/div>\n\t\t<\/section>\n\t\t\t\t<section class=\"elementor-section elementor-top-section elementor-element elementor-element-011efc4 elementor-section-boxed elementor-section-height-default elementor-section-height-default\" data-id=\"011efc4\" data-element_type=\"section\" data-e-type=\"section\" data-settings=\"{&quot;background_background&quot;:&quot;classic&quot;}\">\n\t\t\t\t\t\t<div class=\"elementor-container elementor-column-gap-extended\">\n\t\t\t\t\t<div class=\"elementor-column elementor-col-50 elementor-top-column elementor-element elementor-element-e47ebf1\" data-id=\"e47ebf1\" data-element_type=\"column\" data-e-type=\"column\">\n\t\t\t<div class=\"elementor-widget-wrap elementor-element-populated\">\n\t\t\t\t\t\t<div class=\"elementor-element elementor-element-2dd543a elementor-widget elementor-widget-zapedah-title\" data-id=\"2dd543a\" data-element_type=\"widget\" data-e-type=\"widget\" data-widget_type=\"zapedah-title.default\">\n\t\t\t\t<div class=\"elementor-widget-container\">\n\t\t\t\t\t<h2 class=\"content-title\">We specialize in creating <b>mobile corporate spaces<\/b><span>.<\/span><\/h2>\t\t\t\t<\/div>\n\t\t\t\t<\/div>\n\t\t\t\t<div class=\"elementor-element elementor-element-d571569 elementor-widget elementor-widget-text-editor\" data-id=\"d571569\" data-element_type=\"widget\" data-e-type=\"widget\" data-widget_type=\"text-editor.default\">\n\t\t\t\t<div class=\"elementor-widget-container\">\n\t\t\t\t\t\t\t\t\t<p>Spirit of service, perfection in execution, efficiency and passion for work.<\/p>\t\t\t\t\t\t\t\t<\/div>\n\t\t\t\t<\/div>\n\t\t\t\t<div class=\"elementor-element elementor-element-9ca71a1 elementor-widget elementor-widget-text-editor\" data-id=\"9ca71a1\" data-element_type=\"widget\" data-e-type=\"widget\" data-widget_type=\"text-editor.default\">\n\t\t\t\t<div class=\"elementor-widget-container\">\n\t\t\t\t\t\t\t\t\t<p>Hospitality was born in 1993 with the clear purpose of providing a quality service to its clients without their location being a determining factor.\u00a0<\/p><p>Until today, with hundreds of services around Europe, these and new values such as sustainability, teamwork and transparency remain our foundation bases. The trust our customers put on us year after year endorses us as a model in the sector.<\/p>\t\t\t\t\t\t\t\t<\/div>\n\t\t\t\t<\/div>\n\t\t\t\t\t<\/div>\n\t\t<\/div>\n\t\t\t\t<div class=\"elementor-column elementor-col-50 elementor-top-column elementor-element elementor-element-f6f9b03\" data-id=\"f6f9b03\" data-element_type=\"column\" data-e-type=\"column\">\n\t\t\t<div class=\"elementor-widget-wrap elementor-element-populated\">\n\t\t\t\t\t\t<div class=\"elementor-element elementor-element-fe29066 elementor-widget__width-inherit elementor-arrows-position-inside elementor-widget elementor-widget-image-carousel\" data-id=\"fe29066\" data-element_type=\"widget\" data-e-type=\"widget\" data-settings=\"{&quot;slides_to_show&quot;:&quot;1&quot;,&quot;navigation&quot;:&quot;arrows&quot;,&quot;autoplay&quot;:&quot;yes&quot;,&quot;pause_on_hover&quot;:&quot;yes&quot;,&quot;pause_on_interaction&quot;:&quot;yes&quot;,&quot;autoplay_speed&quot;:5000,&quot;infinite&quot;:&quot;yes&quot;,&quot;effect&quot;:&quot;slide&quot;,&quot;speed&quot;:500}\" data-widget_type=\"image-carousel.default\">\n\t\t\t\t<div class=\"elementor-widget-container\">\n\t\t\t\t\t\t\t<div class=\"elementor-image-carousel-wrapper swiper\" role=\"region\" aria-roledescription=\"carousel\" aria-label=\"Image Carousel\" dir=\"ltr\">\n\t\t\t<div class=\"elementor-image-carousel swiper-wrapper swiper-image-stretch\" aria-live=\"off\">\n\t\t\t\t\t\t\t\t<div class=\"swiper-slide\" role=\"group\" aria-roledescription=\"slide\" aria-label=\"1 of 3\"><figure class=\"swiper-slide-inner\"><img decoding=\"async\" class=\"swiper-slide-image\" src=\"https:\/\/hospitality.es\/wp-content\/uploads\/2024\/12\/about1.jpg\" alt=\"about1\" \/><\/figure><\/div><div class=\"swiper-slide\" role=\"group\" aria-roledescription=\"slide\" aria-label=\"2 of 3\"><figure class=\"swiper-slide-inner\"><img decoding=\"async\" class=\"swiper-slide-image\" src=\"https:\/\/hospitality.es\/wp-content\/uploads\/2024\/12\/about2.jpg\" alt=\"about2\" \/><\/figure><\/div><div class=\"swiper-slide\" role=\"group\" aria-roledescription=\"slide\" aria-label=\"3 of 3\"><figure class=\"swiper-slide-inner\"><img decoding=\"async\" class=\"swiper-slide-image\" src=\"https:\/\/hospitality.es\/wp-content\/uploads\/2024\/12\/about3.jpg\" alt=\"about3\" \/><\/figure><\/div>\t\t\t<\/div>\n\t\t\t\t\t\t\t\t\t\t\t\t<div class=\"elementor-swiper-button elementor-swiper-button-prev\" role=\"button\" tabindex=\"0\">\n\t\t\t\t\t\t<i aria-hidden=\"true\" class=\"eicon-chevron-left\"><\/i>\t\t\t\t\t<\/div>\n\t\t\t\t\t<div class=\"elementor-swiper-button elementor-swiper-button-next\" role=\"button\" tabindex=\"0\">\n\t\t\t\t\t\t<i aria-hidden=\"true\" class=\"eicon-chevron-right\"><\/i>\t\t\t\t\t<\/div>\n\t\t\t\t\n\t\t\t\t\t\t\t\t\t<\/div>\n\t\t\t\t\t\t<\/div>\n\t\t\t\t<\/div>\n\t\t\t\t\t<\/div>\n\t\t<\/div>\n\t\t\t\t\t<\/div>\n\t\t<\/section>\n\t\t\t\t<section class=\"elementor-section elementor-top-section elementor-element elementor-element-6e4a9de elementor-section-content-middle elementor-section-boxed elementor-section-height-default elementor-section-height-default\" data-id=\"6e4a9de\" data-element_type=\"section\" data-e-type=\"section\" data-settings=\"{&quot;background_background&quot;:&quot;classic&quot;}\">\n\t\t\t\t\t\t\t<div class=\"elementor-background-overlay\"><\/div>\n\t\t\t\t\t\t\t<div class=\"elementor-container elementor-column-gap-extended\">\n\t\t\t\t\t<div class=\"elementor-column elementor-col-100 elementor-top-column elementor-element elementor-element-4de409b\" data-id=\"4de409b\" data-element_type=\"column\" data-e-type=\"column\">\n\t\t\t<div class=\"elementor-widget-wrap elementor-element-populated\">\n\t\t\t\t\t\t<div class=\"elementor-element elementor-element-9572018 elementor-widget elementor-widget-zapedah-title\" data-id=\"9572018\" data-element_type=\"widget\" data-e-type=\"widget\" data-widget_type=\"zapedah-title.default\">\n\t\t\t\t<div class=\"elementor-widget-container\">\n\t\t\t\t\t<h2 class=\"content-title\">Would you like to be part of <b>Hospitality Team<\/b> ?<\/h2>\t\t\t\t<\/div>\n\t\t\t\t<\/div>\n\t\t\t\t<div class=\"elementor-element elementor-element-5867674 elementor-widget elementor-widget-text-editor\" data-id=\"5867674\" data-element_type=\"widget\" data-e-type=\"widget\" data-widget_type=\"text-editor.default\">\n\t\t\t\t<div class=\"elementor-widget-container\">\n\t\t\t\t\t\t\t\t\t<p>What makes Hospitality great is our team. Professionals with extensive experience, accustomed to roaming service and full integration into the brand that represents the event.<\/p>\t\t\t\t\t\t\t\t<\/div>\n\t\t\t\t<\/div>\n\t\t\t\t<div class=\"elementor-element elementor-element-36fd42e elementor-widget elementor-widget-zapedah-button\" data-id=\"36fd42e\" data-element_type=\"widget\" data-e-type=\"widget\" data-widget_type=\"zapedah-button.default\">\n\t\t\t\t<div class=\"elementor-widget-container\">\n\t\t\t\t\t\t\t\r\n\t\t\t<a class=\"content-btn\" href=\"mailto:info@hospitality.es?subject=Trabajar%20en%20Hospitality\">\r\n\r\n\t\t\t\t\r\n\t\t\t\tI want to be a part!\t\t\t<\/a>\r\n\r\n\t\t\r\n\t\t\t\t\t<\/div>\n\t\t\t\t<\/div>\n\t\t\t\t\t<\/div>\n\t\t<\/div>\n\t\t\t\t\t<\/div>\n\t\t<\/section>\n\t\t\t\t<section class=\"elementor-section elementor-top-section elementor-element elementor-element-c611a2a elementor-section-boxed elementor-section-height-default elementor-section-height-default\" data-id=\"c611a2a\" data-element_type=\"section\" data-e-type=\"section\" id=\"community\" data-settings=\"{&quot;background_background&quot;:&quot;classic&quot;}\">\n\t\t\t\t\t\t\t<div class=\"elementor-background-overlay\"><\/div>\n\t\t\t\t\t\t\t<div class=\"elementor-container elementor-column-gap-extended\">\n\t\t\t\t\t<div class=\"elementor-column elementor-col-50 elementor-top-column elementor-element elementor-element-78b0d42\" data-id=\"78b0d42\" data-element_type=\"column\" data-e-type=\"column\">\n\t\t\t<div class=\"elementor-widget-wrap elementor-element-populated\">\n\t\t\t\t\t\t<div class=\"elementor-element elementor-element-36ae137 elementor-widget elementor-widget-image\" data-id=\"36ae137\" data-element_type=\"widget\" data-e-type=\"widget\" data-widget_type=\"image.default\">\n\t\t\t\t<div class=\"elementor-widget-container\">\n\t\t\t\t\t\t\t\t\t\t\t\t\t\t\t<img fetchpriority=\"high\" decoding=\"async\" width=\"441\" height=\"320\" src=\"https:\/\/hospitality.es\/wp-content\/uploads\/2023\/05\/aboutgines.png\" class=\"attachment-large size-large wp-image-3075\" alt=\"\" srcset=\"https:\/\/hospitality.es\/wp-content\/uploads\/2023\/05\/aboutgines.png 441w, https:\/\/hospitality.es\/wp-content\/uploads\/2023\/05\/aboutgines-300x218.png 300w\" sizes=\"(max-width: 441px) 100vw, 441px\" \/>\t\t\t\t\t\t\t\t\t\t\t\t\t\t\t<\/div>\n\t\t\t\t<\/div>\n\t\t\t\t\t<\/div>\n\t\t<\/div>\n\t\t\t\t<div class=\"elementor-column elementor-col-50 elementor-top-column elementor-element elementor-element-4d5e8f6\" data-id=\"4d5e8f6\" data-element_type=\"column\" data-e-type=\"column\">\n\t\t\t<div class=\"elementor-widget-wrap elementor-element-populated\">\n\t\t\t\t\t\t<div class=\"elementor-element elementor-element-8749f7e elementor-widget elementor-widget-zapedah-title\" data-id=\"8749f7e\" data-element_type=\"widget\" data-e-type=\"widget\" data-widget_type=\"zapedah-title.default\">\n\t\t\t\t<div class=\"elementor-widget-container\">\n\t\t\t\t\t<h2 class=\"content-title\"><b>Hospitality<\/b>: our history<span>.<\/span><\/h2>\t\t\t\t<\/div>\n\t\t\t\t<\/div>\n\t\t\t\t<div class=\"elementor-element elementor-element-566337c elementor-widget elementor-widget-text-editor\" data-id=\"566337c\" data-element_type=\"widget\" data-e-type=\"widget\" data-widget_type=\"text-editor.default\">\n\t\t\t\t<div class=\"elementor-widget-container\">\n\t\t\t\t\t\t\t\t\t<p><em>\u201cIn 1993 Gin\u00e9s Guirado and I founded Hospitality on four clear pillars: <\/em><em>Service spirit, perfection in its execution, efficiency and passion for our job.<\/em><\/p><p><em>Beyond people, these fundamental values remain the same as the day of the foundation. Today, more than ever, these values guarantee our project\u2019s continuity with an emotional reminder towards\u00a0<span class=\"black\">Gin\u00e9s<\/span>\u201d<\/em><\/p><p><strong><span class=\"black\">Javier Garc\u00eda Blasco \u2013 CEO<\/span><\/strong><\/p>\t\t\t\t\t\t\t\t<\/div>\n\t\t\t\t<\/div>\n\t\t\t\t\t<\/div>\n\t\t<\/div>\n\t\t\t\t\t<\/div>\n\t\t<\/section>\n\t\t\t\t<section class=\"elementor-section elementor-top-section elementor-element elementor-element-f00ba24 elementor-section-full_width elementor-section-height-default elementor-section-height-default\" data-id=\"f00ba24\" data-element_type=\"section\" data-e-type=\"section\">\n\t\t\t\t\t\t<div class=\"elementor-container elementor-column-gap-extended\">\n\t\t\t\t\t<div class=\"elementor-column elementor-col-100 elementor-top-column elementor-element elementor-element-c61622b\" data-id=\"c61622b\" data-element_type=\"column\" data-e-type=\"column\">\n\t\t\t<div class=\"elementor-widget-wrap elementor-element-populated\">\n\t\t\t\t\t\t<div class=\"elementor-element elementor-element-0b46916 elementor-widget elementor-widget-image-carousel\" data-id=\"0b46916\" data-element_type=\"widget\" data-e-type=\"widget\" data-settings=\"{&quot;slides_to_show&quot;:&quot;6&quot;,&quot;slides_to_scroll&quot;:&quot;1&quot;,&quot;navigation&quot;:&quot;none&quot;,&quot;image_spacing_custom&quot;:{&quot;unit&quot;:&quot;px&quot;,&quot;size&quot;:100,&quot;sizes&quot;:[]},&quot;slides_to_show_tablet&quot;:&quot;4&quot;,&quot;slides_to_show_mobile&quot;:&quot;2&quot;,&quot;slides_to_scroll_tablet&quot;:&quot;1&quot;,&quot;slides_to_scroll_mobile&quot;:&quot;1&quot;,&quot;autoplay_speed&quot;:500,&quot;speed&quot;:800,&quot;autoplay&quot;:&quot;yes&quot;,&quot;pause_on_hover&quot;:&quot;yes&quot;,&quot;pause_on_interaction&quot;:&quot;yes&quot;,&quot;infinite&quot;:&quot;yes&quot;,&quot;image_spacing_custom_tablet&quot;:{&quot;unit&quot;:&quot;px&quot;,&quot;size&quot;:&quot;&quot;,&quot;sizes&quot;:[]},&quot;image_spacing_custom_mobile&quot;:{&quot;unit&quot;:&quot;px&quot;,&quot;size&quot;:&quot;&quot;,&quot;sizes&quot;:[]}}\" data-widget_type=\"image-carousel.default\">\n\t\t\t\t<div class=\"elementor-widget-container\">\n\t\t\t\t\t\t\t<div class=\"elementor-image-carousel-wrapper swiper\" role=\"region\" aria-roledescription=\"carousel\" aria-label=\"Image Carousel\" dir=\"rtl\">\n\t\t\t<div class=\"elementor-image-carousel swiper-wrapper\" aria-live=\"off\">\n\t\t\t\t\t\t\t\t<div class=\"swiper-slide\" role=\"group\" aria-roledescription=\"slide\" aria-label=\"1 of 19\"><figure class=\"swiper-slide-inner\"><img decoding=\"async\" class=\"swiper-slide-image\" src=\"https:\/\/hospitality.es\/wp-content\/uploads\/elementor\/thumbs\/allianz-gris-1024x265-1-qi70pscqpjwlbgyhi7c5kiq7kri50krc9uwp8wtiik.png\" alt=\"allianz-gris-1024x265\" \/><\/figure><\/div><div class=\"swiper-slide\" role=\"group\" aria-roledescription=\"slide\" aria-label=\"2 of 19\"><figure class=\"swiper-slide-inner\"><img decoding=\"async\" class=\"swiper-slide-image\" src=\"https:\/\/hospitality.es\/wp-content\/uploads\/elementor\/thumbs\/alpine_logo_small-bw-qi70pu8f37z5yovr785epi94rj8vfyysy47o7gqq4q.gif\" alt=\"alpine_logo_small-bw\" \/><\/figure><\/div><div class=\"swiper-slide\" role=\"group\" aria-roledescription=\"slide\" aria-label=\"3 of 19\"><figure class=\"swiper-slide-inner\"><img decoding=\"async\" class=\"swiper-slide-image\" src=\"https:\/\/hospitality.es\/wp-content\/uploads\/elementor\/thumbs\/bentley_w_1x-qi70pu8f37z5yovr785epi94rj8vfyysy47o7gqr18.jpg\" alt=\"bentley_w_1x\" \/><\/figure><\/div><div class=\"swiper-slide\" role=\"group\" aria-roledescription=\"slide\" aria-label=\"4 of 19\"><figure class=\"swiper-slide-inner\"><img decoding=\"async\" class=\"swiper-slide-image\" src=\"https:\/\/hospitality.es\/wp-content\/uploads\/elementor\/thumbs\/Capa-1-copia-blancpain-qi70pv69a20gaaue1qk1a00lcx48no2ja8v5oqpc0g.png\" alt=\"Capa-1-copia-blancpain\" \/><\/figure><\/div><div class=\"swiper-slide\" role=\"group\" aria-roledescription=\"slide\" aria-label=\"5 of 19\"><figure class=\"swiper-slide-inner\"><img decoding=\"async\" class=\"swiper-slide-image\" src=\"https:\/\/hospitality.es\/wp-content\/uploads\/elementor\/thumbs\/Capa-formula-e-1024x267-1-qi70px1xnq30xirnqrdaezjijouz329zyi64namjnq.png\" alt=\"Capa-formula-e-1024x267\" \/><\/figure><\/div><div class=\"swiper-slide\" role=\"group\" aria-roledescription=\"slide\" aria-label=\"6 of 19\"><figure class=\"swiper-slide-inner\"><img decoding=\"async\" class=\"swiper-slide-image\" src=\"https:\/\/hospitality.es\/wp-content\/uploads\/elementor\/thumbs\/Curbstone-bw-qi70pxzruk4b94qal9rwzhaz52qcardqamtm4kl6cc.png\" alt=\"Curbstone-bw\" \/><\/figure><\/div><div class=\"swiper-slide\" role=\"group\" aria-roledescription=\"slide\" aria-label=\"7 of 19\"><figure class=\"swiper-slide-inner\"><img decoding=\"async\" class=\"swiper-slide-image\" src=\"https:\/\/hospitality.es\/wp-content\/uploads\/elementor\/thumbs\/Fondo-e1510101401550-qi70pyxm1e5lkqoxfs6jjz2fqglpighgmrh3lujrjm.png\" alt=\"Fondo-e1510101401550\" \/><\/figure><\/div><div class=\"swiper-slide\" role=\"group\" aria-roledescription=\"slide\" aria-label=\"8 of 19\"><figure class=\"swiper-slide-inner\"><img decoding=\"async\" class=\"swiper-slide-image\" src=\"https:\/\/hospitality.es\/wp-content\/uploads\/elementor\/thumbs\/Fondo-emil-frey-qi70pyxm1e5lkqoxfs6jjz2fqglpighgmrh3lujrgu.png\" alt=\"Fondo-emil-frey\" \/><\/figure><\/div><div class=\"swiper-slide\" role=\"group\" aria-roledescription=\"slide\" aria-label=\"9 of 19\"><figure class=\"swiper-slide-inner\"><img decoding=\"async\" class=\"swiper-slide-image\" src=\"https:\/\/hospitality.es\/wp-content\/uploads\/elementor\/thumbs\/hostettler-bw-qi70pzvg886vwcnkaal64gtwbuh2q5l6yw4l34idzw.png\" alt=\"hostettler-bw\" \/><\/figure><\/div><div class=\"swiper-slide\" role=\"group\" aria-roledescription=\"slide\" aria-label=\"10 of 19\"><figure class=\"swiper-slide-inner\"><img decoding=\"async\" class=\"swiper-slide-image\" src=\"https:\/\/hospitality.es\/wp-content\/uploads\/elementor\/thumbs\/intermasgris-qi70q0taf2867ym74szsoylcx8cfxuoxb0s2kegz8u.jpg\" alt=\"intermasgris\" \/><\/figure><\/div><div class=\"swiper-slide\" role=\"group\" aria-roledescription=\"slide\" aria-label=\"11 of 19\"><figure class=\"swiper-slide-inner\"><img decoding=\"async\" class=\"swiper-slide-image\" src=\"https:\/\/hospitality.es\/wp-content\/uploads\/elementor\/thumbs\/logo_AGR_rojo_retina-bw-qi70q1r4lw9gjkktzbef9gctim7t5jsnn5fk1oflng.jpeg\" alt=\"logo_AGR_rojo_retina-bw\" \/><\/figure><\/div><div class=\"swiper-slide\" role=\"group\" aria-roledescription=\"slide\" aria-label=\"12 of 19\"><figure class=\"swiper-slide-inner\"><img decoding=\"async\" class=\"swiper-slide-image\" src=\"https:\/\/hospitality.es\/wp-content\/uploads\/elementor\/thumbs\/Logo-santander-gris-qi70q3mszkc16si3oc7oefvqpdyjky04beqj08csuc.png\" alt=\"Logo-santander-gris\" \/><\/figure><\/div><div class=\"swiper-slide\" role=\"group\" aria-roledescription=\"slide\" aria-label=\"13 of 19\"><figure class=\"swiper-slide-inner\"><img decoding=\"async\" class=\"swiper-slide-image\" src=\"https:\/\/hospitality.es\/wp-content\/uploads\/elementor\/thumbs\/mini_cooper-logo-1024x433-1-qi70q4kn6edbiegqiumayxn7artwsn3unje0hibegm.png\" alt=\"mini_cooper-logo-1024x433\" \/><\/figure><\/div><div class=\"swiper-slide\" role=\"group\" aria-roledescription=\"slide\" aria-label=\"14 of 19\"><figure class=\"swiper-slide-inner\"><img decoding=\"async\" class=\"swiper-slide-image\" src=\"https:\/\/hospitality.es\/wp-content\/uploads\/elementor\/thumbs\/monlaugris-qi70q5ihd8elu0fddd0xjfenw5pa0c7kzo1hysa0yk.jpg\" alt=\"monlaugris\" \/><\/figure><\/div><div class=\"swiper-slide\" role=\"group\" aria-roledescription=\"slide\" aria-label=\"15 of 19\"><figure class=\"swiper-slide-inner\"><img decoding=\"async\" class=\"swiper-slide-image\" src=\"https:\/\/hospitality.es\/wp-content\/uploads\/elementor\/thumbs\/motul-logo-gris-1024x288-1-qi70q6gbk2fw5me07vfk3x64hjkn81bbbsozg28lyc.png\" alt=\"motul-logo-gris-1024x288\" \/><\/figure><\/div><div class=\"swiper-slide\" role=\"group\" aria-roledescription=\"slide\" aria-label=\"16 of 19\"><figure class=\"swiper-slide-inner\"><img decoding=\"async\" class=\"swiper-slide-image\" src=\"https:\/\/hospitality.es\/wp-content\/uploads\/elementor\/thumbs\/Pirelli-logo-gris-1024x576-1-qi70q8bzxqigsub9ww8t8wp1obbdnfis01zyem5txk.png\" alt=\"Pirelli-logo-gris-1024x576\" \/><\/figure><\/div><div class=\"swiper-slide\" role=\"group\" aria-roledescription=\"slide\" aria-label=\"17 of 19\"><figure class=\"swiper-slide-inner\"><img decoding=\"async\" class=\"swiper-slide-image\" src=\"https:\/\/hospitality.es\/wp-content\/uploads\/elementor\/thumbs\/seatgris-qi70q99u4kjr4g9wrenftegi9p6qv4mic6nfvw4fya.jpg\" alt=\"seatgris\" \/><\/figure><\/div><div class=\"swiper-slide\" role=\"group\" aria-roledescription=\"slide\" aria-label=\"18 of 19\"><figure class=\"swiper-slide-inner\"><img decoding=\"async\" class=\"swiper-slide-image\" src=\"https:\/\/hospitality.es\/wp-content\/uploads\/elementor\/thumbs\/Total_logo-gris-qi70qa7obel1g28jlx22dw7yv3242tq8obaxd631e6.png\" alt=\"Total_logo-gris\" \/><\/figure><\/div><div class=\"swiper-slide\" role=\"group\" aria-roledescription=\"slide\" aria-label=\"19 of 19\"><figure class=\"swiper-slide-inner\"><img decoding=\"async\" class=\"swiper-slide-image\" src=\"https:\/\/hospitality.es\/wp-content\/uploads\/elementor\/thumbs\/volvogris-qi70qb5ii8mbro76gfgoydzfggxhaitz0fyeug1nlu.jpg\" alt=\"volvogris\" \/><\/figure><\/div>\t\t\t<\/div>\n\t\t\t\t\t\t\t\n\t\t\t\t\t\t\t\t\t<\/div>\n\t\t\t\t\t\t<\/div>\n\t\t\t\t<\/div>\n\t\t\t\t\t<\/div>\n\t\t<\/div>\n\t\t\t\t\t<\/div>\n\t\t<\/section>\n\t\t\t\t<\/div>","protected":false},"excerpt":{"rendered":"<p>Nuestra Historia Sobre Hospitality. Especialistas en crear espacios corporativos. Esp\u00edritu de servicio, perfecci\u00f3n en la ejecuci\u00f3n, eficiencia y pasi\u00f3n por el trabajo. En 1993 nace Hospitality con el prop\u00f3sito claro de materializar un servicio de calidad a sus clientes sin que la ubicaci\u00f3n de estos fuera un factor condicionante.\u00a0 A d\u00eda de hoy, con cientos de servicios alrededor del mundo, &hellip;<\/p>","protected":false},"author":1,"featured_media":3824,"parent":0,"menu_order":0,"comment_status":"closed","ping_status":"closed","template":"blank-builder.php","meta":{"footnotes":""},"class_list":["post-607","page","type-page","status-publish","has-post-thumbnail","hentry"],"_links":{"self":[{"href":"https:\/\/hospitality.es\/en\/wp-json\/wp\/v2\/pages\/607","targetHints":{"allow":["GET"]}}],"collection":[{"href":"https:\/\/hospitality.es\/en\/wp-json\/wp\/v2\/pages"}],"about":[{"href":"https:\/\/hospitality.es\/en\/wp-json\/wp\/v2\/types\/page"}],"author":[{"embeddable":true,"href":"https:\/\/hospitality.es\/en\/wp-json\/wp\/v2\/users\/1"}],"replies":[{"embeddable":true,"href":"https:\/\/hospitality.es\/en\/wp-json\/wp\/v2\/comments?post=607"}],"version-history":[{"count":30,"href":"https:\/\/hospitality.es\/en\/wp-json\/wp\/v2\/pages\/607\/revisions"}],"predecessor-version":[{"id":5363,"href":"https:\/\/hospitality.es\/en\/wp-json\/wp\/v2\/pages\/607\/revisions\/5363"}],"wp:featuredmedia":[{"embeddable":true,"href":"https:\/\/hospitality.es\/en\/wp-json\/wp\/v2\/media\/3824"}],"wp:attachment":[{"href":"https:\/\/hospitality.es\/en\/wp-json\/wp\/v2\/media?parent=607"}],"curies":[{"name":"wp","href":"https:\/\/api.w.org\/{rel}","templated":true}]}}