{"id":629,"date":"2023-05-16T16:15:30","date_gmt":"2023-05-16T16:15:30","guid":{"rendered":"https:\/\/demo.winnertheme.com\/zapedah\/?page_id=629"},"modified":"2025-07-22T05:56:22","modified_gmt":"2025-07-22T05:56:22","slug":"servicios","status":"publish","type":"page","link":"https:\/\/hospitality.es\/en\/servicios\/","title":{"rendered":"SERVICES"},"content":{"rendered":"\t\t<div data-elementor-type=\"wp-page\" data-elementor-id=\"629\" class=\"elementor elementor-629\">\n\t\t\t\t\t\t<section class=\"elementor-section elementor-top-section elementor-element elementor-element-025c92a elementor-section-boxed elementor-section-height-default elementor-section-height-default\" data-id=\"025c92a\" data-element_type=\"section\" data-e-type=\"section\" data-settings=\"{&quot;background_background&quot;:&quot;classic&quot;}\">\n\t\t\t\t\t\t\t<div class=\"elementor-background-overlay\"><\/div>\n\t\t\t\t\t\t\t<div class=\"elementor-container elementor-column-gap-extended\">\n\t\t\t\t\t<div class=\"elementor-column elementor-col-100 elementor-top-column elementor-element elementor-element-b60e745\" data-id=\"b60e745\" data-element_type=\"column\" data-e-type=\"column\">\n\t\t\t<div class=\"elementor-widget-wrap elementor-element-populated\">\n\t\t\t\t\t\t<div class=\"elementor-element elementor-element-03d6b84 elementor-widget elementor-widget-text-editor\" data-id=\"03d6b84\" data-element_type=\"widget\" data-e-type=\"widget\" data-widget_type=\"text-editor.default\">\n\t\t\t\t<div class=\"elementor-widget-container\">\n\t\t\t\t\t\t\t\t\t<p>NUESTRO PROP\u00d3SITO<\/p>\t\t\t\t\t\t\t\t<\/div>\n\t\t\t\t<\/div>\n\t\t\t\t<div class=\"elementor-element elementor-element-2c21a71 elementor-widget elementor-widget-zapedah-title\" data-id=\"2c21a71\" data-element_type=\"widget\" data-e-type=\"widget\" data-widget_type=\"zapedah-title.default\">\n\t\t\t\t<div class=\"elementor-widget-container\">\n\t\t\t\t\t<h2 class=\"content-title\"><font color=\"#ffffff\">Servicios<\/font>.<\/h2>\t\t\t\t<\/div>\n\t\t\t\t<\/div>\n\t\t\t\t\t<\/div>\n\t\t<\/div>\n\t\t\t\t\t<\/div>\n\t\t<\/section>\n\t\t\t\t<section class=\"elementor-section elementor-inner-section elementor-element elementor-element-668c438f elementor-section-boxed elementor-section-height-default elementor-section-height-default\" data-id=\"668c438f\" data-element_type=\"section\" data-e-type=\"section\" data-settings=\"{&quot;background_background&quot;:&quot;classic&quot;}\">\n\t\t\t\t\t\t<div class=\"elementor-container elementor-column-gap-extended\">\n\t\t\t\t\t<div class=\"elementor-column elementor-col-33 elementor-inner-column elementor-element elementor-element-2fd79b8\" data-id=\"2fd79b8\" data-element_type=\"column\" data-e-type=\"column\">\n\t\t\t<div class=\"elementor-widget-wrap elementor-element-populated\">\n\t\t\t\t\t\t<div class=\"elementor-element elementor-element-fa46939 animated-fast elementor-widget elementor-widget-zapedah-title\" data-id=\"fa46939\" data-element_type=\"widget\" data-e-type=\"widget\" data-settings=\"{&quot;_animation&quot;:&quot;none&quot;,&quot;_animation_tablet&quot;:&quot;none&quot;}\" data-widget_type=\"zapedah-title.default\">\n\t\t\t\t<div class=\"elementor-widget-container\">\n\t\t\t\t\t<h2 class=\"content-title\">Unidades de <b>hospitalidad<\/b> <br>corporativa m\u00f3viles<span>.<\/span><\/h2>\t\t\t\t<\/div>\n\t\t\t\t<\/div>\n\t\t\t\t\t<\/div>\n\t\t<\/div>\n\t\t\t\t<div class=\"elementor-column elementor-col-66 elementor-inner-column elementor-element elementor-element-4f56e813 elementor-invisible\" data-id=\"4f56e813\" data-element_type=\"column\" data-e-type=\"column\" data-settings=\"{&quot;animation&quot;:&quot;fadeInRight&quot;}\">\n\t\t\t<div class=\"elementor-widget-wrap elementor-element-populated\">\n\t\t\t\t\t\t<div class=\"elementor-element elementor-element-117606a0 animated-fast elementor-widget elementor-widget-text-editor\" data-id=\"117606a0\" data-element_type=\"widget\" data-e-type=\"widget\" data-settings=\"{&quot;_animation&quot;:&quot;none&quot;,&quot;_animation_tablet&quot;:&quot;none&quot;,&quot;_animation_delay&quot;:200}\" data-widget_type=\"text-editor.default\">\n\t\t\t\t<div class=\"elementor-widget-container\">\n\t\t\t\t\t\t\t\t\t<p>Espacios corporativos m\u00f3viles para eventos, que permiten llevar experiencias \u00fanicas a ubicaciones nunca antes accesibles. <strong>Ofrecemos un soporte \u00e1gil y polivalente adaptable a cada evento.<\/strong><\/p>\t\t\t\t\t\t\t\t<\/div>\n\t\t\t\t<\/div>\n\t\t\t\t\t<\/div>\n\t\t<\/div>\n\t\t\t\t\t<\/div>\n\t\t<\/section>\n\t\t\t\t<section class=\"elementor-section elementor-top-section elementor-element elementor-element-4d3aabf7 elementor-section-full_width elementor-section-height-default elementor-section-height-default\" data-id=\"4d3aabf7\" data-element_type=\"section\" data-e-type=\"section\">\n\t\t\t\t\t\t<div class=\"elementor-container elementor-column-gap-wider\">\n\t\t\t\t\t<div class=\"elementor-column elementor-col-33 elementor-top-column elementor-element elementor-element-11565dba\" data-id=\"11565dba\" data-element_type=\"column\" data-e-type=\"column\" data-settings=\"{&quot;background_background&quot;:&quot;slideshow&quot;,&quot;background_slideshow_gallery&quot;:[{&quot;id&quot;:5537,&quot;url&quot;:&quot;https:\\\/\\\/hospitality.es\\\/wp-content\\\/uploads\\\/2025\\\/07\\\/destacada-units1.jpg&quot;},{&quot;id&quot;:5538,&quot;url&quot;:&quot;https:\\\/\\\/hospitality.es\\\/wp-content\\\/uploads\\\/2025\\\/07\\\/destacada-units2.jpg&quot;},{&quot;id&quot;:5539,&quot;url&quot;:&quot;https:\\\/\\\/hospitality.es\\\/wp-content\\\/uploads\\\/2025\\\/07\\\/destacada-units3.jpg&quot;},{&quot;id&quot;:5540,&quot;url&quot;:&quot;https:\\\/\\\/hospitality.es\\\/wp-content\\\/uploads\\\/2025\\\/07\\\/destacada-units4.jpg&quot;}],&quot;background_slideshow_slide_duration&quot;:3000,&quot;background_slideshow_loop&quot;:&quot;yes&quot;,&quot;background_slideshow_slide_transition&quot;:&quot;fade&quot;,&quot;background_slideshow_transition_duration&quot;:500}\">\n\t\t\t<div class=\"elementor-widget-wrap elementor-element-populated\">\n\t\t\t\t\t\t<div class=\"elementor-element elementor-element-1a54156c elementor-widget elementor-widget-spacer\" data-id=\"1a54156c\" data-element_type=\"widget\" data-e-type=\"widget\" data-widget_type=\"spacer.default\">\n\t\t\t\t<div class=\"elementor-widget-container\">\n\t\t\t\t\t\t\t<div class=\"elementor-spacer\">\n\t\t\t<div class=\"elementor-spacer-inner\"><\/div>\n\t\t<\/div>\n\t\t\t\t\t\t<\/div>\n\t\t\t\t<\/div>\n\t\t\t\t\t<\/div>\n\t\t<\/div>\n\t\t\t\t<div class=\"elementor-column elementor-col-33 elementor-top-column elementor-element elementor-element-29cb3321\" data-id=\"29cb3321\" data-element_type=\"column\" data-e-type=\"column\">\n\t\t\t<div class=\"elementor-widget-wrap elementor-element-populated\">\n\t\t\t\t\t\t<div class=\"elementor-element elementor-element-73af6168 animated-fast elementor-widget elementor-widget-zapedah-title\" data-id=\"73af6168\" data-element_type=\"widget\" data-e-type=\"widget\" data-settings=\"{&quot;_animation&quot;:&quot;none&quot;,&quot;_animation_tablet&quot;:&quot;none&quot;}\" data-widget_type=\"zapedah-title.default\">\n\t\t\t\t<div class=\"elementor-widget-container\">\n\t\t\t\t\t<h2 class=\"content-title\">Unidades de<br><b>Hospitality<\/b><span>.<\/span><\/h2>\t\t\t\t<\/div>\n\t\t\t\t<\/div>\n\t\t\t\t<div class=\"elementor-element elementor-element-3c62cc9b animated-fast elementor-widget elementor-widget-text-editor\" data-id=\"3c62cc9b\" data-element_type=\"widget\" data-e-type=\"widget\" data-settings=\"{&quot;_animation&quot;:&quot;none&quot;,&quot;_animation_tablet&quot;:&quot;none&quot;,&quot;_animation_delay&quot;:200}\" data-widget_type=\"text-editor.default\">\n\t\t\t\t<div class=\"elementor-widget-container\">\n\t\t\t\t\t\t\t\t\t<p>Precisi\u00f3n, dise\u00f1o eficaz y tecnolog\u00eda punta que aseguran la movilidad y \u00e9xito del evento.<\/p>\t\t\t\t\t\t\t\t<\/div>\n\t\t\t\t<\/div>\n\t\t\t\t<div class=\"elementor-element elementor-element-867ada9 elementor-widget__width-initial elementor-widget elementor-widget-text-editor\" data-id=\"867ada9\" data-element_type=\"widget\" data-e-type=\"widget\" data-widget_type=\"text-editor.default\">\n\t\t\t\t<div class=\"elementor-widget-container\">\n\t\t\t\t\t\t\t\t\t<p>Espacios corporativos m\u00f3viles que permiten llevar un evento a localizaciones nunca antes accesibles. Disponemos de diferentes opciones; desde ofrecerte el servicio para eventos puntuales hasta desarrollar el dise\u00f1o de tu unidad m\u00f3vil personalizada.<\/p>\t\t\t\t\t\t\t\t<\/div>\n\t\t\t\t<\/div>\n\t\t\t\t<div class=\"elementor-element elementor-element-77133623 elementor-widget elementor-widget-zapedah-button-text\" data-id=\"77133623\" data-element_type=\"widget\" data-e-type=\"widget\" data-widget_type=\"zapedah-button-text.default\">\n\t\t\t\t<div class=\"elementor-widget-container\">\n\t\t\t\t\t\t\t\n\t\t\t<a class=\"content-btn content-btn-left\" href=\"https:\/\/hospitality.es\/?page_id=3183\">\n\n\t\t\t\t\n\t\t\t\t<span class=\"button-text\">saber m\u00e1s<\/span>\n\t\t\t\t<span class=\"button-sub\"><\/span>\n\t\t\t<\/a>\n\n\t\t\n\t\t\t\t\t<\/div>\n\t\t\t\t<\/div>\n\t\t\t\t\t<\/div>\n\t\t<\/div>\n\t\t\t\t<div class=\"elementor-column elementor-col-33 elementor-top-column elementor-element elementor-element-2dc075b7 elementor-hidden-tablet elementor-hidden-mobile\" data-id=\"2dc075b7\" data-element_type=\"column\" data-e-type=\"column\">\n\t\t\t<div class=\"elementor-widget-wrap\">\n\t\t\t\t\t\t\t<\/div>\n\t\t<\/div>\n\t\t\t\t\t<\/div>\n\t\t<\/section>\n\t\t\t\t<section class=\"elementor-section elementor-top-section elementor-element elementor-element-3e9a8c63 elementor-section-full_width elementor-reverse-mobile elementor-section-height-default elementor-section-height-default\" data-id=\"3e9a8c63\" data-element_type=\"section\" data-e-type=\"section\">\n\t\t\t\t\t\t<div class=\"elementor-container elementor-column-gap-wider\">\n\t\t\t\t\t<div class=\"elementor-column elementor-col-33 elementor-top-column elementor-element elementor-element-67d3b809 elementor-hidden-tablet elementor-hidden-mobile\" data-id=\"67d3b809\" data-element_type=\"column\" data-e-type=\"column\">\n\t\t\t<div class=\"elementor-widget-wrap\">\n\t\t\t\t\t\t\t<\/div>\n\t\t<\/div>\n\t\t\t\t<div class=\"elementor-column elementor-col-33 elementor-top-column elementor-element elementor-element-710a4e22\" data-id=\"710a4e22\" data-element_type=\"column\" data-e-type=\"column\">\n\t\t\t<div class=\"elementor-widget-wrap elementor-element-populated\">\n\t\t\t\t\t\t<div class=\"elementor-element elementor-element-4bbde762 animated-fast elementor-widget elementor-widget-zapedah-title\" data-id=\"4bbde762\" data-element_type=\"widget\" data-e-type=\"widget\" data-settings=\"{&quot;_animation&quot;:&quot;none&quot;,&quot;_animation_tablet&quot;:&quot;none&quot;}\" data-widget_type=\"zapedah-title.default\">\n\t\t\t\t<div class=\"elementor-widget-container\">\n\t\t\t\t\t<h2 class=\"content-title\">Gastro & <b>Catering<\/b><span>.<\/span><\/h2>\t\t\t\t<\/div>\n\t\t\t\t<\/div>\n\t\t\t\t<div class=\"elementor-element elementor-element-394e0476 animated-fast elementor-widget elementor-widget-text-editor\" data-id=\"394e0476\" data-element_type=\"widget\" data-e-type=\"widget\" data-settings=\"{&quot;_animation&quot;:&quot;none&quot;,&quot;_animation_tablet&quot;:&quot;none&quot;,&quot;_animation_delay&quot;:200}\" data-widget_type=\"text-editor.default\">\n\t\t\t\t<div class=\"elementor-widget-container\">\n\t\t\t\t\t\t\t\t\t<p>Despu\u00e9s m\u00e1s de 30 a\u00f1os de experiencia en el sector, ofrecemos una aut\u00e9ntica experiencia gastron\u00f3mica para este tipo de eventos a nivel mundial.<\/p>\t\t\t\t\t\t\t\t<\/div>\n\t\t\t\t<\/div>\n\t\t\t\t<div class=\"elementor-element elementor-element-7382b537 elementor-widget__width-initial elementor-widget elementor-widget-text-editor\" data-id=\"7382b537\" data-element_type=\"widget\" data-e-type=\"widget\" data-widget_type=\"text-editor.default\">\n\t\t\t\t<div class=\"elementor-widget-container\">\n\t\t\t\t\t\t\t\t\t<p>Nuestro servicio de catering ofrece experiencias gastron\u00f3micas memorables.\u00a0<span style=\"color: #818181; font-size: 16px; text-align: justify; font-family: var( --e-global-typography-text-font-family ), Sans-serif; font-weight: var( --e-global-typography-text-font-weight );\">Nuestra presencia y evoluci\u00f3n en el sector de la restauraci\u00f3n durante m\u00e1s de dos d\u00e9cadas, avala nuestra capacidad para poder garantizar el \u00e9xito de cualquier tipo de evento.<\/span><\/p>\t\t\t\t\t\t\t\t<\/div>\n\t\t\t\t<\/div>\n\t\t\t\t<div class=\"elementor-element elementor-element-329cc741 elementor-widget elementor-widget-zapedah-button-text\" data-id=\"329cc741\" data-element_type=\"widget\" data-e-type=\"widget\" data-widget_type=\"zapedah-button-text.default\">\n\t\t\t\t<div class=\"elementor-widget-container\">\n\t\t\t\t\t\t\t\n\t\t\t<a class=\"content-btn content-btn-left\" href=\"#\">\n\n\t\t\t\t\n\t\t\t\t<span class=\"button-text\">saber m\u00e1s<\/span>\n\t\t\t\t<span class=\"button-sub\"><\/span>\n\t\t\t<\/a>\n\n\t\t\n\t\t\t\t\t<\/div>\n\t\t\t\t<\/div>\n\t\t\t\t\t<\/div>\n\t\t<\/div>\n\t\t\t\t<div class=\"elementor-column elementor-col-33 elementor-top-column elementor-element elementor-element-1b3300ed\" data-id=\"1b3300ed\" data-element_type=\"column\" data-e-type=\"column\" data-settings=\"{&quot;background_background&quot;:&quot;slideshow&quot;,&quot;background_slideshow_gallery&quot;:[{&quot;id&quot;:5541,&quot;url&quot;:&quot;https:\\\/\\\/hospitality.es\\\/wp-content\\\/uploads\\\/2025\\\/07\\\/destacada-catering1.jpg&quot;},{&quot;id&quot;:5542,&quot;url&quot;:&quot;https:\\\/\\\/hospitality.es\\\/wp-content\\\/uploads\\\/2025\\\/07\\\/destacada-catering2.jpg&quot;},{&quot;id&quot;:5543,&quot;url&quot;:&quot;https:\\\/\\\/hospitality.es\\\/wp-content\\\/uploads\\\/2025\\\/07\\\/destacada-catering3.jpg&quot;},{&quot;id&quot;:5544,&quot;url&quot;:&quot;https:\\\/\\\/hospitality.es\\\/wp-content\\\/uploads\\\/2025\\\/07\\\/destacada-catering4.jpg&quot;}],&quot;background_slideshow_slide_duration&quot;:4000,&quot;background_slideshow_loop&quot;:&quot;yes&quot;,&quot;background_slideshow_slide_transition&quot;:&quot;fade&quot;,&quot;background_slideshow_transition_duration&quot;:500}\">\n\t\t\t<div class=\"elementor-widget-wrap elementor-element-populated\">\n\t\t\t\t\t\t<div class=\"elementor-element elementor-element-5e0376e9 elementor-widget elementor-widget-spacer\" data-id=\"5e0376e9\" data-element_type=\"widget\" data-e-type=\"widget\" data-widget_type=\"spacer.default\">\n\t\t\t\t<div class=\"elementor-widget-container\">\n\t\t\t\t\t\t\t<div class=\"elementor-spacer\">\n\t\t\t<div class=\"elementor-spacer-inner\"><\/div>\n\t\t<\/div>\n\t\t\t\t\t\t<\/div>\n\t\t\t\t<\/div>\n\t\t\t\t\t<\/div>\n\t\t<\/div>\n\t\t\t\t\t<\/div>\n\t\t<\/section>\n\t\t\t\t<section class=\"elementor-section elementor-top-section elementor-element elementor-element-1a2f3e4 elementor-section-full_width elementor-section-height-default elementor-section-height-default\" data-id=\"1a2f3e4\" data-element_type=\"section\" data-e-type=\"section\">\n\t\t\t\t\t\t<div class=\"elementor-container elementor-column-gap-wider\">\n\t\t\t\t\t<div class=\"elementor-column elementor-col-33 elementor-top-column elementor-element elementor-element-23b1f86\" data-id=\"23b1f86\" data-element_type=\"column\" data-e-type=\"column\" data-settings=\"{&quot;background_background&quot;:&quot;slideshow&quot;,&quot;background_slideshow_gallery&quot;:[{&quot;id&quot;:4298,&quot;url&quot;:&quot;https:\\\/\\\/hospitality.es\\\/wp-content\\\/uploads\\\/2023\\\/08\\\/Leopard_12-scaled.jpg&quot;},{&quot;id&quot;:4300,&quot;url&quot;:&quot;https:\\\/\\\/hospitality.es\\\/wp-content\\\/uploads\\\/2023\\\/08\\\/Ares-Design.jpg&quot;}],&quot;background_slideshow_loop&quot;:&quot;yes&quot;,&quot;background_slideshow_slide_duration&quot;:5000,&quot;background_slideshow_slide_transition&quot;:&quot;fade&quot;,&quot;background_slideshow_transition_duration&quot;:500}\">\n\t\t\t<div class=\"elementor-widget-wrap elementor-element-populated\">\n\t\t\t\t\t\t<div class=\"elementor-element elementor-element-bc667f7 elementor-widget__width-initial elementor-widget elementor-widget-spacer\" data-id=\"bc667f7\" data-element_type=\"widget\" data-e-type=\"widget\" data-widget_type=\"spacer.default\">\n\t\t\t\t<div class=\"elementor-widget-container\">\n\t\t\t\t\t\t\t<div class=\"elementor-spacer\">\n\t\t\t<div class=\"elementor-spacer-inner\"><\/div>\n\t\t<\/div>\n\t\t\t\t\t\t<\/div>\n\t\t\t\t<\/div>\n\t\t\t\t\t<\/div>\n\t\t<\/div>\n\t\t\t\t<div class=\"elementor-column elementor-col-33 elementor-top-column elementor-element elementor-element-f601f0d\" data-id=\"f601f0d\" data-element_type=\"column\" data-e-type=\"column\">\n\t\t\t<div class=\"elementor-widget-wrap elementor-element-populated\">\n\t\t\t\t\t\t<div class=\"elementor-element elementor-element-b540f78 animated-fast elementor-widget elementor-widget-zapedah-title\" data-id=\"b540f78\" data-element_type=\"widget\" data-e-type=\"widget\" data-settings=\"{&quot;_animation&quot;:&quot;none&quot;,&quot;_animation_tablet&quot;:&quot;none&quot;}\" data-widget_type=\"zapedah-title.default\">\n\t\t\t\t<div class=\"elementor-widget-container\">\n\t\t\t\t\t<h2 class=\"content-title\">Hospitality <b>Market<\/b><span>.<\/span><\/h2>\t\t\t\t<\/div>\n\t\t\t\t<\/div>\n\t\t\t\t<div class=\"elementor-element elementor-element-d7d0332 animated-fast elementor-widget elementor-widget-text-editor\" data-id=\"d7d0332\" data-element_type=\"widget\" data-e-type=\"widget\" data-settings=\"{&quot;_animation&quot;:&quot;none&quot;,&quot;_animation_tablet&quot;:&quot;none&quot;,&quot;_animation_delay&quot;:200}\" data-widget_type=\"text-editor.default\">\n\t\t\t\t<div class=\"elementor-widget-container\">\n\t\t\t\t\t\t\t\t\t<p>Hospitality Units<\/p>\t\t\t\t\t\t\t\t<\/div>\n\t\t\t\t<\/div>\n\t\t\t\t<div class=\"elementor-element elementor-element-31050ea elementor-widget__width-initial elementor-widget elementor-widget-text-editor\" data-id=\"31050ea\" data-element_type=\"widget\" data-e-type=\"widget\" data-widget_type=\"text-editor.default\">\n\t\t\t\t<div class=\"elementor-widget-container\">\n\t\t\t\t\t\t\t\t\t<p>En esta secci\u00f3n nos gustar\u00eda dar la oportunidad a equipos y organizaciones que puedan estar interesados en buscar una unidad m\u00f3vil de segunda mano o nueva. Queremos que sea un portal de b\u00fasqueda y que pueda ofrecer las mejores oportunidades del sector<\/p>\t\t\t\t\t\t\t\t<\/div>\n\t\t\t\t<\/div>\n\t\t\t\t<div class=\"elementor-element elementor-element-27e6fb8 elementor-widget elementor-widget-zapedah-button-text\" data-id=\"27e6fb8\" data-element_type=\"widget\" data-e-type=\"widget\" data-widget_type=\"zapedah-button-text.default\">\n\t\t\t\t<div class=\"elementor-widget-container\">\n\t\t\t\t\t\t\t\n\t\t\t<a class=\"content-btn content-btn-left\" href=\"#\">\n\n\t\t\t\t\n\t\t\t\t<span class=\"button-text\">saber m\u00e1s<\/span>\n\t\t\t\t<span class=\"button-sub\"><\/span>\n\t\t\t<\/a>\n\n\t\t\n\t\t\t\t\t<\/div>\n\t\t\t\t<\/div>\n\t\t\t\t\t<\/div>\n\t\t<\/div>\n\t\t\t\t<div class=\"elementor-column elementor-col-33 elementor-top-column elementor-element elementor-element-8556200 elementor-hidden-tablet elementor-hidden-mobile\" data-id=\"8556200\" data-element_type=\"column\" data-e-type=\"column\">\n\t\t\t<div class=\"elementor-widget-wrap\">\n\t\t\t\t\t\t\t<\/div>\n\t\t<\/div>\n\t\t\t\t\t<\/div>\n\t\t<\/section>\n\t\t\t\t<section class=\"elementor-section elementor-top-section elementor-element elementor-element-fe6dee2 elementor-section-full_width elementor-reverse-mobile elementor-section-height-default elementor-section-height-default\" data-id=\"fe6dee2\" data-element_type=\"section\" data-e-type=\"section\">\n\t\t\t\t\t\t<div class=\"elementor-container elementor-column-gap-wider\">\n\t\t\t\t\t<div class=\"elementor-column elementor-col-33 elementor-top-column elementor-element elementor-element-2ed12db elementor-hidden-tablet elementor-hidden-mobile\" data-id=\"2ed12db\" data-element_type=\"column\" data-e-type=\"column\">\n\t\t\t<div class=\"elementor-widget-wrap\">\n\t\t\t\t\t\t\t<\/div>\n\t\t<\/div>\n\t\t\t\t<div class=\"elementor-column elementor-col-33 elementor-top-column elementor-element elementor-element-0fa3f8e\" data-id=\"0fa3f8e\" data-element_type=\"column\" data-e-type=\"column\">\n\t\t\t<div class=\"elementor-widget-wrap elementor-element-populated\">\n\t\t\t\t\t\t<div class=\"elementor-element elementor-element-69f0e18 animated-fast elementor-widget elementor-widget-zapedah-title\" data-id=\"69f0e18\" data-element_type=\"widget\" data-e-type=\"widget\" data-settings=\"{&quot;_animation&quot;:&quot;none&quot;,&quot;_animation_tablet&quot;:&quot;none&quot;}\" data-widget_type=\"zapedah-title.default\">\n\t\t\t\t<div class=\"elementor-widget-container\">\n\t\t\t\t\t<h2 class=\"content-title\">Truck <b>Covers<\/b><span>.<\/span><\/h2>\t\t\t\t<\/div>\n\t\t\t\t<\/div>\n\t\t\t\t<div class=\"elementor-element elementor-element-f57f0b2 animated-fast elementor-widget elementor-widget-text-editor\" data-id=\"f57f0b2\" data-element_type=\"widget\" data-e-type=\"widget\" data-settings=\"{&quot;_animation&quot;:&quot;none&quot;,&quot;_animation_tablet&quot;:&quot;none&quot;,&quot;_animation_delay&quot;:200}\" data-widget_type=\"text-editor.default\">\n\t\t\t\t<div class=\"elementor-widget-container\">\n\t\t\t\t\t\t\t\t\t<p>Mant\u00e9n tu remolque en perfectas condiciones con nuestras truck covers a medida<\/p>\t\t\t\t\t\t\t\t<\/div>\n\t\t\t\t<\/div>\n\t\t\t\t<div class=\"elementor-element elementor-element-29ef9b6 elementor-widget__width-initial elementor-widget elementor-widget-text-editor\" data-id=\"29ef9b6\" data-element_type=\"widget\" data-e-type=\"widget\" data-widget_type=\"text-editor.default\">\n\t\t\t\t<div class=\"elementor-widget-container\">\n\t\t\t\t\t\t\t\t\t<p>Dise\u00f1amos cualquier funda a medida para remolques, utilizando materiales de alta calidad para soportar todas las inclemencias meteorol\u00f3gicas.\u00a0<\/p>\t\t\t\t\t\t\t\t<\/div>\n\t\t\t\t<\/div>\n\t\t\t\t<div class=\"elementor-element elementor-element-d869500 elementor-widget elementor-widget-zapedah-button-text\" data-id=\"d869500\" data-element_type=\"widget\" data-e-type=\"widget\" data-widget_type=\"zapedah-button-text.default\">\n\t\t\t\t<div class=\"elementor-widget-container\">\n\t\t\t\t\t\t\t\n\t\t\t<a class=\"content-btn content-btn-left\" href=\"https:\/\/hospitality.es\/truck-covers\/\">\n\n\t\t\t\t\n\t\t\t\t<span class=\"button-text\">SABER M\u00c1S<\/span>\n\t\t\t\t<span class=\"button-sub\"><\/span>\n\t\t\t<\/a>\n\n\t\t\n\t\t\t\t\t<\/div>\n\t\t\t\t<\/div>\n\t\t\t\t\t<\/div>\n\t\t<\/div>\n\t\t\t\t<div class=\"elementor-column elementor-col-33 elementor-top-column elementor-element elementor-element-dcf8e33\" data-id=\"dcf8e33\" data-element_type=\"column\" data-e-type=\"column\" data-settings=\"{&quot;background_background&quot;:&quot;slideshow&quot;,&quot;background_slideshow_gallery&quot;:[{&quot;id&quot;:4306,&quot;url&quot;:&quot;https:\\\/\\\/hospitality.es\\\/wp-content\\\/uploads\\\/2023\\\/08\\\/truck2.jpg&quot;},{&quot;id&quot;:4305,&quot;url&quot;:&quot;https:\\\/\\\/hospitality.es\\\/wp-content\\\/uploads\\\/2023\\\/08\\\/truck.jpg&quot;}],&quot;background_slideshow_loop&quot;:&quot;yes&quot;,&quot;background_slideshow_slide_duration&quot;:5000,&quot;background_slideshow_slide_transition&quot;:&quot;fade&quot;,&quot;background_slideshow_transition_duration&quot;:500}\">\n\t\t\t<div class=\"elementor-widget-wrap elementor-element-populated\">\n\t\t\t\t\t\t<div class=\"elementor-element elementor-element-a409050 elementor-widget elementor-widget-spacer\" data-id=\"a409050\" data-element_type=\"widget\" data-e-type=\"widget\" data-widget_type=\"spacer.default\">\n\t\t\t\t<div class=\"elementor-widget-container\">\n\t\t\t\t\t\t\t<div class=\"elementor-spacer\">\n\t\t\t<div class=\"elementor-spacer-inner\"><\/div>\n\t\t<\/div>\n\t\t\t\t\t\t<\/div>\n\t\t\t\t<\/div>\n\t\t\t\t\t<\/div>\n\t\t<\/div>\n\t\t\t\t\t<\/div>\n\t\t<\/section>\n\t\t\t\t<\/div>\n\t\t","protected":false},"excerpt":{"rendered":"<p>NUESTRO PROP\u00d3SITO Servicios. Unidades de hospitalidad corporativa m\u00f3viles. Espacios corporativos m\u00f3viles para eventos, que permiten llevar experiencias \u00fanicas a ubicaciones nunca antes accesibles. Ofrecemos un soporte \u00e1gil y polivalente adaptable a cada evento. Unidades deHospitality. Precisi\u00f3n, dise\u00f1o eficaz y tecnolog\u00eda punta que aseguran la movilidad y \u00e9xito del evento. Espacios corporativos m\u00f3viles que permiten llevar un evento a localizaciones nunca &hellip;<\/p>","protected":false},"author":1,"featured_media":4102,"parent":0,"menu_order":0,"comment_status":"closed","ping_status":"closed","template":"blank-builder.php","meta":{"footnotes":""},"class_list":["post-629","page","type-page","status-publish","has-post-thumbnail","hentry"],"_links":{"self":[{"href":"https:\/\/hospitality.es\/en\/wp-json\/wp\/v2\/pages\/629","targetHints":{"allow":["GET"]}}],"collection":[{"href":"https:\/\/hospitality.es\/en\/wp-json\/wp\/v2\/pages"}],"about":[{"href":"https:\/\/hospitality.es\/en\/wp-json\/wp\/v2\/types\/page"}],"author":[{"embeddable":true,"href":"https:\/\/hospitality.es\/en\/wp-json\/wp\/v2\/users\/1"}],"replies":[{"embeddable":true,"href":"https:\/\/hospitality.es\/en\/wp-json\/wp\/v2\/comments?post=629"}],"version-history":[{"count":16,"href":"https:\/\/hospitality.es\/en\/wp-json\/wp\/v2\/pages\/629\/revisions"}],"predecessor-version":[{"id":5547,"href":"https:\/\/hospitality.es\/en\/wp-json\/wp\/v2\/pages\/629\/revisions\/5547"}],"wp:featuredmedia":[{"embeddable":true,"href":"https:\/\/hospitality.es\/en\/wp-json\/wp\/v2\/media\/4102"}],"wp:attachment":[{"href":"https:\/\/hospitality.es\/en\/wp-json\/wp\/v2\/media?parent=629"}],"curies":[{"name":"wp","href":"https:\/\/api.w.org\/{rel}","templated":true}]}}